{"id":706844,"date":"2025-08-27T16:00:30","date_gmt":"2025-08-27T13:00:30","guid":{"rendered":"https:\/\/roveyayinevi.com.tr\/index.php\/urun\/hepsi-sana-miras-kral-lear\/"},"modified":"2026-04-16T02:15:37","modified_gmt":"2026-04-15T23:15:37","slug":"hepsi-sana-miras-kral-lear","status":"publish","type":"product","link":"https:\/\/roveyayinevi.com.tr\/index.php\/urun\/hepsi-sana-miras-kral-lear\/","title":{"rendered":"Hepsi Sana Miras: Kral Lear"},"content":{"rendered":"<p>Daha \u00f6nce krald\u0131n, \u015fimdi evini yan\u0131nda ta\u015f\u0131yan bir salyangozsun. Her \u015feyin vard\u0131, \u015fimdi hi\u00e7bir \u015feyin yok. Senden delisi var m\u0131? Yeterince ya\u015fland\u0131\u011f\u0131na ve daha fazla krall\u0131k yapmak istemedi\u011fini fark eden Kral Lear, \u00fclkesinin topraklar\u0131n\u0131 \u00fc\u00e7 k\u0131z\u0131 aras\u0131nda b\u00f6l\u00fc\u015ft\u00fcrmeye karar verir. Onlar\u0131 yan\u0131na \u00e7a\u011f\u0131r\u0131r ve her birine ayr\u0131 ayr\u0131, kendisini ne kadar sevdiklerini sorar. \u0130ki b\u00fcy\u00fck karde\u015f, Goneril ve Regan, s\u00fcsl\u00fc c\u00fcmlelerle kral\u0131n gururunu ok\u015far. En \u00e7ok sevdi\u011fi k\u00fc\u00e7\u00fck k\u0131z\u0131 Cordelia ise \u015f\u00f6yle cevaplar: &#8220;Bir k\u0131z \u00e7ocu\u011funun babas\u0131n\u0131 ne kadar sevmesi gerekiyorsa o kadar. Ne daha fazla ne daha az.&#8221; Ne var ki kral uzun zamand\u0131r krald\u0131r, dalkavuklukla ve yalan \u00f6vg\u00fclerle zehirlenmi\u015ftir; k\u00fc\u00e7\u00fck k\u0131z\u0131n\u0131n bu abart\u0131s\u0131z c\u00fcmlesinin arkas\u0131ndaki samimiyeti g\u00f6remez. Deliye d\u00f6nen kral, Cordelia&#8217;y\u0131 evlatl\u0131ktan \u00e7\u0131kararak krall\u0131\u011f\u0131n\u0131 di\u011fer iki karde\u015f aras\u0131nda b\u00f6l\u00fc\u015ft\u00fcr\u00fcr. Ama \u00e7ok zaman ge\u00e7meden Goneril ve Regan&#8217;\u0131n ger\u00e7ek niyetleri ortaya \u00e7\u0131kacakt\u0131r. Kendi krall\u0131\u011f\u0131nda evsiz, topraks\u0131z ve askersiz kalan ya\u015fl\u0131 kral, sad\u0131k soytar\u0131s\u0131yla birlikte kendini yollara vurur. Tek bir umudu vard\u0131r: Cordelia&#8217;yla yeniden bir araya gelebilmek.  On kitapl\u0131k Hepsi Sana Miras serisinin sekizinci kitab\u0131nda William Shakespeare&#8217;in \u00f6l\u00fcms\u00fcz eseri Kral Lear&#8217;i, \u0130talya&#8217;n\u0131n en \u00f6nemli yazarlar\u0131ndan Melania G. Mazzucco yeniden anlat\u0131yor, Emanuela Orciari ise resimliyor. Hepsi Sana Miras serisi hakk\u0131nda: Peki Ya Bug\u00fcn\u00fcn B\u00fcy\u00fck Yazarlar\u0131, T\u00fcm Zamanlar\u0131n En B\u00fcy\u00fck Hikayelerini Sana Yeniden Anlatsa.  Unutulmakta olan klasikleri, bug\u00fcn\u00fcn b\u00fcy\u00fck yazarlar\u0131n\u0131n yard\u0131m\u0131yla \u00e7ocuklarla bulu\u015fturmak. \u0130\u015fte Hepsi Sana Miras serisinin amac\u0131 bu. \u00dcnl\u00fc \u0130talyan yazar Alessandro Baricco&#8217;nun d\u00fcnyan\u0131n d\u00f6rt yan\u0131ndaki yazar dostlar\u0131n\u0131 yard\u0131ma \u00e7a\u011f\u0131rmas\u0131 ile ortaya \u00e7\u0131km\u0131\u015f bir &#8220;kurtarma botu&#8221;. Umberto Eco&#8217;dan Jonathan Coe&#8217;ya, Dave Eggers&#8217;tan Ali Smith&#8217;e, g\u00fcn\u00fcm\u00fcz\u00fcn \u00f6nemli yazarlar\u0131 birer klasik se\u00e7ip, bunlar\u0131 sanki kendi \u00e7ocuklar\u0131na anlat\u0131rm\u0131\u015f gibi, etkileyici ama kolay anla\u015f\u0131l\u0131r bir dille yeniden hik\u00e2yelendirdi. \u00dcstelik zaman zaman kendi hayal g\u00fc\u00e7leriyle zenginle\u015ftirmekten de ka\u00e7\u0131nmayarak. Ve yine g\u00fcn\u00fcm\u00fcz\u00fcn \u00f6nemli \u00e7izerleri bu metinleri resimlediler.  Hepsi Sana Miras (\u00f6zg\u00fcn isim: Save The Story) serisinde anlat\u0131m dilinden g\u00f6rsel tasar\u0131ma kadar her \u015fey klasikleri \u00e7ocuklara sevdirmek amac\u0131yla tasarland\u0131. Ama san\u0131r\u0131z yeti\u015fkinler de okurken b\u00fcy\u00fck keyif alacaklar. <\/p>\n","protected":false},"excerpt":{"rendered":"<p>Daha \u00f6nce krald\u0131n, \u015fimdi evini yan\u0131nda ta\u015f\u0131yan bir salyangozsun. Her \u015feyin vard\u0131, \u015fimdi hi\u00e7bir \u015feyin yok. Senden delisi var m\u0131? Yeterince ya\u015fland\u0131\u011f\u0131na ve daha fazla krall\u0131k<span class=\"excerpt-hellip\"> [\u2026]<\/span><\/p>\n","protected":false},"featured_media":0,"template":"","meta":{"_monsterinsights_skip_tracking":false,"_monsterinsights_sitenote_active":false,"_monsterinsights_sitenote_note":"","_monsterinsights_sitenote_category":0},"product_brand":[],"product_cat":[12275,12274],"product_tag":[],"class_list":{"0":"post-706844","1":"product","2":"type-product","3":"status-publish","5":"product_cat-6-12-yas-kitaplari","6":"product_cat-cocuk-ve-genclik-kitaplari","7":"pa_cilt-ciltsiz","8":"pa_tur-kitap","9":"pa_yayinevi-domingo-yayinevi","10":"pa_yazar-melania-g-mazzucco","12":"first","13":"instock","14":"sale","15":"shipping-taxable","16":"purchasable","17":"product-type-simple"},"_links":{"self":[{"href":"https:\/\/roveyayinevi.com.tr\/index.php\/wp-json\/wp\/v2\/product\/706844","targetHints":{"allow":["GET"]}}],"collection":[{"href":"https:\/\/roveyayinevi.com.tr\/index.php\/wp-json\/wp\/v2\/product"}],"about":[{"href":"https:\/\/roveyayinevi.com.tr\/index.php\/wp-json\/wp\/v2\/types\/product"}],"wp:attachment":[{"href":"https:\/\/roveyayinevi.com.tr\/index.php\/wp-json\/wp\/v2\/media?parent=706844"}],"wp:term":[{"taxonomy":"product_brand","embeddable":true,"href":"https:\/\/roveyayinevi.com.tr\/index.php\/wp-json\/wp\/v2\/product_brand?post=706844"},{"taxonomy":"product_cat","embeddable":true,"href":"https:\/\/roveyayinevi.com.tr\/index.php\/wp-json\/wp\/v2\/product_cat?post=706844"},{"taxonomy":"product_tag","embeddable":true,"href":"https:\/\/roveyayinevi.com.tr\/index.php\/wp-json\/wp\/v2\/product_tag?post=706844"}],"curies":[{"name":"wp","href":"https:\/\/api.w.org\/{rel}","templated":true}]}}