{"id":706840,"date":"2025-08-27T16:00:28","date_gmt":"2025-08-27T13:00:28","guid":{"rendered":"https:\/\/roveyayinevi.com.tr\/index.php\/urun\/eglenceli-tarih-7-sinif-okul\/"},"modified":"2026-04-16T02:15:37","modified_gmt":"2026-04-15T23:15:37","slug":"eglenceli-tarih-7-sinif-okul","status":"publish","type":"product","link":"https:\/\/roveyayinevi.com.tr\/index.php\/urun\/eglenceli-tarih-7-sinif-okul\/","title":{"rendered":"E\u011flenceli Tarih 7. S\u0131n\u0131f &#8211; Okul"},"content":{"rendered":"<p>E\u011flenceli Tarih &#8211; 7. S\u0131n\u0131f\u2019ta, sosyal bilgiler dersindeki tarih konular\u0131 anlat\u0131l\u0131yor. Kitapta, Osmanl\u0131\u2019n\u0131n kurulu\u015fu, y\u00fckseli\u015fi ve yapt\u0131\u011f\u0131 sava\u015flar; Co\u011frafya Ke\u015fifl er, Reform ve Ayd\u0131nlanma, Sanayi \u0130nk\u0131lab\u0131, zaman i\u00e7inde bilimin geli\u015fmesi, d\u00fcnyada ekonomik ve sosyal hayat, demokrasinin tarihi konular\u0131 yer al\u0131yor. Karikat\u00fcr bantlar\u0131; resimli s\u00f6zl\u00fckler; farkl\u0131 zamanlarda d\u00fcnyada neler oldu\u011funu g\u00f6steren esprili haritalar; s\u0131n\u0131f\u0131nla, ailenle ya da kendi ba\u015f\u0131na yapabilece\u011fin e\u011flenceli aktiviteler ve bulmacalar konular\u0131 hi\u00e7 s\u0131k\u0131lmadan, hemen \u00f6\u011frenmeni sa\u011flayacak. <\/p>\n","protected":false},"excerpt":{"rendered":"<p>E\u011flenceli Tarih &#8211; 7. S\u0131n\u0131f\u2019ta, sosyal bilgiler dersindeki tarih konular\u0131 anlat\u0131l\u0131yor. Kitapta, Osmanl\u0131\u2019n\u0131n kurulu\u015fu, y\u00fckseli\u015fi ve yapt\u0131\u011f\u0131 sava\u015flar; Co\u011frafya Ke\u015fifl er, Reform ve Ayd\u0131nlanma, Sanayi \u0130nk\u0131lab\u0131,<span class=\"excerpt-hellip\"> [\u2026]<\/span><\/p>\n","protected":false},"featured_media":0,"template":"","meta":{"_monsterinsights_skip_tracking":false,"_monsterinsights_sitenote_active":false,"_monsterinsights_sitenote_note":"","_monsterinsights_sitenote_category":0},"product_brand":[],"product_cat":[12275,12274],"product_tag":[],"class_list":{"0":"post-706840","1":"product","2":"type-product","3":"status-publish","5":"product_cat-6-12-yas-kitaplari","6":"product_cat-cocuk-ve-genclik-kitaplari","7":"pa_cilt-ciltsiz","8":"pa_tur-kitap","9":"pa_yayinevi-dogan-egmont-yayincilik","10":"pa_yazar-senem-kale-hulya-balci","12":"first","13":"instock","14":"sale","15":"shipping-taxable","16":"purchasable","17":"product-type-simple"},"_links":{"self":[{"href":"https:\/\/roveyayinevi.com.tr\/index.php\/wp-json\/wp\/v2\/product\/706840","targetHints":{"allow":["GET"]}}],"collection":[{"href":"https:\/\/roveyayinevi.com.tr\/index.php\/wp-json\/wp\/v2\/product"}],"about":[{"href":"https:\/\/roveyayinevi.com.tr\/index.php\/wp-json\/wp\/v2\/types\/product"}],"wp:attachment":[{"href":"https:\/\/roveyayinevi.com.tr\/index.php\/wp-json\/wp\/v2\/media?parent=706840"}],"wp:term":[{"taxonomy":"product_brand","embeddable":true,"href":"https:\/\/roveyayinevi.com.tr\/index.php\/wp-json\/wp\/v2\/product_brand?post=706840"},{"taxonomy":"product_cat","embeddable":true,"href":"https:\/\/roveyayinevi.com.tr\/index.php\/wp-json\/wp\/v2\/product_cat?post=706840"},{"taxonomy":"product_tag","embeddable":true,"href":"https:\/\/roveyayinevi.com.tr\/index.php\/wp-json\/wp\/v2\/product_tag?post=706840"}],"curies":[{"name":"wp","href":"https:\/\/api.w.org\/{rel}","templated":true}]}}