{"id":706831,"date":"2025-08-27T15:59:49","date_gmt":"2025-08-27T12:59:49","guid":{"rendered":"https:\/\/roveyayinevi.com.tr\/index.php\/urun\/hankah\/"},"modified":"2026-04-16T02:15:37","modified_gmt":"2026-04-15T23:15:37","slug":"hankah","status":"publish","type":"product","link":"https:\/\/roveyayinevi.com.tr\/index.php\/urun\/hankah\/","title":{"rendered":"Hankah"},"content":{"rendered":"<p>Atat\u00fcrk hakk\u0131nda ilk kez: Sadece cumhurba\u015fkanlar\u0131n\u0131n okuyabildi\u011fi Atat\u00fcrk\u2019\u00fcn s\u0131r k\u00fct\u00fcphanesindeki dini kitaplar hangi Melami ehline ait? TBMM\u2019nin ilk a\u00e7\u0131l\u0131\u015f g\u00fcn\u00fcnde ya\u015fananlar\u0131n Melami b\u00fcy\u00fcklerinden Abd\u00fclkadir Belhi ile ili\u015fkisi neydi? An\u0131tkabir\u2019deki s\u0131r: Ahitname Duas\u0131 ve Melami mezar ta\u015f\u0131 ger\u00e7e\u011fi. K\u00f6pr\u00fcl\u00fcler d\u00f6neminde ba\u015flat\u0131lan projenin Atat\u00fcrk ile olan ba\u011f\u0131 neydi? T\u00fcrk tarihine ait ilk kez a\u00e7\u0131klanan kadim s\u0131rlar: T\u00fcrk hankah gelene\u011finin kodlar\u0131: 17 say\u0131s\u0131, Y\u0131ld\u0131r\u0131m Ku\u015fu ve \u00dc\u00e7 Hilal sembol\u00fc. Japonlar, K\u0131z\u0131lderililer ve S\u00fcmerlerde hankah gelene\u011finin izleri neler? K\u00fcltigin Yaz\u0131tlar\u0131\u2019na ait ilk kez a\u00e7\u0131klanan hankahl\u0131k kodlar\u0131n\u0131n de\u015fifresi. Fatih Sultan Mehmet\u2019in, Ey\u00fcp Camii\u2019nin mimarisine gizletti\u011fi kadim s\u0131r neydi? Hank\u00e2h ehli Melamiler kimlerdi? Hank\u00e2hlar ve F\u00fct\u00fcvvet Te\u015fkilat\u0131 aras\u0131ndaki gizlenen ba\u011f. K\u00f6pr\u00fcl\u00fcler devrinde Osmanl\u0131\u2019n\u0131n \u00e7\u00f6k\u00fc\u015f\u00fcn\u00fcn engellenmesi i\u00e7in ba\u015flat\u0131lan dirili\u015f projesi ve Yeni Cami\u2019deki kadim T\u00fcrk sembol\u00fc. \u0130\u00e7 i\u00e7e ge\u00e7mi\u015f \u00fc\u00e7 hilal m\u00fch\u00fcrl\u00fc harita ve II. Abd\u00fclhamit Han\u2019a ait belgeler. Pagan d\u00fcnyan\u0131n \u00fcst akl\u0131 ve en gizli inanc\u0131na ait ilk kez a\u00e7\u0131klanan gizemli s\u0131rlar: Atlantis\u2019ten Kadim M\u0131s\u0131r\u2019a, Helen uygarl\u0131\u011f\u0131ndan Roma\u2019ya, Babil\u2019den Perslere ve \u00c7in\u2019e kadar ilk kez a\u00e7\u0131klanan bilgi ve belgeleriyle \u201cGizli Dokuzlar K\u00fclt\u00fc ve 10\u2019lar Konseyi\u201d inanc\u0131n\u0131n izleri. Kutsal Ate\u015f, \u00d6l\u00fcm*s\u00fczl\u00fck \u0130ksiri (Y\u0131lan\u0131n Yolu), \u00fc\u00e7gen sembol\u00fcn\u00fcn bilinmeyenleri. Sand\u0131\u011f\u0131n m\u00fchr\u00fc O\u2019nun 1500 y\u0131ll\u0131k s\u0131rr\u0131n\u0131 ilk kez a\u00e7\u0131klamak i\u00e7in s\u00f6k\u00fcl\u00fcyor: Babil Kulesi\u2019ni, Ayasofya\u2019ya ba\u011flayan gizemli inan\u00e7 sistemi. 10\u2019lar Konseyi ile Tap\u0131nak\u00e7\u0131lar aras\u0131ndaki ba\u011f: Dante\u2019nin 500 y\u0131ll\u0131k s\u0131rr\u0131. Birle\u015fmi\u015f Milletler\u2019in dahi kontrol edemedi\u011fi 10\u2019lar Konseyi\u2019nin g\u00fcn\u00fcm\u00fczdeki siyasi temsilcileri: G-10. 500 y\u0131ll\u0131k Yapay Din Projesi\u2019nin uzant\u0131lar\u0131: G\u0131lgam\u0131\u015f (\u00d6l\u00fcm*s\u00fczl\u00fck) Projesi ve Arap Bahar\u0131. <\/p>\n","protected":false},"excerpt":{"rendered":"<p>Atat\u00fcrk hakk\u0131nda ilk kez: Sadece cumhurba\u015fkanlar\u0131n\u0131n okuyabildi\u011fi Atat\u00fcrk\u2019\u00fcn s\u0131r k\u00fct\u00fcphanesindeki dini kitaplar hangi Melami ehline ait? TBMM\u2019nin ilk a\u00e7\u0131l\u0131\u015f g\u00fcn\u00fcnde ya\u015fananlar\u0131n Melami b\u00fcy\u00fcklerinden Abd\u00fclkadir Belhi ile<span class=\"excerpt-hellip\"> [\u2026]<\/span><\/p>\n","protected":false},"featured_media":0,"template":"","meta":{"_monsterinsights_skip_tracking":false,"_monsterinsights_sitenote_active":false,"_monsterinsights_sitenote_note":"","_monsterinsights_sitenote_category":0},"product_brand":[],"product_cat":[12370,12304],"product_tag":[],"class_list":{"0":"post-706831","1":"product","2":"type-product","3":"status-publish","5":"product_cat-arastirma-inceleme","6":"product_cat-tarih","7":"pa_cilt-ciltsiz","8":"pa_tur-kitap","9":"pa_yayinevi-destek-yayinlari","10":"pa_yazar-baran-aydin","12":"first","13":"instock","14":"sale","15":"shipping-taxable","16":"purchasable","17":"product-type-simple"},"_links":{"self":[{"href":"https:\/\/roveyayinevi.com.tr\/index.php\/wp-json\/wp\/v2\/product\/706831","targetHints":{"allow":["GET"]}}],"collection":[{"href":"https:\/\/roveyayinevi.com.tr\/index.php\/wp-json\/wp\/v2\/product"}],"about":[{"href":"https:\/\/roveyayinevi.com.tr\/index.php\/wp-json\/wp\/v2\/types\/product"}],"wp:attachment":[{"href":"https:\/\/roveyayinevi.com.tr\/index.php\/wp-json\/wp\/v2\/media?parent=706831"}],"wp:term":[{"taxonomy":"product_brand","embeddable":true,"href":"https:\/\/roveyayinevi.com.tr\/index.php\/wp-json\/wp\/v2\/product_brand?post=706831"},{"taxonomy":"product_cat","embeddable":true,"href":"https:\/\/roveyayinevi.com.tr\/index.php\/wp-json\/wp\/v2\/product_cat?post=706831"},{"taxonomy":"product_tag","embeddable":true,"href":"https:\/\/roveyayinevi.com.tr\/index.php\/wp-json\/wp\/v2\/product_tag?post=706831"}],"curies":[{"name":"wp","href":"https:\/\/api.w.org\/{rel}","templated":true}]}}