{"id":706830,"date":"2025-08-27T15:59:48","date_gmt":"2025-08-27T12:59:48","guid":{"rendered":"https:\/\/roveyayinevi.com.tr\/index.php\/urun\/ates-2\/"},"modified":"2026-04-16T02:15:37","modified_gmt":"2026-04-15T23:15:37","slug":"ates-2","status":"publish","type":"product","link":"https:\/\/roveyayinevi.com.tr\/index.php\/urun\/ates-2\/","title":{"rendered":"Ate\u015f"},"content":{"rendered":"<p>Hayat, sizden artakalanlar\u0131n toplam\u0131d\u0131r: ac\u0131lar\u0131n, a\u015fklar\u0131n, hayallerin\u2026\u201c\u0130yi bildi\u011fim bir \u015fey var. E\u011fer ya\u015fam\u0131m\u0131n bir cellad\u0131 olacaksa o ben olmal\u0131yd\u0131m.Birilerinin insaf\u0131na kalm\u0131\u015f bir ya\u015fam\u0131, korkaklara b\u0131rak\u0131yordum. Yeni bir yol beni bekliyordu ve ben bu yolculu\u011fa \u00e7\u0131kman\u0131n heyecan\u0131 i\u00e7inde \u00e7\u0131rp\u0131n\u0131yordum.E\u011fer siz de bir g\u00fcn yolunuzu kaybedecek olursan\u0131z, o yolu bir daha aramay\u0131n; b\u0131rak\u0131n o yollarda ba\u015fkalar\u0131 y\u00fcr\u00fcs\u00fcn. Siz kendinize hen\u00fcz hi\u00e7 kimsenin y\u00fcr\u00fcmedi\u011fi yeni bir yol bulun, neyle kar\u015f\u0131la\u015faca\u011f\u0131n\u0131z\u0131 bilmeseniz de\u2026\u201dAte\u015f, ta\u015fradaki kabu\u011funu k\u0131rmak i\u00e7in yola \u00e7\u0131kan gen\u00e7 bir erke\u011fin maceras\u0131n\u0131 anlat\u0131yor. \u0130lk a\u015fklar\u0131n acemiliklerini ve hayal k\u0131r\u0131kl\u0131klar\u0131n\u0131, \u015fimdiye kadar hi\u00e7 kimsenin denemedi\u011fi bir samimiyet ve cesaretle anlat\u0131yor. \u00d6zg\u00fcrl\u00fc\u011f\u00fcn ke\u015ffine varan sonsuz yolculu\u011fun b\u00fct\u00fcn ini\u015f ve \u00e7\u0131k\u0131\u015flar\u0131n\u0131 hi\u00e7 sak\u0131nmadan dile getiriyor. \u0130nsan\u0131n kendini bulmas\u0131 i\u00e7in \u00f6nce kendisinden ve bildi\u011fi her \u015feyden cesurca ayr\u0131lmas\u0131 gerekti\u011fini bize g\u00f6steriyor.Bilinmeyen cenneti arayanlara&#8230;<\/p>\n","protected":false},"excerpt":{"rendered":"<p>Hayat, sizden artakalanlar\u0131n toplam\u0131d\u0131r: ac\u0131lar\u0131n, a\u015fklar\u0131n, hayallerin\u2026\u201c\u0130yi bildi\u011fim bir \u015fey var. E\u011fer ya\u015fam\u0131m\u0131n bir cellad\u0131 olacaksa o ben olmal\u0131yd\u0131m.Birilerinin insaf\u0131na kalm\u0131\u015f bir ya\u015fam\u0131, korkaklara b\u0131rak\u0131yordum. Yeni<span class=\"excerpt-hellip\"> [\u2026]<\/span><\/p>\n","protected":false},"featured_media":0,"template":"","meta":{"_monsterinsights_skip_tracking":false,"_monsterinsights_sitenote_active":false,"_monsterinsights_sitenote_note":"","_monsterinsights_sitenote_category":0},"product_brand":[],"product_cat":[12291,12292],"product_tag":[],"class_list":{"0":"post-706830","1":"product","2":"type-product","3":"status-publish","5":"product_cat-edebiyat","6":"product_cat-turk-edebiyati","7":"pa_cilt-ciltsiz","8":"pa_tur-kitap","9":"pa_yayinevi-destek-yayinlari","10":"pa_yazar-erturk-aksun","12":"first","13":"instock","14":"sale","15":"shipping-taxable","16":"purchasable","17":"product-type-simple"},"_links":{"self":[{"href":"https:\/\/roveyayinevi.com.tr\/index.php\/wp-json\/wp\/v2\/product\/706830","targetHints":{"allow":["GET"]}}],"collection":[{"href":"https:\/\/roveyayinevi.com.tr\/index.php\/wp-json\/wp\/v2\/product"}],"about":[{"href":"https:\/\/roveyayinevi.com.tr\/index.php\/wp-json\/wp\/v2\/types\/product"}],"wp:attachment":[{"href":"https:\/\/roveyayinevi.com.tr\/index.php\/wp-json\/wp\/v2\/media?parent=706830"}],"wp:term":[{"taxonomy":"product_brand","embeddable":true,"href":"https:\/\/roveyayinevi.com.tr\/index.php\/wp-json\/wp\/v2\/product_brand?post=706830"},{"taxonomy":"product_cat","embeddable":true,"href":"https:\/\/roveyayinevi.com.tr\/index.php\/wp-json\/wp\/v2\/product_cat?post=706830"},{"taxonomy":"product_tag","embeddable":true,"href":"https:\/\/roveyayinevi.com.tr\/index.php\/wp-json\/wp\/v2\/product_tag?post=706830"}],"curies":[{"name":"wp","href":"https:\/\/api.w.org\/{rel}","templated":true}]}}