{"id":706828,"date":"2025-08-27T15:59:48","date_gmt":"2025-08-27T12:59:48","guid":{"rendered":"https:\/\/roveyayinevi.com.tr\/index.php\/urun\/bu-delileri-bir-araya-getirmeyecektiniz\/"},"modified":"2026-04-16T02:15:37","modified_gmt":"2026-04-15T23:15:37","slug":"bu-delileri-bir-araya-getirmeyecektiniz","status":"publish","type":"product","link":"https:\/\/roveyayinevi.com.tr\/index.php\/urun\/bu-delileri-bir-araya-getirmeyecektiniz\/","title":{"rendered":"Bu Delileri Bir Araya Getirmeyecektiniz"},"content":{"rendered":"<p>\u00dclkemizdeki ve b\u00f6lgemizdeki geli\u015fmelerin b\u00fcy\u00fctt\u00fc\u011f\u00fc adeta devlet yap\u0131lanmas\u0131na b\u00fcr\u00fcnen bir ter\u00f6r \u00f6rg\u00fct\u00fc, G\u00fcneydo\u011fu topraklar\u0131n\u0131 kopartmak i\u00e7in son hamlesini yapt\u0131. \u015eehir merkezleri cehenneme d\u00f6nerken, 500\u2019e yak\u0131n \u015fehit verdi\u011fimiz bir m\u00fccadelenin i\u00e7inde bulduk kendimizi. Ter\u00f6r \u00f6rg\u00fct\u00fc hi\u00e7 bilinmeyen y\u00f6ntemlerle sald\u0131r\u0131yor, g\u00fcvenlik g\u00fc\u00e7lerimiz bu sald\u0131r\u0131lara kar\u015f\u0131l\u0131k veriyordu.\u00d6rg\u00fct silahlar\u0131 nereden getirmi\u015fti? Sald\u0131r\u0131 taktikleri neydi? Arkas\u0131ndaki g\u00fc\u00e7ler hangileriydi? Kitab\u0131m\u0131zda bu sorulara yan\u0131t arad\u0131k. Ancak bu kitab\u0131 yazd\u0131ran, m\u00fccadelenin kahramanlar\u0131 oldu. Onlar\u0131 sadece \u015fahadet mertebesine ula\u015ft\u0131klar\u0131nda televizyonda ge\u00e7en altyaz\u0131lardan tan\u0131d\u0131k.Oysa orada vatan vard\u0131.Orada a\u015fklar, sevin\u00e7ler, h\u00fcz\u00fcnler vard\u0131.Orada Seyit Onba\u015f\u0131, Kambur Kerim, Bedir\u2019in aslanlar\u0131, Ulubatl\u0131 Hasan, Attila, Mete Han, Alparslan, Fatih Sultan Mehmet, Mustafa Kemal Atat\u00fcrk, tarihimiz vard\u0131.Orada babalar\u0131n\u0131 asker selam\u0131yla son yolculu\u011funa u\u011furlayan s\u0131n\u0131f arkada\u015flar\u0131m\u0131z Yusuf, Ahmet, Efe, Sevcan, Ertan, Halenur ve daha nicesi vard\u0131.Orada e\u015flerini \u201cVatan sa\u011f olsun!\u201d diyerek ebediyete u\u011furlayan kom\u015fumuz Ay\u015fe Koca, Birg\u00fcl Uygun, \u00d6zlem Efilo\u011flu, Kadriye D\u00fczova, P\u0131nar \u00d6zdemir, Sibel Kulaks\u0131z ve daha niceleri vard\u0131.Orada evinin \u00f6n\u00fcne barikat kurulan, silahla esir edilen, g\u00fcvenlik g\u00fc\u00e7lerinin \u00f6n\u00fcne siper olan Ahmet Amca, Bekir Dede, K\u00fcrt Mehmet, Berivan, Rojda vard\u0131.Orada insan vard\u0131.Bu kitap, o insanlar\u0131n birer altyaz\u0131 de\u011fil, ana, baba, karde\u015f, akraba, kom\u015fu, hem\u015feri oldu\u011funu anlatmak i\u00e7in, vatan\u0131 ve milleti delicesine seven insanlar i\u00e7in yaz\u0131ld\u0131.\u201c\u015eehitler tepesi bo\u015f de\u011filTopra\u011f\u0131n\u0131 kahramanlar bekliyor!Ve bir bayrak dalgalanmak i\u00e7inR\u00fczgar bekliyor!\u201d- Arif Nihat Asya<\/p>\n","protected":false},"excerpt":{"rendered":"<p>\u00dclkemizdeki ve b\u00f6lgemizdeki geli\u015fmelerin b\u00fcy\u00fctt\u00fc\u011f\u00fc adeta devlet yap\u0131lanmas\u0131na b\u00fcr\u00fcnen bir ter\u00f6r \u00f6rg\u00fct\u00fc, G\u00fcneydo\u011fu topraklar\u0131n\u0131 kopartmak i\u00e7in son hamlesini yapt\u0131. \u015eehir merkezleri cehenneme d\u00f6nerken, 500\u2019e yak\u0131n \u015fehit<span class=\"excerpt-hellip\"> [\u2026]<\/span><\/p>\n","protected":false},"featured_media":0,"template":"","meta":{"_monsterinsights_skip_tracking":false,"_monsterinsights_sitenote_active":false,"_monsterinsights_sitenote_note":"","_monsterinsights_sitenote_category":0},"product_brand":[],"product_cat":[13590,12337],"product_tag":[],"class_list":{"0":"post-706828","1":"product","2":"type-product","3":"status-publish","5":"product_cat-arastirma-inceleme-politika-siyaset","6":"product_cat-politika-siyaset","7":"pa_cilt-ciltsiz","8":"pa_tur-kitap","9":"pa_yayinevi-destek-yayinlari","10":"pa_yazar-ceyhun-bozkurt","12":"first","13":"instock","14":"sale","15":"shipping-taxable","16":"purchasable","17":"product-type-simple"},"_links":{"self":[{"href":"https:\/\/roveyayinevi.com.tr\/index.php\/wp-json\/wp\/v2\/product\/706828","targetHints":{"allow":["GET"]}}],"collection":[{"href":"https:\/\/roveyayinevi.com.tr\/index.php\/wp-json\/wp\/v2\/product"}],"about":[{"href":"https:\/\/roveyayinevi.com.tr\/index.php\/wp-json\/wp\/v2\/types\/product"}],"wp:attachment":[{"href":"https:\/\/roveyayinevi.com.tr\/index.php\/wp-json\/wp\/v2\/media?parent=706828"}],"wp:term":[{"taxonomy":"product_brand","embeddable":true,"href":"https:\/\/roveyayinevi.com.tr\/index.php\/wp-json\/wp\/v2\/product_brand?post=706828"},{"taxonomy":"product_cat","embeddable":true,"href":"https:\/\/roveyayinevi.com.tr\/index.php\/wp-json\/wp\/v2\/product_cat?post=706828"},{"taxonomy":"product_tag","embeddable":true,"href":"https:\/\/roveyayinevi.com.tr\/index.php\/wp-json\/wp\/v2\/product_tag?post=706828"}],"curies":[{"name":"wp","href":"https:\/\/api.w.org\/{rel}","templated":true}]}}