{"id":706825,"date":"2025-08-27T15:59:47","date_gmt":"2025-08-27T12:59:47","guid":{"rendered":"https:\/\/roveyayinevi.com.tr\/index.php\/urun\/beyin-senin-hikayen\/"},"modified":"2026-04-16T02:15:37","modified_gmt":"2026-04-15T23:15:37","slug":"beyin-senin-hikayen","status":"publish","type":"product","link":"https:\/\/roveyayinevi.com.tr\/index.php\/urun\/beyin-senin-hikayen\/","title":{"rendered":"Beyin &#8211; Senin Hikayen"},"content":{"rendered":"<p>Bu, Beyninin Ya\u015fad\u0131klar\u0131nla Birlikte Nas\u0131l \u015eekillendi\u011finin ve Ya\u015fam\u0131n\u0131n Beynin Taraf\u0131ndan Nas\u0131l \u015eekillendirildi\u011finin Hikayesi.B\u00fcy\u00fck ilgi g\u00f6ren kitab\u0131 Incognito ile n\u00f6robilimi geni\u015f kitlelerle bulu\u015fturan David Eagleman, bizi i\u00e7imizdeki kozmosa do\u011fru h\u0131zl\u0131 ve nefes kesici bir yolculu\u011fa \u00e7\u0131kar\u0131yor: Ger\u00e7ek nedir? \u201cSen\u201d kimsin? Nas\u0131l karar veriyorsun? Beynin neden ba\u015fkalar\u0131na ihtiya\u00e7 duyuyor? Teknoloji \u201cinsan olmak\u201d\u0131n anlam\u0131n\u0131 de\u011fi\u015ftirebilir mi?Durak durak ilerleyen bu b\u00fcy\u00fcleyici yolculuk ekstrem sporlar d\u00fcnyas\u0131ndan ceza hukukuna, y\u00fcz ifademizden beyin ameliyatlar\u0131na, i\u00e7g\u00fcd\u00fclerden \u00f6l\u00fcms\u00fczl\u00fck aray\u0131\u015f\u0131na kadar uzan\u0131yor. Yol \u00fcst\u00fcnde, muazzam karma\u015f\u0131kl\u0131k bar\u0131nd\u0131ran beyin h\u00fccreleri ve onlar\u0131 birbirine ba\u011flayan trilyonlarca sinirin aras\u0131nda g\u00f6rmeyi pek de beklemedi\u011finiz bir \u015fey beliriyor: kendiniz.&#8221;N\u00f6robilimin dahice yaz\u0131lm\u0131\u015f hali. Soluksuz okunuyor.\u201d- Guardian<\/p>\n","protected":false},"excerpt":{"rendered":"<p>Bu, Beyninin Ya\u015fad\u0131klar\u0131nla Birlikte Nas\u0131l \u015eekillendi\u011finin ve Ya\u015fam\u0131n\u0131n Beynin Taraf\u0131ndan Nas\u0131l \u015eekillendirildi\u011finin Hikayesi.B\u00fcy\u00fck ilgi g\u00f6ren kitab\u0131 Incognito ile n\u00f6robilimi geni\u015f kitlelerle bulu\u015fturan David Eagleman, bizi i\u00e7imizdeki<span class=\"excerpt-hellip\"> [\u2026]<\/span><\/p>\n","protected":false},"featured_media":0,"template":"","meta":{"_monsterinsights_skip_tracking":false,"_monsterinsights_sitenote_active":false,"_monsterinsights_sitenote_note":"","_monsterinsights_sitenote_category":0},"product_brand":[],"product_cat":[13005,13006],"product_tag":[],"class_list":{"0":"post-706825","1":"product","2":"type-product","3":"status-publish","5":"product_cat-bilim-muhendislik","6":"product_cat-populer-bilim","7":"pa_cilt-ciltsiz","8":"pa_tur-kitap","9":"pa_yayinevi-domingo-yayinevi","10":"pa_yazar-david-eagleman","12":"first","13":"instock","14":"sale","15":"shipping-taxable","16":"purchasable","17":"product-type-simple"},"_links":{"self":[{"href":"https:\/\/roveyayinevi.com.tr\/index.php\/wp-json\/wp\/v2\/product\/706825","targetHints":{"allow":["GET"]}}],"collection":[{"href":"https:\/\/roveyayinevi.com.tr\/index.php\/wp-json\/wp\/v2\/product"}],"about":[{"href":"https:\/\/roveyayinevi.com.tr\/index.php\/wp-json\/wp\/v2\/types\/product"}],"wp:attachment":[{"href":"https:\/\/roveyayinevi.com.tr\/index.php\/wp-json\/wp\/v2\/media?parent=706825"}],"wp:term":[{"taxonomy":"product_brand","embeddable":true,"href":"https:\/\/roveyayinevi.com.tr\/index.php\/wp-json\/wp\/v2\/product_brand?post=706825"},{"taxonomy":"product_cat","embeddable":true,"href":"https:\/\/roveyayinevi.com.tr\/index.php\/wp-json\/wp\/v2\/product_cat?post=706825"},{"taxonomy":"product_tag","embeddable":true,"href":"https:\/\/roveyayinevi.com.tr\/index.php\/wp-json\/wp\/v2\/product_tag?post=706825"}],"curies":[{"name":"wp","href":"https:\/\/api.w.org\/{rel}","templated":true}]}}