{"id":706819,"date":"2025-08-27T15:59:44","date_gmt":"2025-08-27T12:59:44","guid":{"rendered":"https:\/\/roveyayinevi.com.tr\/index.php\/urun\/gecmisin-izleri-atasozleri\/"},"modified":"2026-04-16T02:15:37","modified_gmt":"2026-04-15T23:15:37","slug":"gecmisin-izleri-atasozleri","status":"publish","type":"product","link":"https:\/\/roveyayinevi.com.tr\/index.php\/urun\/gecmisin-izleri-atasozleri\/","title":{"rendered":"Ge\u00e7mi\u015fin \u0130zleri Atas\u00f6zleri"},"content":{"rendered":"<p>Atas\u00f6z\u00fc sence ne demek?Atas\u00f6zlerimizi \u00f6\u011frenerek yepyeni ke\u015fiflere \u00e7\u0131kmak ister misin?Ge\u00e7mi\u015fin \u0130zleri Atas\u00f6zleri ile atas\u00f6zlerimizi g\u00fcnl\u00fck hayat\u0131nda kullanman, onlar\u0131 keyifle \u00f6\u011frenmen art\u0131k \u00e7ok kolay.Bu kitapla atas\u00f6zlerini e\u011flenerek \u00f6\u011freneceksin. Farkl\u0131 t\u00fcrlerde yaz\u0131lar yazacak, arkada\u015flar\u0131nla oyunlar oynayacak, komik bulmacalar \u00e7\u00f6zecek, yarat\u0131c\u0131 etkinlikler yapacaks\u0131n.Resimli bir s\u00f6zl\u00fck, \u00f6rnek metinler, yarat\u0131c\u0131 yazma y\u00f6nergeleri, oyunlar ve daha fazlas\u0131&#8230;Hepsi bu kitapta sakl\u0131.\ufffcTan\u0131t\u0131m Metni<\/p>\n","protected":false},"excerpt":{"rendered":"<p>Atas\u00f6z\u00fc sence ne demek?Atas\u00f6zlerimizi \u00f6\u011frenerek yepyeni ke\u015fiflere \u00e7\u0131kmak ister misin?Ge\u00e7mi\u015fin \u0130zleri Atas\u00f6zleri ile atas\u00f6zlerimizi g\u00fcnl\u00fck hayat\u0131nda kullanman, onlar\u0131 keyifle \u00f6\u011frenmen art\u0131k \u00e7ok kolay.Bu kitapla atas\u00f6zlerini e\u011flenerek<span class=\"excerpt-hellip\"> [\u2026]<\/span><\/p>\n","protected":false},"featured_media":0,"template":"","meta":{"_monsterinsights_skip_tracking":false,"_monsterinsights_sitenote_active":false,"_monsterinsights_sitenote_note":"","_monsterinsights_sitenote_category":0},"product_brand":[],"product_cat":[12274,12284],"product_tag":[],"class_list":{"0":"post-706819","1":"product","2":"type-product","3":"status-publish","5":"product_cat-cocuk-ve-genclik-kitaplari","6":"product_cat-hikayeler","7":"pa_cilt-ciltsiz","8":"pa_tur-kitap","9":"pa_yayinevi-dogan-egmont-yayincilik","10":"pa_yazar-ece-varol","12":"first","13":"instock","14":"sale","15":"shipping-taxable","16":"purchasable","17":"product-type-simple"},"_links":{"self":[{"href":"https:\/\/roveyayinevi.com.tr\/index.php\/wp-json\/wp\/v2\/product\/706819","targetHints":{"allow":["GET"]}}],"collection":[{"href":"https:\/\/roveyayinevi.com.tr\/index.php\/wp-json\/wp\/v2\/product"}],"about":[{"href":"https:\/\/roveyayinevi.com.tr\/index.php\/wp-json\/wp\/v2\/types\/product"}],"wp:attachment":[{"href":"https:\/\/roveyayinevi.com.tr\/index.php\/wp-json\/wp\/v2\/media?parent=706819"}],"wp:term":[{"taxonomy":"product_brand","embeddable":true,"href":"https:\/\/roveyayinevi.com.tr\/index.php\/wp-json\/wp\/v2\/product_brand?post=706819"},{"taxonomy":"product_cat","embeddable":true,"href":"https:\/\/roveyayinevi.com.tr\/index.php\/wp-json\/wp\/v2\/product_cat?post=706819"},{"taxonomy":"product_tag","embeddable":true,"href":"https:\/\/roveyayinevi.com.tr\/index.php\/wp-json\/wp\/v2\/product_tag?post=706819"}],"curies":[{"name":"wp","href":"https:\/\/api.w.org\/{rel}","templated":true}]}}