{"id":706818,"date":"2025-08-27T15:59:44","date_gmt":"2025-08-27T12:59:44","guid":{"rendered":"https:\/\/roveyayinevi.com.tr\/index.php\/urun\/terapi-defteri\/"},"modified":"2026-04-16T02:15:37","modified_gmt":"2026-04-15T23:15:37","slug":"terapi-defteri","status":"publish","type":"product","link":"https:\/\/roveyayinevi.com.tr\/index.php\/urun\/terapi-defteri\/","title":{"rendered":"Terapi Defteri"},"content":{"rendered":"<p>\u00dc\u00e7 ki\u015fi yanl\u0131\u015f anlayacak diye do\u011fru anlayacak y\u00fcz ki\u015fiden kendinizi mahrum etmeyin.De\u011fi\u015fim ve geli\u015fme sonu olmayan bir yolculuk. Nirvana\u2019ya kadar yolu var.\u00d6nemli olan hayat\u0131n en temel alanlar\u0131nda doyum duygusunu hissediyor olman\u0131z.Kendinize yapabilece\u011finiz en b\u00fcy\u00fck k\u00f6t\u00fcl\u00fck, mutsuzlu\u011fu kan\u0131ksamak.Hayat\u0131n\u0131z\u0131, istemedi\u011finiz \u015feylerden ka\u00e7arak ge\u00e7irmeyi de se\u00e7ebilirsiniz, istedi\u011finiz \u015feylerin arkas\u0131ndan giderek de.Se\u00e7im sizin.<\/p>\n","protected":false},"excerpt":{"rendered":"<p>\u00dc\u00e7 ki\u015fi yanl\u0131\u015f anlayacak diye do\u011fru anlayacak y\u00fcz ki\u015fiden kendinizi mahrum etmeyin.De\u011fi\u015fim ve geli\u015fme sonu olmayan bir yolculuk. Nirvana\u2019ya kadar yolu var.\u00d6nemli olan hayat\u0131n en temel<span class=\"excerpt-hellip\"> [\u2026]<\/span><\/p>\n","protected":false},"featured_media":0,"template":"","meta":{"_monsterinsights_skip_tracking":false,"_monsterinsights_sitenote_active":false,"_monsterinsights_sitenote_note":"","_monsterinsights_sitenote_category":0},"product_brand":[],"product_cat":[12358,12357],"product_tag":[],"class_list":{"0":"post-706818","1":"product","2":"type-product","3":"status-publish","5":"product_cat-genel-psikoloji","6":"product_cat-psikoloji","7":"pa_cilt-ciltsiz","8":"pa_tur-kitap","9":"pa_yayinevi-dogan-novus","10":"pa_yazar-deniz-bolsoy-erdem","12":"first","13":"instock","14":"sale","15":"shipping-taxable","16":"purchasable","17":"product-type-simple"},"_links":{"self":[{"href":"https:\/\/roveyayinevi.com.tr\/index.php\/wp-json\/wp\/v2\/product\/706818","targetHints":{"allow":["GET"]}}],"collection":[{"href":"https:\/\/roveyayinevi.com.tr\/index.php\/wp-json\/wp\/v2\/product"}],"about":[{"href":"https:\/\/roveyayinevi.com.tr\/index.php\/wp-json\/wp\/v2\/types\/product"}],"wp:attachment":[{"href":"https:\/\/roveyayinevi.com.tr\/index.php\/wp-json\/wp\/v2\/media?parent=706818"}],"wp:term":[{"taxonomy":"product_brand","embeddable":true,"href":"https:\/\/roveyayinevi.com.tr\/index.php\/wp-json\/wp\/v2\/product_brand?post=706818"},{"taxonomy":"product_cat","embeddable":true,"href":"https:\/\/roveyayinevi.com.tr\/index.php\/wp-json\/wp\/v2\/product_cat?post=706818"},{"taxonomy":"product_tag","embeddable":true,"href":"https:\/\/roveyayinevi.com.tr\/index.php\/wp-json\/wp\/v2\/product_tag?post=706818"}],"curies":[{"name":"wp","href":"https:\/\/api.w.org\/{rel}","templated":true}]}}