{"id":706817,"date":"2025-08-27T15:59:44","date_gmt":"2025-08-27T12:59:44","guid":{"rendered":"https:\/\/roveyayinevi.com.tr\/index.php\/urun\/ozgurlugun-elli-tonu\/"},"modified":"2026-04-16T02:15:37","modified_gmt":"2026-04-15T23:15:37","slug":"ozgurlugun-elli-tonu","status":"publish","type":"product","link":"https:\/\/roveyayinevi.com.tr\/index.php\/urun\/ozgurlugun-elli-tonu\/","title":{"rendered":"\u00d6zg\u00fcrl\u00fc\u011f\u00fcn Elli Tonu"},"content":{"rendered":"<p>Toy ve masum Anastasia Steele, ne istedi\u011fini bilen, g\u00f6z kama\u015ft\u0131r\u0131c\u0131 gen\u00e7 giri\u015fimci Christian Grey\u2019le tan\u0131\u015ft\u0131\u011f\u0131nda her ikisinin de hayat\u0131n\u0131 geri d\u00f6n\u00fclmez bi\u00e7imde de\u011fi\u015ftirecek \u015fehvet dolu bir ili\u015fkinin fitili ate\u015flenmi\u015f olur. Christian\u2019\u0131n kendine has erotik zevkleri kar\u015f\u0131s\u0131nda \u015foke olan Ana, ona duydu\u011fu \u00e7ekime engel olamaz, bir yandan da korku duymaya ba\u015flar. Ana daha derin bir ba\u011fl\u0131l\u0131k istemektedir. Onu yan\u0131nda tutmaya kesin kararl\u0131 olan Christian, Ana\u2019n\u0131n iste\u011fini kabul eder. \u015eimdi Christian ve Ana her \u015feye sahiptir \u2013 a\u015fk, tutku, yak\u0131nl\u0131k, zenginlik ve sonsuz olas\u0131l\u0131klarla dolu bir gelecek. Yine de Ana, Elli Ton\u2019u sevmenin kolay olmayaca\u011f\u0131n\u0131n, birlikte olmalar\u0131n\u0131n ikisinin de tahmin edemeyece\u011fi zorluklar yarataca\u011f\u0131n\u0131n fark\u0131ndad\u0131r. Kendi kimli\u011fini kaybetmeden Christian\u2019\u0131n g\u00f6steri\u015fli hayat\u0131n\u0131 payla\u015fmay\u0131 bir \u015fekilde \u00f6\u011frenmesi gerekmektedir. Christian\u2019\u0131n ise yaral\u0131 ge\u00e7mi\u015finden gelen canavarlarla bo\u011fu\u015furken kontrol etme saplant\u0131s\u0131n\u0131 alt etmesi. Birlikte olmalar\u0131n\u0131n yaratt\u0131\u011f\u0131 g\u00fc\u00e7le, tam her t\u00fcrl\u00fc zorlu\u011fu, talihsizli\u011fi ve k\u00f6t\u00fcl\u00fc\u011f\u00fc yenebileceklerini d\u00fc\u015f\u00fcnd\u00fckleri anda kader Ana\u2019n\u0131n en derin korkular\u0131n\u0131 ger\u00e7e\u011fe d\u00f6n\u00fc\u015ft\u00fcrmek i\u00e7in \u00e7arklar\u0131n\u0131 d\u00f6nd\u00fcrmeye ba\u015flar.<\/p>\n","protected":false},"excerpt":{"rendered":"<p>Toy ve masum Anastasia Steele, ne istedi\u011fini bilen, g\u00f6z kama\u015ft\u0131r\u0131c\u0131 gen\u00e7 giri\u015fimci Christian Grey\u2019le tan\u0131\u015ft\u0131\u011f\u0131nda her ikisinin de hayat\u0131n\u0131 geri d\u00f6n\u00fclmez bi\u00e7imde de\u011fi\u015ftirecek \u015fehvet dolu bir<span class=\"excerpt-hellip\"> [\u2026]<\/span><\/p>\n","protected":false},"featured_media":0,"template":"","meta":{"_monsterinsights_skip_tracking":false,"_monsterinsights_sitenote_active":false,"_monsterinsights_sitenote_note":"","_monsterinsights_sitenote_category":0},"product_brand":[],"product_cat":[12291,14777],"product_tag":[],"class_list":{"0":"post-706817","1":"product","2":"type-product","3":"status-publish","5":"product_cat-edebiyat","6":"product_cat-fantastik","7":"pa_cilt-ciltsiz","8":"pa_tur-kitap","9":"pa_yayinevi-dogan-kitap","10":"pa_yazar-e-l-james","12":"first","13":"instock","14":"sale","15":"shipping-taxable","16":"purchasable","17":"product-type-simple"},"_links":{"self":[{"href":"https:\/\/roveyayinevi.com.tr\/index.php\/wp-json\/wp\/v2\/product\/706817","targetHints":{"allow":["GET"]}}],"collection":[{"href":"https:\/\/roveyayinevi.com.tr\/index.php\/wp-json\/wp\/v2\/product"}],"about":[{"href":"https:\/\/roveyayinevi.com.tr\/index.php\/wp-json\/wp\/v2\/types\/product"}],"wp:attachment":[{"href":"https:\/\/roveyayinevi.com.tr\/index.php\/wp-json\/wp\/v2\/media?parent=706817"}],"wp:term":[{"taxonomy":"product_brand","embeddable":true,"href":"https:\/\/roveyayinevi.com.tr\/index.php\/wp-json\/wp\/v2\/product_brand?post=706817"},{"taxonomy":"product_cat","embeddable":true,"href":"https:\/\/roveyayinevi.com.tr\/index.php\/wp-json\/wp\/v2\/product_cat?post=706817"},{"taxonomy":"product_tag","embeddable":true,"href":"https:\/\/roveyayinevi.com.tr\/index.php\/wp-json\/wp\/v2\/product_tag?post=706817"}],"curies":[{"name":"wp","href":"https:\/\/api.w.org\/{rel}","templated":true}]}}