{"id":706812,"date":"2025-08-27T15:59:42","date_gmt":"2025-08-27T12:59:42","guid":{"rendered":"https:\/\/roveyayinevi.com.tr\/index.php\/urun\/bilimsel-bir-kultur-teorisi\/"},"modified":"2026-04-16T02:15:37","modified_gmt":"2026-04-15T23:15:37","slug":"bilimsel-bir-kultur-teorisi","status":"publish","type":"product","link":"https:\/\/roveyayinevi.com.tr\/index.php\/urun\/bilimsel-bir-kultur-teorisi\/","title":{"rendered":"Bilimsel Bir K\u00fclt\u00fcr Teorisi"},"content":{"rendered":"<p>20. y\u00fczy\u0131l\u0131n en \u00f6nemli antropologlar\u0131ndan biri olan Bronislaw Malinowski, \u00f6zellikle yapt\u0131\u011f\u0131 saha ara\u015ft\u0131rmalar\u0131yla, ilkel insana kar\u015f\u0131 beslenen k\u00f6t\u00fc bak\u0131\u015f a\u00e7\u0131s\u0131n\u0131 yerle bir etmi\u015ftir. O d\u00f6neme kadar yaln\u0131zca vah\u015fi yarat\u0131klar olarak g\u00f6r\u00fclen ilkellerin de d\u00fc\u015f\u00fcnebilen varl\u0131klar oldu\u011funu g\u00f6stererek be\u015fer\u00ee incelemelerde b\u00fcy\u00fck bir alg\u0131 k\u0131r\u0131lmas\u0131na sebep olmu\u015ftur. Kat\u0131l\u0131mc\u0131 g\u00f6zlem y\u00f6ntemini geli\u015ftirerek ara\u015ft\u0131rmalar\u0131n\u0131 daha g\u00fcvenilir k\u0131lm\u0131\u015f ve Viktoryen d\u00f6neminin \u201cmasa ba\u015f\u0131 filozoflar\u0131\u201dna a\u011f\u0131r bir darbe vurmu\u015ftur.Malinowski\u2019ye g\u00f6re bilim yasalar\u0131n mevcudiyetini g\u00f6stermekte, g\u00f6zlem ve deney i\u00e7in bir \u00e7al\u0131\u015fma alan\u0131 olu\u015fturmakta ve pratik uygulama ile akademik s\u00f6ylem \u00fczerinde bir kontrol sa\u011flamaktad\u0131r. K\u00fclt\u00fcr incelemelerinde insan\u0131n bedensel ihtiya\u00e7lar\u0131n\u0131n temel al\u0131n\u0131lmas\u0131 gerekti\u011fi bu kitapta s\u0131k\u00e7a vurgulamaktad\u0131r. \u0130nsan yap\u0131m\u0131 nesnelerin ve fizyolojik ihtiya\u00e7lar ile k\u00fclt\u00fcrel performans\u0131n aras\u0131ndaki ili\u015fki, i\u015flev teorisiyle a\u00e7\u0131klanmakta ve bu, k\u00fclt\u00fcr teorisinin bilimsel incelenmesinde temel rol oynamaktad\u0131r. Malinowski\u2019ye g\u00f6re toplumsal ya\u015fam\u0131n \u00f6z\u00fc i\u015fbirli\u011finde yatmaktad\u0131r, bu y\u00fczden d\u00fcnyan\u0131n her yerinde insanlar \u00f6rg\u00fctl\u00fc bir \u015fekilde hareket etmektedir. \u00d6rg\u00fctlenmeyi insanl\u0131\u011f\u0131 bir araya getiren geleneksel de\u011ferler k\u00fcmesini olu\u015fturan \u201ckurum\u201d kavram\u0131yla ifade eder ve b\u00f6ylece, kurumsal analiz ve i\u015flev analizi ile birlikte k\u00fclt\u00fcr\u00fc bilimsel bir y\u00f6ntemle inceler. Bunlardan yola \u00e7\u0131karak Malinowski\u2019nin vard\u0131\u011f\u0131 sonu\u00e7 \u015fudur: \u201cYa\u015fad\u0131\u011f\u0131m\u0131z, deneyimledi\u011fimiz ve bilimsel olarak g\u00f6zlemleyebildi\u011fimiz kadar\u0131yla k\u00fclt\u00fcr\u00fcn ana unsuru, insanlar\u0131n kal\u0131c\u0131 gruplar halinde \u00f6rg\u00fctlenmesidir.\u201d<\/p>\n","protected":false},"excerpt":{"rendered":"<p>20. y\u00fczy\u0131l\u0131n en \u00f6nemli antropologlar\u0131ndan biri olan Bronislaw Malinowski, \u00f6zellikle yapt\u0131\u011f\u0131 saha ara\u015ft\u0131rmalar\u0131yla, ilkel insana kar\u015f\u0131 beslenen k\u00f6t\u00fc bak\u0131\u015f a\u00e7\u0131s\u0131n\u0131 yerle bir etmi\u015ftir. O d\u00f6neme kadar<span class=\"excerpt-hellip\"> [\u2026]<\/span><\/p>\n","protected":false},"featured_media":0,"template":"","meta":{"_monsterinsights_skip_tracking":false,"_monsterinsights_sitenote_active":false,"_monsterinsights_sitenote_note":"","_monsterinsights_sitenote_category":0},"product_brand":[],"product_cat":[15499,13488],"product_tag":[],"class_list":{"0":"post-706812","1":"product","2":"type-product","3":"status-publish","5":"product_cat-antropoloji","6":"product_cat-toplum-ve-insan","7":"pa_cilt-ciltsiz","8":"pa_tur-kitap","9":"pa_yayinevi-dogu-bati-yayinlari","10":"pa_yazar-bronislaw-malinowski","12":"first","13":"instock","14":"sale","15":"shipping-taxable","16":"purchasable","17":"product-type-simple"},"_links":{"self":[{"href":"https:\/\/roveyayinevi.com.tr\/index.php\/wp-json\/wp\/v2\/product\/706812","targetHints":{"allow":["GET"]}}],"collection":[{"href":"https:\/\/roveyayinevi.com.tr\/index.php\/wp-json\/wp\/v2\/product"}],"about":[{"href":"https:\/\/roveyayinevi.com.tr\/index.php\/wp-json\/wp\/v2\/types\/product"}],"wp:attachment":[{"href":"https:\/\/roveyayinevi.com.tr\/index.php\/wp-json\/wp\/v2\/media?parent=706812"}],"wp:term":[{"taxonomy":"product_brand","embeddable":true,"href":"https:\/\/roveyayinevi.com.tr\/index.php\/wp-json\/wp\/v2\/product_brand?post=706812"},{"taxonomy":"product_cat","embeddable":true,"href":"https:\/\/roveyayinevi.com.tr\/index.php\/wp-json\/wp\/v2\/product_cat?post=706812"},{"taxonomy":"product_tag","embeddable":true,"href":"https:\/\/roveyayinevi.com.tr\/index.php\/wp-json\/wp\/v2\/product_tag?post=706812"}],"curies":[{"name":"wp","href":"https:\/\/api.w.org\/{rel}","templated":true}]}}