{"id":706811,"date":"2025-08-27T15:59:41","date_gmt":"2025-08-27T12:59:41","guid":{"rendered":"https:\/\/roveyayinevi.com.tr\/index.php\/urun\/mavi-kiz-kahve-cocuk\/"},"modified":"2026-04-16T02:15:37","modified_gmt":"2026-04-15T23:15:37","slug":"mavi-kiz-kahve-cocuk","status":"publish","type":"product","link":"https:\/\/roveyayinevi.com.tr\/index.php\/urun\/mavi-kiz-kahve-cocuk\/","title":{"rendered":"Mavi K\u0131z Kahve \u00c7ocuk"},"content":{"rendered":"<p>Sevdi\u011fi kad\u0131n u\u011fruna, hen\u00fcz gen\u00e7li\u011fe ad\u0131m att\u0131\u011f\u0131 y\u0131llarda i\u015fledi\u011fi cinayetle bir yol ayr\u0131m\u0131na geldi\u011fini d\u00fc\u015f\u00fcnen Kahve \u00c7ocuk, su\u00e7unu itiraf etmeye haz\u0131rlan\u0131rken cinayeti i\u015fledi\u011fini iddia eden ba\u015fka bir failin ortaya \u00e7\u0131kmas\u0131yla asl\u0131nda \u00e7ok daha b\u00fcy\u00fck bir duygusal \u00e7at\u0131\u015fman\u0131n i\u00e7inde bulur kendisini. As\u0131l katil kendisiyken bir ba\u015fkas\u0131n\u0131n h\u00fck\u00fcm giymesine sessiz kalmaya devam edip sevdi\u011fi kad\u0131nla birlikte fakat vicdan azab\u0131 dolu y\u0131llar m\u0131 ge\u00e7irecek yoksa vicdan\u0131yla y\u00fczle\u015fip her \u015feyi kaybetmeyi g\u00f6ze alarak su\u00e7unun cezas\u0131n\u0131 m\u0131 \u00e7ekecek? \u00c7ocuksu masumiyetlerin giderek yitirilmeye ba\u015fland\u0131\u011f\u0131 90\u2019l\u0131 y\u0131llarda i\u015flenen bir cinayetin g\u00f6lgesinde birbirlerine a\u015fkla tutunan Mavi K\u0131z\u2019la Kahve \u00c7ocuk\u2019un bir arada kalma m\u00fccadeleleri, ge\u00e7mi\u015fin travmatik y\u00fczle\u015fmeleriyle iyice yara al\u0131r. Zira ge\u00e7mi\u015f \u201cHat\u0131rlam\u0131yorum&#8230;\u201d demekle h\u00fck\u00fcms\u00fczle\u015fen eski foto\u011fraflar gibi kolayca y\u0131rt\u0131l\u0131p at\u0131lamaz. Derinlikli psikolojik tahlilleriyle romana b\u00fcy\u00fcl\u00fc bir hava katan yazar Berker Okan, \u015fiirsel bir anlat\u0131mla kaleme ald\u0131\u011f\u0131 bu lirik polisiyeyle ad\u0131ndan \u00e7ok s\u00f6z ettirecek. <\/p>\n","protected":false},"excerpt":{"rendered":"<p>Sevdi\u011fi kad\u0131n u\u011fruna, hen\u00fcz gen\u00e7li\u011fe ad\u0131m att\u0131\u011f\u0131 y\u0131llarda i\u015fledi\u011fi cinayetle bir yol ayr\u0131m\u0131na geldi\u011fini d\u00fc\u015f\u00fcnen Kahve \u00c7ocuk, su\u00e7unu itiraf etmeye haz\u0131rlan\u0131rken cinayeti i\u015fledi\u011fini iddia eden ba\u015fka<span class=\"excerpt-hellip\"> [\u2026]<\/span><\/p>\n","protected":false},"featured_media":0,"template":"","meta":{"_monsterinsights_skip_tracking":false,"_monsterinsights_sitenote_active":false,"_monsterinsights_sitenote_note":"","_monsterinsights_sitenote_category":0},"product_brand":[],"product_cat":[12291,12711],"product_tag":[],"class_list":{"0":"post-706811","1":"product","2":"type-product","3":"status-publish","5":"product_cat-edebiyat","6":"product_cat-roman-oyku","7":"pa_cilt-ciltsiz","8":"pa_tur-kitap","9":"pa_yayinevi-destek-yayinlari","10":"pa_yazar-berker-okan","12":"first","13":"instock","14":"sale","15":"shipping-taxable","16":"purchasable","17":"product-type-simple"},"_links":{"self":[{"href":"https:\/\/roveyayinevi.com.tr\/index.php\/wp-json\/wp\/v2\/product\/706811","targetHints":{"allow":["GET"]}}],"collection":[{"href":"https:\/\/roveyayinevi.com.tr\/index.php\/wp-json\/wp\/v2\/product"}],"about":[{"href":"https:\/\/roveyayinevi.com.tr\/index.php\/wp-json\/wp\/v2\/types\/product"}],"wp:attachment":[{"href":"https:\/\/roveyayinevi.com.tr\/index.php\/wp-json\/wp\/v2\/media?parent=706811"}],"wp:term":[{"taxonomy":"product_brand","embeddable":true,"href":"https:\/\/roveyayinevi.com.tr\/index.php\/wp-json\/wp\/v2\/product_brand?post=706811"},{"taxonomy":"product_cat","embeddable":true,"href":"https:\/\/roveyayinevi.com.tr\/index.php\/wp-json\/wp\/v2\/product_cat?post=706811"},{"taxonomy":"product_tag","embeddable":true,"href":"https:\/\/roveyayinevi.com.tr\/index.php\/wp-json\/wp\/v2\/product_tag?post=706811"}],"curies":[{"name":"wp","href":"https:\/\/api.w.org\/{rel}","templated":true}]}}