{"id":706808,"date":"2025-08-27T15:59:40","date_gmt":"2025-08-27T12:59:40","guid":{"rendered":"https:\/\/roveyayinevi.com.tr\/index.php\/urun\/boksor-bocek\/"},"modified":"2026-04-16T02:15:37","modified_gmt":"2026-04-15T23:15:37","slug":"boksor-bocek","status":"publish","type":"product","link":"https:\/\/roveyayinevi.com.tr\/index.php\/urun\/boksor-bocek\/","title":{"rendered":"Boks\u00f6r B\u00f6cek"},"content":{"rendered":"<p>&#8220;Bu yeni edebiyat g\u00fcc\u00fc kar\u015f\u0131s\u0131nda hayranl\u0131ktan nefesim kesiliyor ve bundan sonra ne yapacak diye merakla bekliyorum&#8221; &#8230; Victoria Moore, Daily Mail&#8221;Seth Roach gibi dokuz ayak parmakl\u0131, bast\u0131bacak bir alkolikten trajik bir kahraman \u00e7\u0131karabilmek ciddi bir h\u00fcner gerektirir. Bu sars\u0131c\u0131 zafer Beauman&#8217;\u0131n 21. y\u00fczy\u0131l\u0131n en iyi ger\u00e7ek\u00e7i romanc\u0131lar\u0131ndan beklenen o karma\u015f\u0131k paradoksal ustal\u0131\u011fa sahip oldu\u011funu g\u00f6steriyor: eski ve \u00f6ng\u00f6r\u00fclebilir bir yap\u0131y\u0131 al\u0131p onun yeni ve \u00f6ng\u00f6r\u00fclemeyen ba\u011flant\u0131lar \u00fcretmesini sa\u011flamak&#8221; &#8230; Scarlett Thomas, Guardian Nazi e\u015fyalar\u0131 koleksiyoneri gen\u00e7 bir adam. Bir elli boyunda, dokuz ayak parmakl\u0131, e\u015fcinsel -ve yenilmez- bir Yahudi boks\u00f6r. \u00dcst\u00fcn \u0131rk yaratma \u00e7al\u0131\u015fmalar\u0131 saplant\u0131ya d\u00f6n\u00fc\u015fm\u00fc\u015f bir aristokrat.  \u0130ngiltere&#8217;nin en iyi yeni yazarlar\u0131ndan Ned Beauman&#8217;\u0131n \u015faheseri Boks\u00f6r B\u00f6cek, Tarantino&#8217;nun hen\u00fcz \u00e7ekmedi\u011fi bir filmin karakterlerini al\u0131p onlara belki de t\u00fcm zamanlar\u0131n en \u00fcrk\u00fct\u00fcc\u00fc olmaya aday karakterini ekliyor: \u00dczerinde gamal\u0131 ha\u00e7 i\u015fareti olan bir b\u00f6cek, bir Anophthalmus Hitleri. Boks\u00f6r B\u00f6cek, okurken bir b\u00fcy\u00fck yazar\u0131n ilk sahne ald\u0131\u011f\u0131 ana tan\u0131k oldu\u011funuzu d\u00fc\u015f\u00fcnd\u00fcrten, dizginsiz, \u00e7\u0131\u011f\u0131r\u0131ndan \u00e7\u0131km\u0131\u015f bir roman. <\/p>\n","protected":false},"excerpt":{"rendered":"<p>&#8220;Bu yeni edebiyat g\u00fcc\u00fc kar\u015f\u0131s\u0131nda hayranl\u0131ktan nefesim kesiliyor ve bundan sonra ne yapacak diye merakla bekliyorum&#8221; &#8230; Victoria Moore, Daily Mail&#8221;Seth Roach gibi dokuz ayak parmakl\u0131,<span class=\"excerpt-hellip\"> [\u2026]<\/span><\/p>\n","protected":false},"featured_media":0,"template":"","meta":{"_monsterinsights_skip_tracking":false,"_monsterinsights_sitenote_active":false,"_monsterinsights_sitenote_note":"","_monsterinsights_sitenote_category":0},"product_brand":[],"product_cat":[12718,18102,12719],"product_tag":[],"class_list":{"0":"post-706808","1":"product","2":"type-product","3":"status-publish","5":"product_cat-din","6":"product_cat-edebiyat-roman","7":"product_cat-islam","8":"pa_cilt-ciltsiz","9":"pa_tur-kitap","10":"pa_yayinevi-domingo-yayinevi","11":"pa_yazar-ned-beauman","13":"first","14":"instock","15":"sale","16":"shipping-taxable","17":"purchasable","18":"product-type-simple"},"_links":{"self":[{"href":"https:\/\/roveyayinevi.com.tr\/index.php\/wp-json\/wp\/v2\/product\/706808","targetHints":{"allow":["GET"]}}],"collection":[{"href":"https:\/\/roveyayinevi.com.tr\/index.php\/wp-json\/wp\/v2\/product"}],"about":[{"href":"https:\/\/roveyayinevi.com.tr\/index.php\/wp-json\/wp\/v2\/types\/product"}],"wp:attachment":[{"href":"https:\/\/roveyayinevi.com.tr\/index.php\/wp-json\/wp\/v2\/media?parent=706808"}],"wp:term":[{"taxonomy":"product_brand","embeddable":true,"href":"https:\/\/roveyayinevi.com.tr\/index.php\/wp-json\/wp\/v2\/product_brand?post=706808"},{"taxonomy":"product_cat","embeddable":true,"href":"https:\/\/roveyayinevi.com.tr\/index.php\/wp-json\/wp\/v2\/product_cat?post=706808"},{"taxonomy":"product_tag","embeddable":true,"href":"https:\/\/roveyayinevi.com.tr\/index.php\/wp-json\/wp\/v2\/product_tag?post=706808"}],"curies":[{"name":"wp","href":"https:\/\/api.w.org\/{rel}","templated":true}]}}