{"id":706807,"date":"2025-08-27T15:59:39","date_gmt":"2025-08-27T12:59:39","guid":{"rendered":"https:\/\/roveyayinevi.com.tr\/index.php\/urun\/ilkel-toplumlarda-mistik-deneyim-ve-simgeler\/"},"modified":"2026-04-16T02:15:37","modified_gmt":"2026-04-15T23:15:37","slug":"ilkel-toplumlarda-mistik-deneyim-ve-simgeler","status":"publish","type":"product","link":"https:\/\/roveyayinevi.com.tr\/index.php\/urun\/ilkel-toplumlarda-mistik-deneyim-ve-simgeler\/","title":{"rendered":"\u0130lkel Toplumlarda Mistik Deneyim ve Simgeler"},"content":{"rendered":"<p>\u0130lkellerdeki simgeler ve mistik deneyimi onlar\u0131n zihinsel yap\u0131lar\u0131ndan yola \u00e7\u0131karak a\u00e7\u0131klamaya \u00e7al\u0131\u015f\u0131yorum. Burada sorulan soru \u015fudur: Bu simgeler ve bu deneyime \u00f6zg\u00fc belli ba\u015fl\u0131 \u00f6zellikler hangileridir ve bu sorunun yan\u0131t\u0131n\u0131 ilkellerin zihinsel y\u00f6nlendirilmesi ve zihinsel farkl\u0131l\u0131klar\u0131 do\u011frultusunda m\u0131 aramak gerekmektedir? Pek \u00e7ok kar\u0131\u015f\u0131kl\u0131\u011fa yol a\u00e7m\u0131\u015f olan \u201cilkeller\u201d ve \u201cmistik\u201d (gizemli) gibi iki terimi burada da kullanmay\u0131 s\u00fcrd\u00fcr\u00fcyorum. Bir kez daha bu konudaki anlam karma\u015fas\u0131ndan ka\u00e7maya \u00e7al\u0131\u015faca\u011f\u0131m. S\u00f6zc\u00fc\u011f\u00fcn yaz\u0131l\u0131 anlam\u0131nda \u201cilkeller\u201d olarak adland\u0131r\u0131lan insanlar, bize tarihin o ilk ba\u015f\u0131ndaki insanlardan \u00e7ok daha yak\u0131n olup, g\u00fcn\u00fcm\u00fcz d\u00fcnyas\u0131nda bizim en eski atalar\u0131m\u0131za tekab\u00fcl edenlerdir. Bu, geli\u015fmeci varsay\u0131ma dayal\u0131 bir yakla\u015f\u0131m olup, bunun olgular arac\u0131l\u0131\u011f\u0131yla kan\u0131tlanmas\u0131 olduk\u00e7a zordur. \u201cMistik\u201d (gizemli) s\u00f6zc\u00fc\u011f\u00fcne gelince daha Giri\u015f b\u00f6l\u00fcm\u00fcnden itibaren bu s\u00f6zc\u00fc\u011f\u00fcn hangi anlama geldi\u011fi kolayl\u0131kla anla\u015f\u0131lmaktad\u0131r. Zihinsel \u0130\u015flevler ba\u015fl\u0131kl\u0131 \u00e7al\u0131\u015fmamda, bu s\u00f6zc\u00fck ilkel zihniyetin en \u00f6nemli \u00f6zelli\u011fini belirlememi sa\u011flam\u0131\u015ft\u0131r. Bu s\u00f6zc\u00fc\u011f\u00fc biraz da \u00e7ekinerek kullanm\u0131\u015f ve yol a\u00e7abilece\u011fi yanl\u0131\u015f anlamalar\u0131 \u00f6nlemeye \u00e7al\u0131\u015fm\u0131\u015ft\u0131m. \u201cDaha iyisini bulamad\u0131\u011f\u0131m i\u00e7in bu terimi kullanaca\u011f\u0131m\u201d demi\u015ftim. Bizim toplumlar\u0131m\u0131zda olduk\u00e7a farkl\u0131 bir \u015fey olan din\u00ee mistisizmi \u00e7a\u011fr\u0131\u015ft\u0131rmak gibi bir niyetim yok. Burada \u201cmistik\u201d s\u00f6zc\u00fc\u011f\u00fcn\u00fc g\u00fc\u00e7lere, etkilere, duygular taraf\u0131ndan alg\u0131lanamayan ancak yine de ger\u00e7ek olan eylemlere olan inan\u00e7 anlam\u0131nda kullan\u0131yorum. <\/p>\n","protected":false},"excerpt":{"rendered":"<p>\u0130lkellerdeki simgeler ve mistik deneyimi onlar\u0131n zihinsel yap\u0131lar\u0131ndan yola \u00e7\u0131karak a\u00e7\u0131klamaya \u00e7al\u0131\u015f\u0131yorum. Burada sorulan soru \u015fudur: Bu simgeler ve bu deneyime \u00f6zg\u00fc belli ba\u015fl\u0131 \u00f6zellikler hangileridir<span class=\"excerpt-hellip\"> [\u2026]<\/span><\/p>\n","protected":false},"featured_media":0,"template":"","meta":{"_monsterinsights_skip_tracking":false,"_monsterinsights_sitenote_active":false,"_monsterinsights_sitenote_note":"","_monsterinsights_sitenote_category":0},"product_brand":[],"product_cat":[15499,13488],"product_tag":[],"class_list":{"0":"post-706807","1":"product","2":"type-product","3":"status-publish","5":"product_cat-antropoloji","6":"product_cat-toplum-ve-insan","7":"pa_cilt-ciltsiz","8":"pa_tur-kitap","9":"pa_yayinevi-dogu-bati-yayinlari","10":"pa_yazar-lucien-levy-bruhl","12":"first","13":"instock","14":"sale","15":"shipping-taxable","16":"purchasable","17":"product-type-simple"},"_links":{"self":[{"href":"https:\/\/roveyayinevi.com.tr\/index.php\/wp-json\/wp\/v2\/product\/706807","targetHints":{"allow":["GET"]}}],"collection":[{"href":"https:\/\/roveyayinevi.com.tr\/index.php\/wp-json\/wp\/v2\/product"}],"about":[{"href":"https:\/\/roveyayinevi.com.tr\/index.php\/wp-json\/wp\/v2\/types\/product"}],"wp:attachment":[{"href":"https:\/\/roveyayinevi.com.tr\/index.php\/wp-json\/wp\/v2\/media?parent=706807"}],"wp:term":[{"taxonomy":"product_brand","embeddable":true,"href":"https:\/\/roveyayinevi.com.tr\/index.php\/wp-json\/wp\/v2\/product_brand?post=706807"},{"taxonomy":"product_cat","embeddable":true,"href":"https:\/\/roveyayinevi.com.tr\/index.php\/wp-json\/wp\/v2\/product_cat?post=706807"},{"taxonomy":"product_tag","embeddable":true,"href":"https:\/\/roveyayinevi.com.tr\/index.php\/wp-json\/wp\/v2\/product_tag?post=706807"}],"curies":[{"name":"wp","href":"https:\/\/api.w.org\/{rel}","templated":true}]}}