{"id":706803,"date":"2025-08-27T15:59:38","date_gmt":"2025-08-27T12:59:38","guid":{"rendered":"https:\/\/roveyayinevi.com.tr\/index.php\/urun\/cikolata-kahvesi\/"},"modified":"2026-04-03T02:21:01","modified_gmt":"2026-04-02T23:21:01","slug":"cikolata-kahvesi","status":"publish","type":"product","link":"https:\/\/roveyayinevi.com.tr\/index.php\/urun\/cikolata-kahvesi\/","title":{"rendered":"\u00c7ikolata Kahvesi"},"content":{"rendered":"<p>\u00dc\u00e7 kad\u0131n,\u00fc\u00e7 hayat,\u00fc\u00e7 hayal k\u0131r\u0131kl\u0131\u011f\u0131\u2026 Mavinin \u00fc\u00e7 ayr\u0131 tonunda bulu\u015fan korkular,gidip gelmeler,umutlar\u2026 Kendini araman\u0131n,aray\u0131p da bulamama korkusunun kekremsi tad\u0131.Bir deniz kabu\u011fu ne anlat\u0131r bir kad\u0131na?Bir \u015fiir bir hayat\u0131 ne kadar de\u011fi\u015ftirebilir?Bir deniz k\u0131y\u0131s\u0131 bir insan\u0131n nas\u0131l hem en b\u00fcy\u00fck tutkusu hem de en b\u00fcy\u00fck korkusu olabilir?Bir anne ne zaman vazge\u00e7er yavrusundan? Kendini kaybetti\u011finde mi yoksa buldu\u011funda m\u0131? A\u015fk\u0131 yan\u0131k bir elma kokusunda,dolunay\u0131n \u0131\u015f\u0131\u011f\u0131nda aramak i\u00e7in ne kadar \u00e7aresiz kalmak gerekir? Hemen ge\u00e7ermi ki ac\u0131lar?G\u00fczellik,makam,aristokratl\u0131k bir kad\u0131n\u0131n ruhunu doyurmaya yeter mi? Bir kad\u0131n eksik yan\u0131 sand\u0131\u011f\u0131 ki\u015fiyi g\u00fcn\u00fcn birinde b\u00fct\u00fcn ger\u00e7ekli\u011fi ile g\u00f6r\u00fcrse neler hisseder? Ait olmak m\u0131 kendisine ait olunmas\u0131n\u0131 istemek mi zor olan?Hayatlar\u0131nda \u00e7ok renk vard\u0131.Tek renk eksikti o da \u00e7ikolata kahvesi\u2026Eksik bir rengin ve kokunun oldu\u011fu bir hayatta ba\u015flam\u0131\u015ft\u0131 gizemli yolculuklar\u0131.Birbirlerinden hem haberli hem de habersizdiler\u2026Ve bir g\u00fcn hepsi ayn\u0131 renkte bulu\u015ftular.Geriye bakt\u0131klar\u0131nda g\u00f6rmeyi umduklar\u0131 en fazla ayak izleriyken kendilerine rastlad\u0131lar.Nas\u0131l da masum ve \u00e7aresizdiler\u2026Arad\u0131\u011f\u0131m\u0131z belki de bir kahve kokusudur kim bilir?T\u00fcl ve mavi renk bulunacak r\u00fcyalarda \u00e7ok \u015fey var.Bulacaklar\u0131n\u0131za haz\u0131r m\u0131s\u0131n\u0131z!<\/p>\n","protected":false},"excerpt":{"rendered":"<p>\u00dc\u00e7 kad\u0131n,\u00fc\u00e7 hayat,\u00fc\u00e7 hayal k\u0131r\u0131kl\u0131\u011f\u0131\u2026 Mavinin \u00fc\u00e7 ayr\u0131 tonunda bulu\u015fan korkular,gidip gelmeler,umutlar\u2026 Kendini araman\u0131n,aray\u0131p da bulamama korkusunun kekremsi tad\u0131.Bir deniz kabu\u011fu ne anlat\u0131r bir kad\u0131na?Bir \u015fiir<span class=\"excerpt-hellip\"> [\u2026]<\/span><\/p>\n","protected":false},"featured_media":0,"template":"","meta":{"_monsterinsights_skip_tracking":false,"_monsterinsights_sitenote_active":false,"_monsterinsights_sitenote_note":"","_monsterinsights_sitenote_category":0},"product_brand":[],"product_cat":[12291,12711],"product_tag":[],"class_list":{"0":"post-706803","1":"product","2":"type-product","3":"status-publish","5":"product_cat-edebiyat","6":"product_cat-roman-oyku","7":"pa_cilt-ciltsiz","8":"pa_tur-kitap","9":"pa_yayinevi-cinaralti-yayinlari","10":"pa_yazar-betul-asik","12":"first","13":"instock","14":"sale","15":"shipping-taxable","16":"purchasable","17":"product-type-simple"},"_links":{"self":[{"href":"https:\/\/roveyayinevi.com.tr\/index.php\/wp-json\/wp\/v2\/product\/706803","targetHints":{"allow":["GET"]}}],"collection":[{"href":"https:\/\/roveyayinevi.com.tr\/index.php\/wp-json\/wp\/v2\/product"}],"about":[{"href":"https:\/\/roveyayinevi.com.tr\/index.php\/wp-json\/wp\/v2\/types\/product"}],"wp:attachment":[{"href":"https:\/\/roveyayinevi.com.tr\/index.php\/wp-json\/wp\/v2\/media?parent=706803"}],"wp:term":[{"taxonomy":"product_brand","embeddable":true,"href":"https:\/\/roveyayinevi.com.tr\/index.php\/wp-json\/wp\/v2\/product_brand?post=706803"},{"taxonomy":"product_cat","embeddable":true,"href":"https:\/\/roveyayinevi.com.tr\/index.php\/wp-json\/wp\/v2\/product_cat?post=706803"},{"taxonomy":"product_tag","embeddable":true,"href":"https:\/\/roveyayinevi.com.tr\/index.php\/wp-json\/wp\/v2\/product_tag?post=706803"}],"curies":[{"name":"wp","href":"https:\/\/api.w.org\/{rel}","templated":true}]}}