{"id":706798,"date":"2025-08-27T15:59:36","date_gmt":"2025-08-27T12:59:36","guid":{"rendered":"https:\/\/roveyayinevi.com.tr\/index.php\/urun\/firtina-kod-adi-ceyda-1\/"},"modified":"2026-04-16T02:15:36","modified_gmt":"2026-04-15T23:15:36","slug":"firtina-kod-adi-ceyda-1","status":"publish","type":"product","link":"https:\/\/roveyayinevi.com.tr\/index.php\/urun\/firtina-kod-adi-ceyda-1\/","title":{"rendered":"F\u0131rt\u0131na &#8211; Kod Ad\u0131 Ceyda 1"},"content":{"rendered":"<p>Gecenin sessizli\u011fini bozan \u015fiddetli bir g\u00fcr\u00fclt\u00fcyle arabaya g\u00fcmledi. Bedeni sars\u0131ld\u0131, dengesini kaybetti ve ba\u015f\u0131n\u0131 direksiyona vurdu. Ge\u00e7irdi\u011fi k\u0131sa anl\u0131k sars\u0131nt\u0131n\u0131n sonras\u0131nda kendini h\u0131zla toparlad\u0131. Ba\u015f\u0131n\u0131 g\u00fc\u00e7l\u00fckle kald\u0131rd\u0131, \u00e7arp\u0131\u015ft\u0131\u011f\u0131 arabaya bakt\u0131. Kar\u015f\u0131 taraf\u0131n s\u00fcr\u00fcc\u00fcs\u00fc \u00f6fke i\u00e7inde ona do\u011fru geliyordu.Sedat Bey, \u00f6n\u00fcndeki dosyay\u0131 masan\u0131n \u00fczerinde ileriye do\u011fru iterek \u201cG\u00fcnayd\u0131n komiser!\u201d diye yan\u0131tlad\u0131 ve hemen ard\u0131ndan kar\u015f\u0131s\u0131nda duran adama y\u00f6neldi. \u201cKemal, sana Komiser Ceyda\u2019y\u0131 tan\u0131\u015ft\u0131ray\u0131m.\u201d dedi. Kemal, oturdu\u011fu yerden do\u011fruldu k\u0131za d\u00f6nd\u00fc. Ceyda o an yerinde m\u0131hland\u0131. Tepeden t\u0131rna\u011fa bedeni sars\u0131ld\u0131, \u015foke oldu. Neredeyse k\u00fc\u00e7\u00fck dilini yutuyordu. Hayat dedikleri \u015fey \u015fu anda ona ac\u0131mas\u0131z bir oyun oynuyordu.Kemal ve Ceyda; hi\u00e7 beklemedikleri bir yol birle\u015fiminde kar\u015f\u0131la\u015ft\u0131klar\u0131nda, ya\u015famlar\u0131nda mu\u011flak bir sava\u015f\u0131 da ba\u015flatacaklar\u0131n\u0131n fark\u0131nda de\u011fildi\u2026\u201c\u0130ki ayk\u0131r\u0131 ki\u015filik, iki kural tan\u0131mayan insan\u0131n koordine \u00e7al\u0131\u015fmak zorunda b\u0131rak\u0131l\u0131rsa sonu\u00e7 ne olur?\u201d<\/p>\n","protected":false},"excerpt":{"rendered":"<p>Gecenin sessizli\u011fini bozan \u015fiddetli bir g\u00fcr\u00fclt\u00fcyle arabaya g\u00fcmledi. Bedeni sars\u0131ld\u0131, dengesini kaybetti ve ba\u015f\u0131n\u0131 direksiyona vurdu. Ge\u00e7irdi\u011fi k\u0131sa anl\u0131k sars\u0131nt\u0131n\u0131n sonras\u0131nda kendini h\u0131zla toparlad\u0131. Ba\u015f\u0131n\u0131 g\u00fc\u00e7l\u00fckle<span class=\"excerpt-hellip\"> [\u2026]<\/span><\/p>\n","protected":false},"featured_media":0,"template":"","meta":{"_monsterinsights_skip_tracking":false,"_monsterinsights_sitenote_active":false,"_monsterinsights_sitenote_note":"","_monsterinsights_sitenote_category":0},"product_brand":[],"product_cat":[12291,12711],"product_tag":[],"class_list":{"0":"post-706798","1":"product","2":"type-product","3":"status-publish","5":"product_cat-edebiyat","6":"product_cat-roman-oyku","7":"pa_cilt-ciltsiz","8":"pa_tur-kitap","9":"pa_yayinevi-cinaralti-yayinlari","10":"pa_yazar-muzeyyen-yilmaz","12":"first","13":"instock","14":"sale","15":"shipping-taxable","16":"purchasable","17":"product-type-simple"},"_links":{"self":[{"href":"https:\/\/roveyayinevi.com.tr\/index.php\/wp-json\/wp\/v2\/product\/706798","targetHints":{"allow":["GET"]}}],"collection":[{"href":"https:\/\/roveyayinevi.com.tr\/index.php\/wp-json\/wp\/v2\/product"}],"about":[{"href":"https:\/\/roveyayinevi.com.tr\/index.php\/wp-json\/wp\/v2\/types\/product"}],"wp:attachment":[{"href":"https:\/\/roveyayinevi.com.tr\/index.php\/wp-json\/wp\/v2\/media?parent=706798"}],"wp:term":[{"taxonomy":"product_brand","embeddable":true,"href":"https:\/\/roveyayinevi.com.tr\/index.php\/wp-json\/wp\/v2\/product_brand?post=706798"},{"taxonomy":"product_cat","embeddable":true,"href":"https:\/\/roveyayinevi.com.tr\/index.php\/wp-json\/wp\/v2\/product_cat?post=706798"},{"taxonomy":"product_tag","embeddable":true,"href":"https:\/\/roveyayinevi.com.tr\/index.php\/wp-json\/wp\/v2\/product_tag?post=706798"}],"curies":[{"name":"wp","href":"https:\/\/api.w.org\/{rel}","templated":true}]}}