{"id":706795,"date":"2025-08-27T15:59:35","date_gmt":"2025-08-27T12:59:35","guid":{"rendered":"https:\/\/roveyayinevi.com.tr\/index.php\/urun\/halime-kaptan\/"},"modified":"2026-04-16T02:15:36","modified_gmt":"2026-04-15T23:15:36","slug":"halime-kaptan","status":"publish","type":"product","link":"https:\/\/roveyayinevi.com.tr\/index.php\/urun\/halime-kaptan\/","title":{"rendered":"Halime Kaptan"},"content":{"rendered":"<p>100 Temel Eser listesinde de yer alan Halime Kaptan\u2019\u0131 bug\u00fcn bu \u00fclkede ya\u015fayan herkesin okumas\u0131 gerekir\u2026   R\u0131fat Ilgaz\u2019\u0131n unutulmaz eseri Halime Kaptan, yeni kapak tasar\u0131m\u0131 ve g\u00f6zden ge\u00e7irilmi\u015f yeni bask\u0131s\u0131yla \u00c7\u0131nar Yay\u0131nlar\u0131\u2019nca yeniden yay\u0131mland\u0131. R\u0131fat Ilgaz, tarihte \u00f6rne\u011fine az rastlanan bir kahraman\u0131n hik\u00e2yesini anlat\u0131yor Halime Kaptan\u2019da. Bir kad\u0131n kaptan\u0131n f\u0131rt\u0131nalar, azg\u0131n dalgalar ve korsanlarla m\u00fccadele ederek \u0130nebolu\u2019ya cephane ta\u015f\u0131mas\u0131n\u0131n roman\u0131d\u0131r bu. Kurtulu\u015f Sava\u015f\u0131 y\u0131llar\u0131\u2026 Eli silah tutan b\u00fct\u00fcn erkekler cepheye g\u00f6nderilmi\u015ftir. K\u00f6yde yaln\u0131zca ya\u015fl\u0131lar, kad\u0131nlar ve \u00e7ocuklar kalm\u0131\u015ft\u0131r. Herkesin tuza, \u015fekere, ekme\u011fe hasret kald\u0131\u011f\u0131 o g\u00fcnlerde Halime ge\u00e7imini sa\u011flamak i\u00e7in sandalla Karadeniz\u2019e a\u00e7\u0131l\u0131r. Erkek k\u0131l\u0131\u011f\u0131na girerek o\u011flu ve iki tayfas\u0131yla \u00e7\u0131kt\u0131\u011f\u0131 ilk seferinde bin bir zorlukla m\u00fccadele eder. Bu zorluklar onu y\u0131ld\u0131rmaz; Karadeniz\u2019e tutkuyla ba\u011flan\u0131r Halime\u2026 Halime Kaptan, T\u00fcrk kad\u0131n\u0131n\u0131n \u00fclkesi i\u00e7in denizlerde verdi\u011fi m\u00fccadelenin ve Kurtulu\u015f Sava\u015f\u0131\u2019na cephane kadar, dalga dalga \u201cumut\u201d ta\u015f\u0131mas\u0131n\u0131n da bir belgeselidir. <\/p>\n","protected":false},"excerpt":{"rendered":"<p>100 Temel Eser listesinde de yer alan Halime Kaptan\u2019\u0131 bug\u00fcn bu \u00fclkede ya\u015fayan herkesin okumas\u0131 gerekir\u2026 R\u0131fat Ilgaz\u2019\u0131n unutulmaz eseri Halime Kaptan, yeni kapak tasar\u0131m\u0131 ve<span class=\"excerpt-hellip\"> [\u2026]<\/span><\/p>\n","protected":false},"featured_media":0,"template":"","meta":{"_monsterinsights_skip_tracking":false,"_monsterinsights_sitenote_active":false,"_monsterinsights_sitenote_note":"","_monsterinsights_sitenote_category":0},"product_brand":[],"product_cat":[12274,20117],"product_tag":[],"class_list":{"0":"post-706795","1":"product","2":"type-product","3":"status-publish","5":"product_cat-cocuk-ve-genclik-kitaplari","6":"product_cat-turk-klasikleri","7":"pa_cilt-ciltsiz","8":"pa_tur-kitap","9":"pa_yayinevi-cinar-yayinlari","10":"pa_yazar-rifat-ilgaz","12":"first","13":"instock","14":"sale","15":"shipping-taxable","16":"purchasable","17":"product-type-simple"},"_links":{"self":[{"href":"https:\/\/roveyayinevi.com.tr\/index.php\/wp-json\/wp\/v2\/product\/706795","targetHints":{"allow":["GET"]}}],"collection":[{"href":"https:\/\/roveyayinevi.com.tr\/index.php\/wp-json\/wp\/v2\/product"}],"about":[{"href":"https:\/\/roveyayinevi.com.tr\/index.php\/wp-json\/wp\/v2\/types\/product"}],"wp:attachment":[{"href":"https:\/\/roveyayinevi.com.tr\/index.php\/wp-json\/wp\/v2\/media?parent=706795"}],"wp:term":[{"taxonomy":"product_brand","embeddable":true,"href":"https:\/\/roveyayinevi.com.tr\/index.php\/wp-json\/wp\/v2\/product_brand?post=706795"},{"taxonomy":"product_cat","embeddable":true,"href":"https:\/\/roveyayinevi.com.tr\/index.php\/wp-json\/wp\/v2\/product_cat?post=706795"},{"taxonomy":"product_tag","embeddable":true,"href":"https:\/\/roveyayinevi.com.tr\/index.php\/wp-json\/wp\/v2\/product_tag?post=706795"}],"curies":[{"name":"wp","href":"https:\/\/api.w.org\/{rel}","templated":true}]}}