{"id":706794,"date":"2025-08-27T15:59:34","date_gmt":"2025-08-27T12:59:34","guid":{"rendered":"https:\/\/roveyayinevi.com.tr\/index.php\/urun\/dostum-cino\/"},"modified":"2026-04-16T02:15:36","modified_gmt":"2026-04-15T23:15:36","slug":"dostum-cino","status":"publish","type":"product","link":"https:\/\/roveyayinevi.com.tr\/index.php\/urun\/dostum-cino\/","title":{"rendered":"Dostum \u00c7ino"},"content":{"rendered":"<p>Nilg\u00fcn Ilgaz\u2019\u0131n bug\u00fcn art\u0131k efsane olan ve \u00e7ocuklar taraf\u0131ndan \u00e7ok sevilen kitab\u0131 Dostum \u00c7ino, yeni kapak tasar\u0131m\u0131 ve g\u00f6zden ge\u00e7irilmi\u015f yeni bask\u0131s\u0131yla \u00c7\u0131nar Yay\u0131nlar\u0131\u2019nca yeniden yay\u0131mland\u0131.   Sevginin nefis bir dille anlat\u0131ld\u0131\u011f\u0131 unutulmaz bir maceraya haz\u0131r olun. Anne ve babas\u0131 An\u0131l\u2019\u0131 ge\u00e7ici bir s\u00fcre i\u00e7in Nur Teyzesine b\u0131rak\u0131rlar. An\u0131l oradaki \u00fc\u00e7 k\u00f6pe\u011fi \u00e7ok sever. Annesini kendisine bir k\u00f6pek almas\u0131 i\u00e7in ikna etmeye \u00e7al\u0131\u015f\u0131r. Sonunda iste\u011fi ger\u00e7ekle\u015fir ve \u00c7ino ad\u0131nda bir k\u00f6pe\u011fi olur. \u00c7ino ve An\u0131l birbirlerine hemen al\u0131\u015f\u0131r, keyifli g\u00fcnler ge\u00e7irmeye ba\u015flarlar. G\u00fcn\u00fcn birinde hi\u00e7 beklemedikleri bir \u015fey olur. \u00c7ino evden gitmek zorundad\u0131r\u2026 Nilg\u00fcn Ilgaz, Dostum \u00c7ino\u2019da bir \u00e7ocuk ile k\u00f6pe\u011fi aras\u0131ndaki dostlu\u011fun s\u0131cak ve s\u00fcr\u00fckleyici \u00f6yk\u00fcs\u00fcn\u00fc anlat\u0131yor. <\/p>\n","protected":false},"excerpt":{"rendered":"<p>Nilg\u00fcn Ilgaz\u2019\u0131n bug\u00fcn art\u0131k efsane olan ve \u00e7ocuklar taraf\u0131ndan \u00e7ok sevilen kitab\u0131 Dostum \u00c7ino, yeni kapak tasar\u0131m\u0131 ve g\u00f6zden ge\u00e7irilmi\u015f yeni bask\u0131s\u0131yla \u00c7\u0131nar Yay\u0131nlar\u0131\u2019nca yeniden yay\u0131mland\u0131.<span class=\"excerpt-hellip\"> [\u2026]<\/span><\/p>\n","protected":false},"featured_media":0,"template":"","meta":{"_monsterinsights_skip_tracking":false,"_monsterinsights_sitenote_active":false,"_monsterinsights_sitenote_note":"","_monsterinsights_sitenote_category":0},"product_brand":[],"product_cat":[12275,12274],"product_tag":[],"class_list":{"0":"post-706794","1":"product","2":"type-product","3":"status-publish","5":"product_cat-6-12-yas-kitaplari","6":"product_cat-cocuk-ve-genclik-kitaplari","7":"pa_cilt-ciltsiz","8":"pa_tur-kitap","9":"pa_yayinevi-cinar-yayinlari","10":"pa_yazar-nilgun-ilgaz","12":"first","13":"instock","14":"sale","15":"shipping-taxable","16":"purchasable","17":"product-type-simple"},"_links":{"self":[{"href":"https:\/\/roveyayinevi.com.tr\/index.php\/wp-json\/wp\/v2\/product\/706794","targetHints":{"allow":["GET"]}}],"collection":[{"href":"https:\/\/roveyayinevi.com.tr\/index.php\/wp-json\/wp\/v2\/product"}],"about":[{"href":"https:\/\/roveyayinevi.com.tr\/index.php\/wp-json\/wp\/v2\/types\/product"}],"wp:attachment":[{"href":"https:\/\/roveyayinevi.com.tr\/index.php\/wp-json\/wp\/v2\/media?parent=706794"}],"wp:term":[{"taxonomy":"product_brand","embeddable":true,"href":"https:\/\/roveyayinevi.com.tr\/index.php\/wp-json\/wp\/v2\/product_brand?post=706794"},{"taxonomy":"product_cat","embeddable":true,"href":"https:\/\/roveyayinevi.com.tr\/index.php\/wp-json\/wp\/v2\/product_cat?post=706794"},{"taxonomy":"product_tag","embeddable":true,"href":"https:\/\/roveyayinevi.com.tr\/index.php\/wp-json\/wp\/v2\/product_tag?post=706794"}],"curies":[{"name":"wp","href":"https:\/\/api.w.org\/{rel}","templated":true}]}}