{"id":706793,"date":"2025-08-27T15:59:34","date_gmt":"2025-08-27T12:59:34","guid":{"rendered":"https:\/\/roveyayinevi.com.tr\/index.php\/urun\/bacaksiz-tatil-koyunde\/"},"modified":"2026-04-16T02:15:36","modified_gmt":"2026-04-15T23:15:36","slug":"bacaksiz-tatil-koyunde","status":"publish","type":"product","link":"https:\/\/roveyayinevi.com.tr\/index.php\/urun\/bacaksiz-tatil-koyunde\/","title":{"rendered":"Bacaks\u0131z Tatil K\u00f6y\u00fcnde"},"content":{"rendered":"<p>\u201cBir dal\u0131p \u00e7\u0131kal\u0131m istersen.\u201d Bacaks\u0131z Bahri\u2019nin babas\u0131 Almanya\u2019ya i\u015f\u00e7i olarak gidince o da annesiyle birlikte babaannesinin k\u00f6y\u00fcne yerle\u015fir. Bir sabah fenerin orada kurulmu\u015f \u00e7ad\u0131rlar\u0131 fark eden Bacaks\u0131z, b\u00fcy\u00fck bir merakla orada kimlerin ya\u015fad\u0131\u011f\u0131n\u0131 ara\u015ft\u0131rmaya ba\u015flar. Yak\u0131n arkada\u015f\u0131 Tekin, bu yabanc\u0131larla \u00e7oktan tan\u0131\u015fm\u0131\u015ft\u0131r bile. Ne yap\u0131p edip Frans\u0131z aileyle tan\u0131\u015fmay\u0131 kafas\u0131na koyan Bacaks\u0131z, e\u011flenceli bir yaz ge\u00e7irecektir. R\u0131fat Ilgaz\u2019\u0131n Bacaks\u0131z\u2019\u0131n ba\u015f\u0131ndan ge\u00e7enleri anlatt\u0131\u011f\u0131 Bacaks\u0131z Kamyon S\u00fcr\u00fcc\u00fcs\u00fc, Bacaks\u0131z Sigara Ka\u00e7ak\u00e7\u0131s\u0131, Bacaks\u0131z Okulda ve Bacaks\u0131z Paral\u0131 Atlet adl\u0131 di\u011fer kitaplar\u0131 da b\u00fcy\u00fck keyifle okuyacaks\u0131n\u0131z. <\/p>\n","protected":false},"excerpt":{"rendered":"<p>\u201cBir dal\u0131p \u00e7\u0131kal\u0131m istersen.\u201d Bacaks\u0131z Bahri\u2019nin babas\u0131 Almanya\u2019ya i\u015f\u00e7i olarak gidince o da annesiyle birlikte babaannesinin k\u00f6y\u00fcne yerle\u015fir. Bir sabah fenerin orada kurulmu\u015f \u00e7ad\u0131rlar\u0131 fark eden<span class=\"excerpt-hellip\"> [\u2026]<\/span><\/p>\n","protected":false},"featured_media":0,"template":"","meta":{"_monsterinsights_skip_tracking":false,"_monsterinsights_sitenote_active":false,"_monsterinsights_sitenote_note":"","_monsterinsights_sitenote_category":0},"product_brand":[],"product_cat":[12275,12274],"product_tag":[],"class_list":{"0":"post-706793","1":"product","2":"type-product","3":"status-publish","5":"product_cat-6-12-yas-kitaplari","6":"product_cat-cocuk-ve-genclik-kitaplari","7":"pa_cilt-ciltsiz","8":"pa_tur-kitap","9":"pa_yayinevi-cinar-yayinlari","10":"pa_yazar-rifat-ilgaz","12":"first","13":"instock","14":"sale","15":"shipping-taxable","16":"purchasable","17":"product-type-simple"},"_links":{"self":[{"href":"https:\/\/roveyayinevi.com.tr\/index.php\/wp-json\/wp\/v2\/product\/706793","targetHints":{"allow":["GET"]}}],"collection":[{"href":"https:\/\/roveyayinevi.com.tr\/index.php\/wp-json\/wp\/v2\/product"}],"about":[{"href":"https:\/\/roveyayinevi.com.tr\/index.php\/wp-json\/wp\/v2\/types\/product"}],"wp:attachment":[{"href":"https:\/\/roveyayinevi.com.tr\/index.php\/wp-json\/wp\/v2\/media?parent=706793"}],"wp:term":[{"taxonomy":"product_brand","embeddable":true,"href":"https:\/\/roveyayinevi.com.tr\/index.php\/wp-json\/wp\/v2\/product_brand?post=706793"},{"taxonomy":"product_cat","embeddable":true,"href":"https:\/\/roveyayinevi.com.tr\/index.php\/wp-json\/wp\/v2\/product_cat?post=706793"},{"taxonomy":"product_tag","embeddable":true,"href":"https:\/\/roveyayinevi.com.tr\/index.php\/wp-json\/wp\/v2\/product_tag?post=706793"}],"curies":[{"name":"wp","href":"https:\/\/api.w.org\/{rel}","templated":true}]}}