{"id":706792,"date":"2025-08-27T15:59:33","date_gmt":"2025-08-27T12:59:33","guid":{"rendered":"https:\/\/roveyayinevi.com.tr\/index.php\/urun\/bacaksiz-parali-atlet\/"},"modified":"2026-04-16T02:15:36","modified_gmt":"2026-04-15T23:15:36","slug":"bacaksiz-parali-atlet","status":"publish","type":"product","link":"https:\/\/roveyayinevi.com.tr\/index.php\/urun\/bacaksiz-parali-atlet\/","title":{"rendered":"Bacaks\u0131z Paral\u0131 Atlet"},"content":{"rendered":"<p>\u201cHaydi bast\u0131r Bacaks\u0131z Bahri!\u201d Fesle\u011fen Soka\u011f\u0131\u2019na ketenhelvac\u0131 gelmi\u015ftir. Daha \u00f6nce ketenhelva yemeyen Bacaks\u0131z, pamu\u011fa benzeyen bu \u015feyin tad\u0131n\u0131 \u00e7ok merak eder ama annesinden de para istemeye \u00e7ekinir. Bacaks\u0131z\u2019\u0131n her zamanki gibi parlak bir fikri vard\u0131r. K\u00fc\u00e7\u00fck bir yar\u0131\u015f yapacaklar ve kazanan helvay\u0131 alacak. G\u00fc\u00e7l\u00fc rakiplerine ra\u011fmen Bacaks\u0131z yar\u0131\u015f\u0131 kazanacak m\u0131? Ve yar\u0131\u015f ba\u015flar, ketenhelvay\u0131 kim yiyecek? R\u0131fat Ilgaz\u2019\u0131n Bacaks\u0131z\u2019\u0131n ba\u015f\u0131ndan ge\u00e7enleri anlatt\u0131\u011f\u0131 Bacaks\u0131z Kamyon S\u00fcr\u00fcc\u00fcs\u00fc, Bacaks\u0131z Sigara Ka\u00e7ak\u00e7\u0131s\u0131, Bacaks\u0131z Okulda ve Bacaks\u0131z Tatil K\u00f6y\u00fcnde adl\u0131 di\u011fer kitaplar\u0131 da b\u00fcy\u00fck keyifle okuyacaks\u0131n\u0131z. <\/p>\n","protected":false},"excerpt":{"rendered":"<p>\u201cHaydi bast\u0131r Bacaks\u0131z Bahri!\u201d Fesle\u011fen Soka\u011f\u0131\u2019na ketenhelvac\u0131 gelmi\u015ftir. Daha \u00f6nce ketenhelva yemeyen Bacaks\u0131z, pamu\u011fa benzeyen bu \u015feyin tad\u0131n\u0131 \u00e7ok merak eder ama annesinden de para istemeye<span class=\"excerpt-hellip\"> [\u2026]<\/span><\/p>\n","protected":false},"featured_media":0,"template":"","meta":{"_monsterinsights_skip_tracking":false,"_monsterinsights_sitenote_active":false,"_monsterinsights_sitenote_note":"","_monsterinsights_sitenote_category":0},"product_brand":[],"product_cat":[12275,12274],"product_tag":[],"class_list":{"0":"post-706792","1":"product","2":"type-product","3":"status-publish","5":"product_cat-6-12-yas-kitaplari","6":"product_cat-cocuk-ve-genclik-kitaplari","7":"pa_cilt-ciltsiz","8":"pa_tur-kitap","9":"pa_yayinevi-cinar-yayinlari","10":"pa_yazar-rifat-ilgaz","12":"first","13":"instock","14":"sale","15":"shipping-taxable","16":"purchasable","17":"product-type-simple"},"_links":{"self":[{"href":"https:\/\/roveyayinevi.com.tr\/index.php\/wp-json\/wp\/v2\/product\/706792","targetHints":{"allow":["GET"]}}],"collection":[{"href":"https:\/\/roveyayinevi.com.tr\/index.php\/wp-json\/wp\/v2\/product"}],"about":[{"href":"https:\/\/roveyayinevi.com.tr\/index.php\/wp-json\/wp\/v2\/types\/product"}],"wp:attachment":[{"href":"https:\/\/roveyayinevi.com.tr\/index.php\/wp-json\/wp\/v2\/media?parent=706792"}],"wp:term":[{"taxonomy":"product_brand","embeddable":true,"href":"https:\/\/roveyayinevi.com.tr\/index.php\/wp-json\/wp\/v2\/product_brand?post=706792"},{"taxonomy":"product_cat","embeddable":true,"href":"https:\/\/roveyayinevi.com.tr\/index.php\/wp-json\/wp\/v2\/product_cat?post=706792"},{"taxonomy":"product_tag","embeddable":true,"href":"https:\/\/roveyayinevi.com.tr\/index.php\/wp-json\/wp\/v2\/product_tag?post=706792"}],"curies":[{"name":"wp","href":"https:\/\/api.w.org\/{rel}","templated":true}]}}