{"id":706789,"date":"2025-08-27T15:59:32","date_gmt":"2025-08-27T12:59:32","guid":{"rendered":"https:\/\/roveyayinevi.com.tr\/index.php\/urun\/egitim-ve-cocuklar\/"},"modified":"2026-04-16T02:15:36","modified_gmt":"2026-04-15T23:15:36","slug":"egitim-ve-cocuklar","status":"publish","type":"product","link":"https:\/\/roveyayinevi.com.tr\/index.php\/urun\/egitim-ve-cocuklar\/","title":{"rendered":"E\u011fitim ve \u00c7ocuklar"},"content":{"rendered":"<p>&#8220;Bir insan\u0131n insanl\u0131\u011fa b\u0131rakabilece\u011fi en de\u011ferli miraslardan biri d\u00fc\u015f\u00fcnceleri ve tahayy\u00fclleridir. Kitap, bu de\u011ferlerin beden bulmu\u015f ve sonsuzluk kazanm\u0131\u015f halidir. Medeniyetin yaz\u0131ya muhta\u00e7 olu\u015funun anlam\u0131 burada yatmaktad\u0131r.Talip Emiro\u011flu e\u011fitim k\u00f6kenli, \u00fclkemizin \u00f6nde gelen e\u011fitim yat\u0131r\u0131mc\u0131lar\u0131ndan ve y\u00f6neticilerinden biridir. Emiro\u011flu&#8217;nun \u00fclkemizdeki \u00f6zel e\u011fitime ve kamu e\u011fitimine yapt\u0131\u011f\u0131 katk\u0131lar, destekledi\u011fi projeler, anaokulundan y\u00fcksek\u00f6\u011fretime kadar e\u011fitime kazand\u0131rd\u0131\u011f\u0131 kurumlar \u00e7ok \u00f6nemli ve de\u011ferlidir. T\u00fcm bunlar\u0131n yan\u0131nda T\u00fcrk ve d\u00fcnya e\u011fitimi hakk\u0131nda s\u00f6yleyecek \u00e7ok de\u011ferli ve kal\u0131c\u0131 d\u00fc\u015f\u00fcncelere sahiptir. Elinizdeki kitap bu ger\u00e7e\u011fin bir g\u00f6stergesidir.&#8221;- Prof. Dr. Adil \u00c7a\u011flar<\/p>\n","protected":false},"excerpt":{"rendered":"<p>&#8220;Bir insan\u0131n insanl\u0131\u011fa b\u0131rakabilece\u011fi en de\u011ferli miraslardan biri d\u00fc\u015f\u00fcnceleri ve tahayy\u00fclleridir. Kitap, bu de\u011ferlerin beden bulmu\u015f ve sonsuzluk kazanm\u0131\u015f halidir. Medeniyetin yaz\u0131ya muhta\u00e7 olu\u015funun anlam\u0131 burada<span class=\"excerpt-hellip\"> [\u2026]<\/span><\/p>\n","protected":false},"featured_media":0,"template":"","meta":{"_monsterinsights_skip_tracking":false,"_monsterinsights_sitenote_active":false,"_monsterinsights_sitenote_note":"","_monsterinsights_sitenote_category":0},"product_brand":[],"product_cat":[12573,12566],"product_tag":[],"class_list":{"0":"post-706789","1":"product","2":"type-product","3":"status-publish","5":"product_cat-akademik-kitaplar","6":"product_cat-egitim","7":"pa_cilt-ciltsiz","8":"pa_tur-kitap","9":"pa_yayinevi-chiviyazilari-yayinevi","10":"pa_yazar-talip-emiroglu","12":"first","13":"instock","14":"sale","15":"shipping-taxable","16":"purchasable","17":"product-type-simple"},"_links":{"self":[{"href":"https:\/\/roveyayinevi.com.tr\/index.php\/wp-json\/wp\/v2\/product\/706789","targetHints":{"allow":["GET"]}}],"collection":[{"href":"https:\/\/roveyayinevi.com.tr\/index.php\/wp-json\/wp\/v2\/product"}],"about":[{"href":"https:\/\/roveyayinevi.com.tr\/index.php\/wp-json\/wp\/v2\/types\/product"}],"wp:attachment":[{"href":"https:\/\/roveyayinevi.com.tr\/index.php\/wp-json\/wp\/v2\/media?parent=706789"}],"wp:term":[{"taxonomy":"product_brand","embeddable":true,"href":"https:\/\/roveyayinevi.com.tr\/index.php\/wp-json\/wp\/v2\/product_brand?post=706789"},{"taxonomy":"product_cat","embeddable":true,"href":"https:\/\/roveyayinevi.com.tr\/index.php\/wp-json\/wp\/v2\/product_cat?post=706789"},{"taxonomy":"product_tag","embeddable":true,"href":"https:\/\/roveyayinevi.com.tr\/index.php\/wp-json\/wp\/v2\/product_tag?post=706789"}],"curies":[{"name":"wp","href":"https:\/\/api.w.org\/{rel}","templated":true}]}}