{"id":706784,"date":"2025-08-27T15:59:30","date_gmt":"2025-08-27T12:59:30","guid":{"rendered":"https:\/\/roveyayinevi.com.tr\/index.php\/urun\/ozgur-yasam-uzerine\/"},"modified":"2025-12-30T10:01:47","modified_gmt":"2025-12-30T07:01:47","slug":"ozgur-yasam-uzerine","status":"publish","type":"product","link":"https:\/\/roveyayinevi.com.tr\/index.php\/urun\/ozgur-yasam-uzerine\/","title":{"rendered":"\u00d6zg\u00fcr Ya\u015fam \u00dczerine"},"content":{"rendered":"<p>Ruhumuz bir u\u00e7an balon gibidir&#8230; Ona a\u011f\u0131rl\u0131klar y\u00fckledik\u00e7e \u00f6zg\u00fcrce u\u00e7mas\u0131n\u0131 engeller, a\u015fa\u011f\u0131larda s\u00fcr\u00fcnmeye mahk\u00fbm ederiz.Bizi y\u00fckseklerde u\u00e7uran enerjinin merkezi kalbimizdedir. Ge\u00e7mi\u015ften gelen korkular, endi\u015feler kalbimizi kapat\u0131r. Kin, k\u0131skan\u00e7l\u0131k, hasislik enerji yollar\u0131n\u0131 t\u0131kar. \u0130\u00e7imize yerle\u015fen korkak, pinti, kindar, k\u0131skan\u00e7 k\u00fc\u00e7\u00fck adamdan kurtulmadan hafifleyemez, ya\u015fam sevincine ula\u015famaz ve \u00f6zg\u00fcr olamay\u0131z. Mala, m\u00fclke, \u015fana, \u015f\u00f6hrete, d\u00fcnyasal \u015feylere ba\u011f\u0131ml\u0131 olduk\u00e7a \u00f6zg\u00fcrl\u00fc\u011f\u00fcm\u00fcz\u00fc yitirir, maddeyle \u00f6zde\u015fle\u015fir, onlar\u0131n k\u00f6lesi haline d\u00f6neriz.Her g\u00fcn kafam\u0131zda at\u0131p tuttu\u011fumuz sorunlar depoland\u0131k\u00e7a ya\u015fam\u0131m\u0131z\u0131n bir par\u00e7as\u0131 haline gelir ve bizi a\u015fa\u011f\u0131lara \u00e7ekmeye ba\u015flarlar. \u00d6zg\u00fcrle\u015febilmek i\u00e7in ge\u00e7mi\u015fin birikintilerinden, gelece\u011fin endi\u015felerinden zihnimizi temizlememiz gerekir. Zihnimizi kemiren, ruhumuzu karartan sorunlar\u0131 kendimizin \u00fcretti\u011fini d\u00fc\u015f\u00fcnmeden ba\u015fkalar\u0131n\u0131 su\u00e7lamaya ve yarg\u0131lamaya kalk\u0131\u015f\u0131rsak y\u00fck\u00fcm\u00fcz\u00fc biraz daha art\u0131r\u0131r, daha \u00e7ok ac\u0131 \u00e7ekmeye ba\u015flar\u0131z.G\u00f6nl\u00fcn\u00fcz\u00fc, ruhunuzu, zihninizi ayd\u0131nlat\u0131n\u0131z. O ayd\u0131nl\u0131k i\u00e7inde d\u00fcnyan\u0131n g\u00fczelliklerini, Allah\u2019\u0131n nimetlerini, rahmetini ve bereketini g\u00f6rmeye odaklan\u0131n\u0131z. Y\u00fckseklere \u00e7\u0131k\u0131n\u0131z; hi\u00e7 ko\u015ful koymadan t\u00fcm insanlar\u0131 sevip kucaklay\u0131n\u0131z. Zihinsel ve ruhsal \u00f6zg\u00fcrl\u00fc\u011f\u00fcn mutlulu\u011fu, sevinci, co\u015fkusu i\u00e7inde ya\u015fay\u0131n\u0131z.<\/p>\n","protected":false},"excerpt":{"rendered":"<p>Ruhumuz bir u\u00e7an balon gibidir&#8230; Ona a\u011f\u0131rl\u0131klar y\u00fckledik\u00e7e \u00f6zg\u00fcrce u\u00e7mas\u0131n\u0131 engeller, a\u015fa\u011f\u0131larda s\u00fcr\u00fcnmeye mahk\u00fbm ederiz.Bizi y\u00fckseklerde u\u00e7uran enerjinin merkezi kalbimizdedir. Ge\u00e7mi\u015ften gelen korkular, endi\u015feler kalbimizi kapat\u0131r.<span class=\"excerpt-hellip\"> [\u2026]<\/span><\/p>\n","protected":false},"featured_media":0,"template":"","meta":{"_monsterinsights_skip_tracking":false,"_monsterinsights_sitenote_active":false,"_monsterinsights_sitenote_note":"","_monsterinsights_sitenote_category":0},"product_brand":[],"product_cat":[12777,12291],"product_tag":[],"class_list":{"0":"post-706784","1":"product","2":"type-product","3":"status-publish","5":"product_cat-deneme","6":"product_cat-edebiyat","7":"pa_cilt-ciltsiz","8":"pa_tur-kitap","9":"pa_yayinevi-chiviyazilari-yayinevi","10":"pa_yazar-inal-aydinoglu","12":"first","13":"instock","14":"sale","15":"shipping-taxable","16":"purchasable","17":"product-type-simple"},"_links":{"self":[{"href":"https:\/\/roveyayinevi.com.tr\/index.php\/wp-json\/wp\/v2\/product\/706784","targetHints":{"allow":["GET"]}}],"collection":[{"href":"https:\/\/roveyayinevi.com.tr\/index.php\/wp-json\/wp\/v2\/product"}],"about":[{"href":"https:\/\/roveyayinevi.com.tr\/index.php\/wp-json\/wp\/v2\/types\/product"}],"wp:attachment":[{"href":"https:\/\/roveyayinevi.com.tr\/index.php\/wp-json\/wp\/v2\/media?parent=706784"}],"wp:term":[{"taxonomy":"product_brand","embeddable":true,"href":"https:\/\/roveyayinevi.com.tr\/index.php\/wp-json\/wp\/v2\/product_brand?post=706784"},{"taxonomy":"product_cat","embeddable":true,"href":"https:\/\/roveyayinevi.com.tr\/index.php\/wp-json\/wp\/v2\/product_cat?post=706784"},{"taxonomy":"product_tag","embeddable":true,"href":"https:\/\/roveyayinevi.com.tr\/index.php\/wp-json\/wp\/v2\/product_tag?post=706784"}],"curies":[{"name":"wp","href":"https:\/\/api.w.org\/{rel}","templated":true}]}}