{"id":706781,"date":"2025-08-27T15:59:28","date_gmt":"2025-08-27T12:59:28","guid":{"rendered":"https:\/\/roveyayinevi.com.tr\/index.php\/urun\/bullet-park\/"},"modified":"2026-04-16T02:15:36","modified_gmt":"2026-04-15T23:15:36","slug":"bullet-park","status":"publish","type":"product","link":"https:\/\/roveyayinevi.com.tr\/index.php\/urun\/bullet-park\/","title":{"rendered":"Bullet Park"},"content":{"rendered":"<p>Kaderleri adlar\u0131n\u0131n esrarengiz ba\u011f\u0131yla kesi\u015fen iki kom\u015fu, Eliot Nailles ile Paul Hammer: \u00e7iviler ile \u00e7eki\u00e7. Nailles, banliy\u00f6 treniyle \u015fehirdeki i\u015fine gidip gelen,ailesine sonsuzca ba\u011fl\u0131 bir adamd\u0131r. Hammer ise evlilik d\u0131\u015f\u0131 do\u011fmu\u015f, kendi deyimiyle \u201cefk\u00e2r\u201ddan mustarip bir yar\u0131 delidir. D\u00fcnyay\u0131 gezdikten sonra, i\u00e7indeki huzursuzlu\u011fu dindirebilmenin tek \u00e7aresinin banliy\u00f6de birini \u00f6ld\u00fcrmek oldu\u011funa karar verir ve bunun i\u00e7in Bullet Park\u2019a yerle\u015fir.20. y\u00fczy\u0131l\u0131n en \u00f6nemli yazarlar\u0131ndan John Cheever, bu \u00e7arp\u0131c\u0131 roman\u0131nda, \u00f6yk\u00fclerinin de ana mek\u00e2n\u0131 olan Amerikan banliy\u00f6s\u00fcn\u00fc te\u015frih masas\u0131na yat\u0131r\u0131yor; birbirinin kopyas\u0131 beyaz evlerde ya\u015fayanlar\u0131n \u015faibeli \u201cnormallik\u201dlerini hicivli bir dille irdeliyor. Bullet Park, Amerikan r\u00fcyas\u0131n\u0131n trajikomikli\u011fini if\u015fa eden bir kara mizah roman\u0131.\u201cSadece Cheever k\u00fclliyat\u0131 de\u011fil, bildi\u011fim t\u00fcm romanlar i\u00e7inde ba\u015fl\u0131 ba\u015f\u0131na bir s\u0131n\u0131f olu\u015fturan bir eser.\u201d \u2013 Joseph Heller\u201cJohn Cheever b\u00fcy\u00fcl\u00fc bir ger\u00e7ek\u00e7i ve \u0131\u015f\u0131lt\u0131l\u0131 \u00f6yk\u00fclerinde, Bullet Park\u2019la Falconer gibi e\u015fsiz romanlar\u0131nda kar\u015f\u0131la\u015ft\u0131\u011f\u0131m\u0131z \u00fcslubu, sava\u015f sonras\u0131 Amerikan edebiyat\u0131n\u0131n di\u011fer b\u00fct\u00fcn \u00f6nc\u00fc yazarlar\u0131n\u0131n \u00fcslubu gibi renkli ve \u00f6zg\u00fcn.\u201d \u2013 Philip Roth <\/p>\n","protected":false},"excerpt":{"rendered":"<p>Kaderleri adlar\u0131n\u0131n esrarengiz ba\u011f\u0131yla kesi\u015fen iki kom\u015fu, Eliot Nailles ile Paul Hammer: \u00e7iviler ile \u00e7eki\u00e7. Nailles, banliy\u00f6 treniyle \u015fehirdeki i\u015fine gidip gelen,ailesine sonsuzca ba\u011fl\u0131 bir adamd\u0131r.<span class=\"excerpt-hellip\"> [\u2026]<\/span><\/p>\n","protected":false},"featured_media":0,"template":"","meta":{"_monsterinsights_skip_tracking":false,"_monsterinsights_sitenote_active":false,"_monsterinsights_sitenote_note":"","_monsterinsights_sitenote_category":0},"product_brand":[],"product_cat":[12891,12291],"product_tag":[],"class_list":{"0":"post-706781","1":"product","2":"type-product","3":"status-publish","5":"product_cat-amerikan-edebiyati","6":"product_cat-edebiyat","7":"pa_cilt-ciltsiz","8":"pa_tur-kitap","9":"pa_yayinevi-can-yayinlari","10":"pa_yazar-john-cheever","12":"first","13":"instock","14":"sale","15":"shipping-taxable","16":"purchasable","17":"product-type-simple"},"_links":{"self":[{"href":"https:\/\/roveyayinevi.com.tr\/index.php\/wp-json\/wp\/v2\/product\/706781","targetHints":{"allow":["GET"]}}],"collection":[{"href":"https:\/\/roveyayinevi.com.tr\/index.php\/wp-json\/wp\/v2\/product"}],"about":[{"href":"https:\/\/roveyayinevi.com.tr\/index.php\/wp-json\/wp\/v2\/types\/product"}],"wp:attachment":[{"href":"https:\/\/roveyayinevi.com.tr\/index.php\/wp-json\/wp\/v2\/media?parent=706781"}],"wp:term":[{"taxonomy":"product_brand","embeddable":true,"href":"https:\/\/roveyayinevi.com.tr\/index.php\/wp-json\/wp\/v2\/product_brand?post=706781"},{"taxonomy":"product_cat","embeddable":true,"href":"https:\/\/roveyayinevi.com.tr\/index.php\/wp-json\/wp\/v2\/product_cat?post=706781"},{"taxonomy":"product_tag","embeddable":true,"href":"https:\/\/roveyayinevi.com.tr\/index.php\/wp-json\/wp\/v2\/product_tag?post=706781"}],"curies":[{"name":"wp","href":"https:\/\/api.w.org\/{rel}","templated":true}]}}