{"id":706780,"date":"2025-08-27T15:59:28","date_gmt":"2025-08-27T12:59:28","guid":{"rendered":"https:\/\/roveyayinevi.com.tr\/index.php\/urun\/edebiyata-dair\/"},"modified":"2026-04-13T02:19:35","modified_gmt":"2026-04-12T23:19:35","slug":"edebiyata-dair","status":"publish","type":"product","link":"https:\/\/roveyayinevi.com.tr\/index.php\/urun\/edebiyata-dair\/","title":{"rendered":"Edebiyata Dair"},"content":{"rendered":"<p>Kendime s\u0131k\u00e7a sordu\u011fum bir soru var: Bug\u00fcn bana birileri yar\u0131n kozmik bir felaketin evreni yok edece\u011fini s\u00f6ylese, yani bug\u00fcn yazd\u0131\u011f\u0131m\u0131 yar\u0131n okuyacak hi\u00e7 kimse kalmazsa, yine de yazar m\u0131y\u0131m?\u0130lk anda buna hay\u0131r yan\u0131t\u0131 veriyorum. Kimse beni okuyamayacaksa neden yazay\u0131m ki? \u0130kinci anda yan\u0131t\u0131m evet oluyor ama sadece galaksilerin ya\u015fad\u0131\u011f\u0131 felakette birka\u00e7 y\u0131ld\u0131z\u0131n hayatta kalabilece\u011fine ve yar\u0131n bir g\u00fcn birilerinin benim g\u00f6stergelerimin s\u0131rr\u0131n\u0131 \u00e7\u00f6zebilece\u011fine y\u00f6nelik umutsuz inanc\u0131m y\u00fcz\u00fcnden. O halde, K\u0131yamet\u2019in e\u015fi\u011findeyken bile yazman\u0131n h\u00e2l\u00e2 bir anlam\u0131 var.Umberto Eco\u2019nun 1980\u2019lerden ba\u015flayarak 2000\u2019lerin ba\u015f\u0131na kadar kaleme ald\u0131\u011f\u0131 denemelerinin yer ald\u0131\u011f\u0131 Edebiyata Dair, Dante, Nerval, Cervantes, Borges, Shakespeare, Joyce, Wilde gibi Bat\u0131 edebiyat\u0131na y\u00f6n vermi\u015f pek \u00e7ok yazar\u0131n metinleri \u00fczerinden edebiyat sorunsal\u0131n\u0131 irdeler: Neden yazar\u0131z? Edebiyat\u0131n toplumsal ve bireysel ya\u015famlar\u0131m\u0131zda \u00fcstlendi\u011fi i\u015flevler nelerdir? Edebiyat ile tarihsel olaylar\u0131n geli\u015fim s\u00fcre\u00e7leri aras\u0131nda ne t\u00fcr etkile\u015fimler bulunur? Kurmaca d\u00fcnyalar\u0131n do\u011fas\u0131 nedir? Uzam, s\u00f6zc\u00fcklerle nas\u0131l temsil edilir? Metinler kendi aralar\u0131nda nas\u0131l s\u00f6yle\u015fir&#8230;Edebiyata Dair, Eco\u2019nun salt kuramc\u0131 kimli\u011fiyle de\u011fil, ayn\u0131 zamanda kendi deneyimlerini \u201csamimiyetle\u201d payla\u015fan bir romanc\u0131 olarak da rehberlik etti\u011fi, edebiyat evreninde bir ke\u015fif yolculu\u011fu\u2026 <\/p>\n","protected":false},"excerpt":{"rendered":"<p>Kendime s\u0131k\u00e7a sordu\u011fum bir soru var: Bug\u00fcn bana birileri yar\u0131n kozmik bir felaketin evreni yok edece\u011fini s\u00f6ylese, yani bug\u00fcn yazd\u0131\u011f\u0131m\u0131 yar\u0131n okuyacak hi\u00e7 kimse kalmazsa, yine<span class=\"excerpt-hellip\"> [\u2026]<\/span><\/p>\n","protected":false},"featured_media":0,"template":"","meta":{"_monsterinsights_skip_tracking":false,"_monsterinsights_sitenote_active":false,"_monsterinsights_sitenote_note":"","_monsterinsights_sitenote_category":0},"product_brand":[],"product_cat":[12291,12711],"product_tag":[],"class_list":{"0":"post-706780","1":"product","2":"type-product","3":"status-publish","5":"product_cat-edebiyat","6":"product_cat-roman-oyku","7":"pa_cilt-ciltsiz","8":"pa_tur-kitap","9":"pa_yayinevi-can-yayinlari","10":"pa_yazar-umberto-eco","12":"first","13":"instock","14":"sale","15":"shipping-taxable","16":"purchasable","17":"product-type-simple"},"_links":{"self":[{"href":"https:\/\/roveyayinevi.com.tr\/index.php\/wp-json\/wp\/v2\/product\/706780","targetHints":{"allow":["GET"]}}],"collection":[{"href":"https:\/\/roveyayinevi.com.tr\/index.php\/wp-json\/wp\/v2\/product"}],"about":[{"href":"https:\/\/roveyayinevi.com.tr\/index.php\/wp-json\/wp\/v2\/types\/product"}],"wp:attachment":[{"href":"https:\/\/roveyayinevi.com.tr\/index.php\/wp-json\/wp\/v2\/media?parent=706780"}],"wp:term":[{"taxonomy":"product_brand","embeddable":true,"href":"https:\/\/roveyayinevi.com.tr\/index.php\/wp-json\/wp\/v2\/product_brand?post=706780"},{"taxonomy":"product_cat","embeddable":true,"href":"https:\/\/roveyayinevi.com.tr\/index.php\/wp-json\/wp\/v2\/product_cat?post=706780"},{"taxonomy":"product_tag","embeddable":true,"href":"https:\/\/roveyayinevi.com.tr\/index.php\/wp-json\/wp\/v2\/product_tag?post=706780"}],"curies":[{"name":"wp","href":"https:\/\/api.w.org\/{rel}","templated":true}]}}