{"id":706778,"date":"2025-08-27T15:59:27","date_gmt":"2025-08-27T12:59:27","guid":{"rendered":"https:\/\/roveyayinevi.com.tr\/index.php\/urun\/baharat-ulkesinin-hazin-tarihi\/"},"modified":"2026-04-16T02:15:36","modified_gmt":"2026-04-15T23:15:36","slug":"baharat-ulkesinin-hazin-tarihi","status":"publish","type":"product","link":"https:\/\/roveyayinevi.com.tr\/index.php\/urun\/baharat-ulkesinin-hazin-tarihi\/","title":{"rendered":"Baharat \u00dclkesi&#8217;nin Hazin Tarihi"},"content":{"rendered":"<p>Erendiz Atas\u00fc, T\u00fcrkiye tarihindeki k\u0131r\u0131lma anlar\u0131na dair ayr\u0131nt\u0131l\u0131 eserleriyle ince ince \u00f6rd\u00fc\u011f\u00fc edebiyat\u0131na Baharat \u00dclkesi\u2019nin Hazin Tarihi\u2019yle \u00f6nemli bir tu\u011fla daha koyuyor. Ge\u00e7mi\u015fi, bug\u00fcn\u00fc ve yar\u0131n\u0131yla d\u00fcnya tarihinde farkl\u0131 isimlerle, defalarca kar\u015f\u0131m\u0131za \u00e7\u0131kan hayal\u00ee Baharat \u00dclkesi\u2019nin \u201cmodernle\u015fme\u201d maceras\u0131n\u0131, ak\u0131llarda uzun s\u00fcre yer edecek \u00e7arp\u0131c\u0131 karakterlerle birlikte sunuyor. <\/p>\n","protected":false},"excerpt":{"rendered":"<p>Erendiz Atas\u00fc, T\u00fcrkiye tarihindeki k\u0131r\u0131lma anlar\u0131na dair ayr\u0131nt\u0131l\u0131 eserleriyle ince ince \u00f6rd\u00fc\u011f\u00fc edebiyat\u0131na Baharat \u00dclkesi\u2019nin Hazin Tarihi\u2019yle \u00f6nemli bir tu\u011fla daha koyuyor. Ge\u00e7mi\u015fi, bug\u00fcn\u00fc ve yar\u0131n\u0131yla<span class=\"excerpt-hellip\"> [\u2026]<\/span><\/p>\n","protected":false},"featured_media":0,"template":"","meta":{"_monsterinsights_skip_tracking":false,"_monsterinsights_sitenote_active":false,"_monsterinsights_sitenote_note":"","_monsterinsights_sitenote_category":0},"product_brand":[],"product_cat":[12291,12292],"product_tag":[],"class_list":{"0":"post-706778","1":"product","2":"type-product","3":"status-publish","5":"product_cat-edebiyat","6":"product_cat-turk-edebiyati","7":"pa_cilt-ciltsiz","8":"pa_tur-kitap","9":"pa_yayinevi-can-yayinlari","10":"pa_yazar-erendiz-atasu","12":"first","13":"instock","14":"sale","15":"shipping-taxable","16":"purchasable","17":"product-type-simple"},"_links":{"self":[{"href":"https:\/\/roveyayinevi.com.tr\/index.php\/wp-json\/wp\/v2\/product\/706778","targetHints":{"allow":["GET"]}}],"collection":[{"href":"https:\/\/roveyayinevi.com.tr\/index.php\/wp-json\/wp\/v2\/product"}],"about":[{"href":"https:\/\/roveyayinevi.com.tr\/index.php\/wp-json\/wp\/v2\/types\/product"}],"wp:attachment":[{"href":"https:\/\/roveyayinevi.com.tr\/index.php\/wp-json\/wp\/v2\/media?parent=706778"}],"wp:term":[{"taxonomy":"product_brand","embeddable":true,"href":"https:\/\/roveyayinevi.com.tr\/index.php\/wp-json\/wp\/v2\/product_brand?post=706778"},{"taxonomy":"product_cat","embeddable":true,"href":"https:\/\/roveyayinevi.com.tr\/index.php\/wp-json\/wp\/v2\/product_cat?post=706778"},{"taxonomy":"product_tag","embeddable":true,"href":"https:\/\/roveyayinevi.com.tr\/index.php\/wp-json\/wp\/v2\/product_tag?post=706778"}],"curies":[{"name":"wp","href":"https:\/\/api.w.org\/{rel}","templated":true}]}}