{"id":706777,"date":"2025-08-27T15:59:27","date_gmt":"2025-08-27T12:59:27","guid":{"rendered":"https:\/\/roveyayinevi.com.tr\/index.php\/urun\/aklimla-dalga-gecme\/"},"modified":"2026-04-16T02:15:36","modified_gmt":"2026-04-15T23:15:36","slug":"aklimla-dalga-gecme","status":"publish","type":"product","link":"https:\/\/roveyayinevi.com.tr\/index.php\/urun\/aklimla-dalga-gecme\/","title":{"rendered":"Akl\u0131mla Dalga Ge\u00e7me"},"content":{"rendered":"<p>Bu kitapla, zaman\u0131n zihinlerinizden ister istemez sildiklerini size yeniden hat\u0131rlataca\u011f\u0131m.Hat\u0131rlad\u0131klar\u0131n\u0131z zaman zaman sizi g\u00fcl\u00fcmsetecek, zaman zaman da \u00f6fkelenip \u201cakl\u0131mla dalga ge\u00e7me\u201d diyeceksiniz.Fatih Portakal\u2019\u0131n habercilik mesle\u011fini s\u00fcrd\u00fcr\u00fcrken tuttu\u011fu bu notlar\u0131 okuduk\u00e7a ne kadar yo\u011fun ve kalabal\u0131k bir g\u00fcndemin i\u00e7inden ge\u00e7mekte oldu\u011fumuzu ve bunun do\u011fal sonucu olarak da ne kadar \u00e7ok \u015feyi unuttu\u011fumuzu fark edeceksiniz. Unutmu\u015f olduklar\u0131n\u0131z\u0131 hat\u0131rlad\u0131klar\u0131n\u0131za ekledi\u011finizde b\u00fcy\u00fck resimde neler de\u011fi\u015fecek? Karar sizin\u2026 <\/p>\n","protected":false},"excerpt":{"rendered":"<p>Bu kitapla, zaman\u0131n zihinlerinizden ister istemez sildiklerini size yeniden hat\u0131rlataca\u011f\u0131m.Hat\u0131rlad\u0131klar\u0131n\u0131z zaman zaman sizi g\u00fcl\u00fcmsetecek, zaman zaman da \u00f6fkelenip \u201cakl\u0131mla dalga ge\u00e7me\u201d diyeceksiniz.Fatih Portakal\u2019\u0131n habercilik mesle\u011fini s\u00fcrd\u00fcr\u00fcrken<span class=\"excerpt-hellip\"> [\u2026]<\/span><\/p>\n","protected":false},"featured_media":0,"template":"","meta":{"_monsterinsights_skip_tracking":false,"_monsterinsights_sitenote_active":false,"_monsterinsights_sitenote_note":"","_monsterinsights_sitenote_category":0},"product_brand":[],"product_cat":[13590,12337],"product_tag":[],"class_list":{"0":"post-706777","1":"product","2":"type-product","3":"status-publish","5":"product_cat-arastirma-inceleme-politika-siyaset","6":"product_cat-politika-siyaset","7":"pa_cilt-ciltsiz","8":"pa_tur-kitap","9":"pa_yayinevi-can-yayinlari","10":"pa_yazar-fatih-portakal","12":"first","13":"instock","14":"sale","15":"shipping-taxable","16":"purchasable","17":"product-type-simple"},"_links":{"self":[{"href":"https:\/\/roveyayinevi.com.tr\/index.php\/wp-json\/wp\/v2\/product\/706777","targetHints":{"allow":["GET"]}}],"collection":[{"href":"https:\/\/roveyayinevi.com.tr\/index.php\/wp-json\/wp\/v2\/product"}],"about":[{"href":"https:\/\/roveyayinevi.com.tr\/index.php\/wp-json\/wp\/v2\/types\/product"}],"wp:attachment":[{"href":"https:\/\/roveyayinevi.com.tr\/index.php\/wp-json\/wp\/v2\/media?parent=706777"}],"wp:term":[{"taxonomy":"product_brand","embeddable":true,"href":"https:\/\/roveyayinevi.com.tr\/index.php\/wp-json\/wp\/v2\/product_brand?post=706777"},{"taxonomy":"product_cat","embeddable":true,"href":"https:\/\/roveyayinevi.com.tr\/index.php\/wp-json\/wp\/v2\/product_cat?post=706777"},{"taxonomy":"product_tag","embeddable":true,"href":"https:\/\/roveyayinevi.com.tr\/index.php\/wp-json\/wp\/v2\/product_tag?post=706777"}],"curies":[{"name":"wp","href":"https:\/\/api.w.org\/{rel}","templated":true}]}}