{"id":706776,"date":"2025-08-27T15:59:26","date_gmt":"2025-08-27T12:59:26","guid":{"rendered":"https:\/\/roveyayinevi.com.tr\/index.php\/urun\/cizmeli-kedi-3\/"},"modified":"2026-04-16T02:15:36","modified_gmt":"2026-04-15T23:15:36","slug":"cizmeli-kedi-3","status":"publish","type":"product","link":"https:\/\/roveyayinevi.com.tr\/index.php\/urun\/cizmeli-kedi-3\/","title":{"rendered":"\u00c7izmeli Kedi"},"content":{"rendered":"<p>Meshur \u00c7izmeli Kedi masal\u0131n\u0131 bir de Erich Kastner\u2019den dinleyin!Babalar\u0131 \u00f6ld\u00fc\u011f\u00fcnde, de\u011firmencinin \u00fc\u00e7 o\u011flu miras\u0131 b\u00f6l\u00fc\u015f\u00fcrler.En b\u00fcy\u00fckleri de\u011firmeni al\u0131r. Ortancalar\u0131n\u0131n pay\u0131na, hi\u00e7 de\u011filse y\u00fck ta\u015f\u0131yabilen e\u015fek d\u00fc\u015fer. En k\u00fc\u00e7\u00fckleri Hans\u2019a miras kalan tek \u015fey ise kedidir. Bir kediyle nas\u0131l ge\u00e7inilir ki? \u00c7ok ge\u00e7meden, bu kedinin \u00f6yle s\u0131radan bir hayvan olmad\u0131\u011f\u0131 anla\u015f\u0131l\u0131r. Konu\u015fabilen, ne yap\u0131laca\u011f\u0131na dair harika fikirleri olan bir kedidir bu. Tabii \u00f6ncelikle ye\u015fil bir av \u00e7antas\u0131na, bir \u00e7uvala ve uzun \u00e7izmelere ihtiyac\u0131 vard\u0131r.\u00c7a\u011fda\u015f \u00e7ocuk edebiyat\u0131nda \u00e7\u0131\u011f\u0131r a\u015fan yazarlardan Kastner, kendi \u00fcslubu ve espri anlay\u0131\u015f\u0131yla, bu sevilen masal\u0131 yeniden yorumluyor.<\/p>\n","protected":false},"excerpt":{"rendered":"<p>Meshur \u00c7izmeli Kedi masal\u0131n\u0131 bir de Erich Kastner\u2019den dinleyin!Babalar\u0131 \u00f6ld\u00fc\u011f\u00fcnde, de\u011firmencinin \u00fc\u00e7 o\u011flu miras\u0131 b\u00f6l\u00fc\u015f\u00fcrler.En b\u00fcy\u00fckleri de\u011firmeni al\u0131r. Ortancalar\u0131n\u0131n pay\u0131na, hi\u00e7 de\u011filse y\u00fck ta\u015f\u0131yabilen e\u015fek d\u00fc\u015fer.<span class=\"excerpt-hellip\"> [\u2026]<\/span><\/p>\n","protected":false},"featured_media":0,"template":"","meta":{"_monsterinsights_skip_tracking":false,"_monsterinsights_sitenote_active":false,"_monsterinsights_sitenote_note":"","_monsterinsights_sitenote_category":0},"product_brand":[],"product_cat":[12274,12284],"product_tag":[],"class_list":{"0":"post-706776","1":"product","2":"type-product","3":"status-publish","5":"product_cat-cocuk-ve-genclik-kitaplari","6":"product_cat-hikayeler","7":"pa_cilt-ciltsiz","8":"pa_tur-kitap","9":"pa_yayinevi-can-cocuk-yayinlari","10":"pa_yazar-valter-trier","12":"first","13":"instock","14":"sale","15":"shipping-taxable","16":"purchasable","17":"product-type-simple"},"_links":{"self":[{"href":"https:\/\/roveyayinevi.com.tr\/index.php\/wp-json\/wp\/v2\/product\/706776","targetHints":{"allow":["GET"]}}],"collection":[{"href":"https:\/\/roveyayinevi.com.tr\/index.php\/wp-json\/wp\/v2\/product"}],"about":[{"href":"https:\/\/roveyayinevi.com.tr\/index.php\/wp-json\/wp\/v2\/types\/product"}],"wp:attachment":[{"href":"https:\/\/roveyayinevi.com.tr\/index.php\/wp-json\/wp\/v2\/media?parent=706776"}],"wp:term":[{"taxonomy":"product_brand","embeddable":true,"href":"https:\/\/roveyayinevi.com.tr\/index.php\/wp-json\/wp\/v2\/product_brand?post=706776"},{"taxonomy":"product_cat","embeddable":true,"href":"https:\/\/roveyayinevi.com.tr\/index.php\/wp-json\/wp\/v2\/product_cat?post=706776"},{"taxonomy":"product_tag","embeddable":true,"href":"https:\/\/roveyayinevi.com.tr\/index.php\/wp-json\/wp\/v2\/product_tag?post=706776"}],"curies":[{"name":"wp","href":"https:\/\/api.w.org\/{rel}","templated":true}]}}