{"id":706775,"date":"2025-08-27T15:59:26","date_gmt":"2025-08-27T12:59:26","guid":{"rendered":"https:\/\/roveyayinevi.com.tr\/index.php\/urun\/lumpen-roman\/"},"modified":"2026-04-16T02:15:36","modified_gmt":"2026-04-15T23:15:36","slug":"lumpen-roman","status":"publish","type":"product","link":"https:\/\/roveyayinevi.com.tr\/index.php\/urun\/lumpen-roman\/","title":{"rendered":"L\u00fcmpen Roman"},"content":{"rendered":"<p>Art\u0131k bir anne ve evli bir kad\u0131n\u0131m, oysa k\u0131sa bir s\u00fcre \u00f6ncesine kadar bir su\u00e7luydum. Karde\u015fimle ben \u00f6ks\u00fcz kalm\u0131\u015ft\u0131k. Bu, bir \u015fekilde her \u015feyi hakl\u0131 \u00e7\u0131kar\u0131yordu. Kimsemiz yoktu. Ve her \u015fey bir gecede olmu\u015ftu.Anne babalar\u0131 bir trafik kazas\u0131nda \u00f6l\u00fcnce erkek karde\u015fiyle Roma\u2019da yapayaln\u0131z kalan Bianca, iki gizemli adam\u0131n e\u015fli\u011finde yeti\u015fkinlerin d\u00fcnyas\u0131na ad\u0131m att\u0131\u011f\u0131nda, ba\u015fkalar\u0131n\u0131n oldu\u011fu kadar kendisinin de derinlerinde yatan en karanl\u0131k y\u00f6nlerini ke\u015ffedecektir.Roberto Bola\u00f1o\u2019nun hayattayken yay\u0131mlad\u0131\u011f\u0131 son kitab\u0131 olan L\u00fcmpen Roman, eri\u015fkinli\u011fin k\u0131y\u0131s\u0131nda \u015fekillenen bir \u00f6zg\u00fcr irade \u00f6yk\u00fcs\u00fc. <\/p>\n","protected":false},"excerpt":{"rendered":"<p>Art\u0131k bir anne ve evli bir kad\u0131n\u0131m, oysa k\u0131sa bir s\u00fcre \u00f6ncesine kadar bir su\u00e7luydum. Karde\u015fimle ben \u00f6ks\u00fcz kalm\u0131\u015ft\u0131k. Bu, bir \u015fekilde her \u015feyi hakl\u0131 \u00e7\u0131kar\u0131yordu.<span class=\"excerpt-hellip\"> [\u2026]<\/span><\/p>\n","protected":false},"featured_media":0,"template":"","meta":{"_monsterinsights_skip_tracking":false,"_monsterinsights_sitenote_active":false,"_monsterinsights_sitenote_note":"","_monsterinsights_sitenote_category":0},"product_brand":[],"product_cat":[12291,12711],"product_tag":[],"class_list":{"0":"post-706775","1":"product","2":"type-product","3":"status-publish","5":"product_cat-edebiyat","6":"product_cat-roman-oyku","7":"pa_cilt-ciltsiz","8":"pa_tur-kitap","9":"pa_yayinevi-can-yayinlari","10":"pa_yazar-roberto-bolano","12":"first","13":"instock","14":"sale","15":"shipping-taxable","16":"purchasable","17":"product-type-simple"},"_links":{"self":[{"href":"https:\/\/roveyayinevi.com.tr\/index.php\/wp-json\/wp\/v2\/product\/706775","targetHints":{"allow":["GET"]}}],"collection":[{"href":"https:\/\/roveyayinevi.com.tr\/index.php\/wp-json\/wp\/v2\/product"}],"about":[{"href":"https:\/\/roveyayinevi.com.tr\/index.php\/wp-json\/wp\/v2\/types\/product"}],"wp:attachment":[{"href":"https:\/\/roveyayinevi.com.tr\/index.php\/wp-json\/wp\/v2\/media?parent=706775"}],"wp:term":[{"taxonomy":"product_brand","embeddable":true,"href":"https:\/\/roveyayinevi.com.tr\/index.php\/wp-json\/wp\/v2\/product_brand?post=706775"},{"taxonomy":"product_cat","embeddable":true,"href":"https:\/\/roveyayinevi.com.tr\/index.php\/wp-json\/wp\/v2\/product_cat?post=706775"},{"taxonomy":"product_tag","embeddable":true,"href":"https:\/\/roveyayinevi.com.tr\/index.php\/wp-json\/wp\/v2\/product_tag?post=706775"}],"curies":[{"name":"wp","href":"https:\/\/api.w.org\/{rel}","templated":true}]}}