{"id":706773,"date":"2025-08-27T15:59:25","date_gmt":"2025-08-27T12:59:25","guid":{"rendered":"https:\/\/roveyayinevi.com.tr\/index.php\/urun\/her-sey-ayri-yazilir\/"},"modified":"2026-04-16T02:15:36","modified_gmt":"2026-04-15T23:15:36","slug":"her-sey-ayri-yazilir","status":"publish","type":"product","link":"https:\/\/roveyayinevi.com.tr\/index.php\/urun\/her-sey-ayri-yazilir\/","title":{"rendered":"Her \u015eey Ayr\u0131 Yaz\u0131l\u0131r"},"content":{"rendered":"<p>\u0130nsan, g\u00f6lgesiyle neyi temsil eder? Bir g\u00f6lge kendisinin olu\u015fmas\u0131na yol a\u00e7an g\u00f6vdeyi tan\u0131yabilir mi? G\u00f6lge ile g\u00f6vdenin ortak bir \u00f6devi, ortak bir bilinci, ortak bir d\u00fc\u015f\u00fc var m\u0131d\u0131r?Edebiyat\u0131n pek \u00e7ok alan\u0131nda kalem oynatan k\u00fc\u00e7\u00fck \u0130skender\u2019den hareketli, cesur, demir leblebi denemeler. \u201cHer \u015eey\u201d Ayr\u0131 Yaz\u0131l\u0131r\u2019\u0131n okuru \u015fimdiden \u015fansl\u0131; son d\u00f6nem \u015fiirimizin en etkili isimlerinden birinin d\u00fc\u015f\u00fcnce d\u00fcnyas\u0131na girecekler, t\u00fcrler aras\u0131 bir yaz\u0131n\u0131n, t\u00fcm\u00fcyle \u00f6zg\u00fcr ve \u00f6zg\u00fcrl\u00fck\u00e7\u00fc, apayd\u0131nl\u0131k bir zihnin izini s\u00fcrecekler. \u0130skender\u2019in \u00fclkede ya\u015fanan ve akl\u0131 ba\u015f\u0131nda (ya da bulutlarda) herkesi yak\u0131ndan ilgilendiren sorunlara yakla\u015f\u0131m\u0131, hayranl\u0131k uyand\u0131racak kadar i\u00e7 a\u00e7\u0131c\u0131. Okuyun, kendinize arma\u011fan edin. <\/p>\n","protected":false},"excerpt":{"rendered":"<p>\u0130nsan, g\u00f6lgesiyle neyi temsil eder? Bir g\u00f6lge kendisinin olu\u015fmas\u0131na yol a\u00e7an g\u00f6vdeyi tan\u0131yabilir mi? G\u00f6lge ile g\u00f6vdenin ortak bir \u00f6devi, ortak bir bilinci, ortak bir d\u00fc\u015f\u00fc<span class=\"excerpt-hellip\"> [\u2026]<\/span><\/p>\n","protected":false},"featured_media":0,"template":"","meta":{"_monsterinsights_skip_tracking":false,"_monsterinsights_sitenote_active":false,"_monsterinsights_sitenote_note":"","_monsterinsights_sitenote_category":0},"product_brand":[],"product_cat":[12777,12291],"product_tag":[],"class_list":{"0":"post-706773","1":"product","2":"type-product","3":"status-publish","5":"product_cat-deneme","6":"product_cat-edebiyat","7":"pa_cilt-ciltsiz","8":"pa_tur-kitap","9":"pa_yayinevi-can-yayinlari","10":"pa_yazar-kucuk-iskender","12":"first","13":"instock","14":"sale","15":"shipping-taxable","16":"purchasable","17":"product-type-simple"},"_links":{"self":[{"href":"https:\/\/roveyayinevi.com.tr\/index.php\/wp-json\/wp\/v2\/product\/706773","targetHints":{"allow":["GET"]}}],"collection":[{"href":"https:\/\/roveyayinevi.com.tr\/index.php\/wp-json\/wp\/v2\/product"}],"about":[{"href":"https:\/\/roveyayinevi.com.tr\/index.php\/wp-json\/wp\/v2\/types\/product"}],"wp:attachment":[{"href":"https:\/\/roveyayinevi.com.tr\/index.php\/wp-json\/wp\/v2\/media?parent=706773"}],"wp:term":[{"taxonomy":"product_brand","embeddable":true,"href":"https:\/\/roveyayinevi.com.tr\/index.php\/wp-json\/wp\/v2\/product_brand?post=706773"},{"taxonomy":"product_cat","embeddable":true,"href":"https:\/\/roveyayinevi.com.tr\/index.php\/wp-json\/wp\/v2\/product_cat?post=706773"},{"taxonomy":"product_tag","embeddable":true,"href":"https:\/\/roveyayinevi.com.tr\/index.php\/wp-json\/wp\/v2\/product_tag?post=706773"}],"curies":[{"name":"wp","href":"https:\/\/api.w.org\/{rel}","templated":true}]}}