{"id":706771,"date":"2025-08-27T15:59:24","date_gmt":"2025-08-27T12:59:24","guid":{"rendered":"https:\/\/roveyayinevi.com.tr\/index.php\/urun\/acik-yapit\/"},"modified":"2026-04-16T02:15:36","modified_gmt":"2026-04-15T23:15:36","slug":"acik-yapit","status":"publish","type":"product","link":"https:\/\/roveyayinevi.com.tr\/index.php\/urun\/acik-yapit\/","title":{"rendered":"A\u00e7\u0131k Yap\u0131t"},"content":{"rendered":"<p>1962 y\u0131l\u0131nda yay\u0131mland\u0131\u011f\u0131nda d\u00fcnya \u00e7ap\u0131nda b\u00fcy\u00fck yank\u0131 uyand\u0131ran ve yap\u0131t ile okur\/izleyici aras\u0131ndaki etkile\u015fimin dinamiklerinin \u00f6ne \u00e7\u0131kar\u0131ld\u0131\u011f\u0131 A\u00e7\u0131k Yap\u0131t, 20. y\u00fczy\u0131l\u0131n poetika literat\u00fcr\u00fcne son derece \u00f6nemli bir katk\u0131&#8230;Umberto Eco, bu \u00e7al\u0131\u015fmas\u0131nda m\u00fczik, edebiyat ve g\u00f6rsel sanat \u00f6rnekleri \u00fczerinden d\u00f6nemin avangard poetikalar\u0131n\u0131n izini s\u00fcrer ve bu t\u00fcr yap\u0131tlara ele\u015ftirel yakla\u015f\u0131m\u0131 olanakl\u0131 k\u0131lacak bir metodoloji \u00f6nerir. Yelpazesini geni\u015f tuttu\u011fu bir bilimsel ve metodolojik zeminden yola \u00e7\u0131kan Eco, avangard sanat esteti\u011finin belkemi\u011fini olu\u015fturan \u201ca\u00e7\u0131kl\u0131k\u201d kategorisi ekseninde sanat yap\u0131t\u0131n\u0131n anlamland\u0131r\u0131lma s\u00fcrecini analiz eder. Bu \u00e7er\u00e7evede \u201c\u00e7okluk\u201d, \u201c\u00e7o\u011fulluk\u201d, \u201c\u00e7okanlaml\u0131l\u0131k\u201d kavramlar\u0131na \u00f6zel bir vurgu yaparak yap\u0131t\u0131n anlamland\u0131r\u0131lma s\u00fcrecinde oda\u011f\u0131 \u201cyarat\u0131c\u0131\u201ddan okura\/izleyiciye kayd\u0131r\u0131r. <\/p>\n","protected":false},"excerpt":{"rendered":"<p>1962 y\u0131l\u0131nda yay\u0131mland\u0131\u011f\u0131nda d\u00fcnya \u00e7ap\u0131nda b\u00fcy\u00fck yank\u0131 uyand\u0131ran ve yap\u0131t ile okur\/izleyici aras\u0131ndaki etkile\u015fimin dinamiklerinin \u00f6ne \u00e7\u0131kar\u0131ld\u0131\u011f\u0131 A\u00e7\u0131k Yap\u0131t, 20. y\u00fczy\u0131l\u0131n poetika literat\u00fcr\u00fcne son derece \u00f6nemli<span class=\"excerpt-hellip\"> [\u2026]<\/span><\/p>\n","protected":false},"featured_media":0,"template":"","meta":{"_monsterinsights_skip_tracking":false,"_monsterinsights_sitenote_active":false,"_monsterinsights_sitenote_note":"","_monsterinsights_sitenote_category":0},"product_brand":[],"product_cat":[12291,14218],"product_tag":[],"class_list":{"0":"post-706771","1":"product","2":"type-product","3":"status-publish","5":"product_cat-edebiyat","6":"product_cat-italyan-edebiyati","7":"pa_cilt-ciltsiz","8":"pa_tur-kitap","9":"pa_yayinevi-can-yayinlari","10":"pa_yazar-umberto-eco","12":"first","13":"instock","14":"sale","15":"shipping-taxable","16":"purchasable","17":"product-type-simple"},"_links":{"self":[{"href":"https:\/\/roveyayinevi.com.tr\/index.php\/wp-json\/wp\/v2\/product\/706771","targetHints":{"allow":["GET"]}}],"collection":[{"href":"https:\/\/roveyayinevi.com.tr\/index.php\/wp-json\/wp\/v2\/product"}],"about":[{"href":"https:\/\/roveyayinevi.com.tr\/index.php\/wp-json\/wp\/v2\/types\/product"}],"wp:attachment":[{"href":"https:\/\/roveyayinevi.com.tr\/index.php\/wp-json\/wp\/v2\/media?parent=706771"}],"wp:term":[{"taxonomy":"product_brand","embeddable":true,"href":"https:\/\/roveyayinevi.com.tr\/index.php\/wp-json\/wp\/v2\/product_brand?post=706771"},{"taxonomy":"product_cat","embeddable":true,"href":"https:\/\/roveyayinevi.com.tr\/index.php\/wp-json\/wp\/v2\/product_cat?post=706771"},{"taxonomy":"product_tag","embeddable":true,"href":"https:\/\/roveyayinevi.com.tr\/index.php\/wp-json\/wp\/v2\/product_tag?post=706771"}],"curies":[{"name":"wp","href":"https:\/\/api.w.org\/{rel}","templated":true}]}}