{"id":706769,"date":"2025-08-27T15:59:23","date_gmt":"2025-08-27T12:59:23","guid":{"rendered":"https:\/\/roveyayinevi.com.tr\/index.php\/urun\/elayussadan-kacis\/"},"modified":"2026-04-16T02:15:36","modified_gmt":"2026-04-15T23:15:36","slug":"elayussadan-kacis","status":"publish","type":"product","link":"https:\/\/roveyayinevi.com.tr\/index.php\/urun\/elayussadan-kacis\/","title":{"rendered":"Elayussa\u2019dan Ka\u00e7\u0131\u015f"},"content":{"rendered":"<p>Antik Roma kenti Elayussa, b\u00fcy\u00fck bir komploya sahne olmak \u00fczere!Kapadokya Kral\u0131 Archelaos\u2019un, Roma taraf\u0131ndan Da\u011fl\u0131k Kilikya\u2019n\u0131n bir b\u00f6l\u00fcm\u00fcn\u00fc y\u00f6netmek \u00fczere Akdeniz liman kenti Elayussa\u2019ya atanmas\u0131ndan bu yana y\u0131llar ge\u00e7se de, Roma hakimiyetini reddeden bir kesimin ona kar\u015f\u0131 d\u00fc\u015fmanl\u0131\u011f\u0131 ilk g\u00fcnk\u00fc canl\u0131l\u0131\u011f\u0131n\u0131 korumaktad\u0131r. Kral\u2019\u0131n Ye\u011feni Zenas ise ona ba\u015fka bir konuda k\u0131zg\u0131nd\u0131r: Y\u0131llard\u0131r bak\u0131p besledi\u011fi gen\u00e7 kaplan ve fil, Kral\u2019\u0131n emriyle \u0130mparator Augustus\u2019a hediye edilecektir. Bir g\u00fcn, Kral ve babas\u0131 bir g\u00f6rev i\u00e7in kenti terk ettiklerinde, Zenas ve en iyi arkada\u015f\u0131 Leia, Kral\u2019a d\u00fczenlenecek bir komplonun duyumunu al\u0131rlar. Kaplan\u0131 ve fili g\u00f6t\u00fcrecek gemi de Elayussa Liman\u0131\u2019na yana\u015fm\u0131\u015ft\u0131r bile. \u00c7ocuklar\u0131n \u00f6n\u00fcnde, engellenmesi gereken iki b\u00fcy\u00fck mesele vard\u0131r. Yard\u0131m\u0131n gelip gelmeyece\u011fi ise me\u00e7huld\u00fcr.Arkeolog, yazar Nesibe \u00c7ak\u0131r, okurlar\u0131 M\u00d6 1. y\u00fczy\u0131l\u0131n sonlar\u0131na, bug\u00fcn Mersin s\u0131n\u0131rlar\u0131 i\u00e7erisinde yer alan antik kent Elaiussa Sebaste\u2019de soluksuz bir <\/p>\n","protected":false},"excerpt":{"rendered":"<p>Antik Roma kenti Elayussa, b\u00fcy\u00fck bir komploya sahne olmak \u00fczere!Kapadokya Kral\u0131 Archelaos\u2019un, Roma taraf\u0131ndan Da\u011fl\u0131k Kilikya\u2019n\u0131n bir b\u00f6l\u00fcm\u00fcn\u00fc y\u00f6netmek \u00fczere Akdeniz liman kenti Elayussa\u2019ya atanmas\u0131ndan bu<span class=\"excerpt-hellip\"> [\u2026]<\/span><\/p>\n","protected":false},"featured_media":0,"template":"","meta":{"_monsterinsights_skip_tracking":false,"_monsterinsights_sitenote_active":false,"_monsterinsights_sitenote_note":"","_monsterinsights_sitenote_category":0},"product_brand":[],"product_cat":[12274,12284],"product_tag":[],"class_list":{"0":"post-706769","1":"product","2":"type-product","3":"status-publish","5":"product_cat-cocuk-ve-genclik-kitaplari","6":"product_cat-hikayeler","7":"pa_cilt-ciltsiz","8":"pa_tur-kitap","9":"pa_yayinevi-can-yayinlari","10":"pa_yazar-nesibe-cakir","12":"first","13":"instock","14":"sale","15":"shipping-taxable","16":"purchasable","17":"product-type-simple"},"_links":{"self":[{"href":"https:\/\/roveyayinevi.com.tr\/index.php\/wp-json\/wp\/v2\/product\/706769","targetHints":{"allow":["GET"]}}],"collection":[{"href":"https:\/\/roveyayinevi.com.tr\/index.php\/wp-json\/wp\/v2\/product"}],"about":[{"href":"https:\/\/roveyayinevi.com.tr\/index.php\/wp-json\/wp\/v2\/types\/product"}],"wp:attachment":[{"href":"https:\/\/roveyayinevi.com.tr\/index.php\/wp-json\/wp\/v2\/media?parent=706769"}],"wp:term":[{"taxonomy":"product_brand","embeddable":true,"href":"https:\/\/roveyayinevi.com.tr\/index.php\/wp-json\/wp\/v2\/product_brand?post=706769"},{"taxonomy":"product_cat","embeddable":true,"href":"https:\/\/roveyayinevi.com.tr\/index.php\/wp-json\/wp\/v2\/product_cat?post=706769"},{"taxonomy":"product_tag","embeddable":true,"href":"https:\/\/roveyayinevi.com.tr\/index.php\/wp-json\/wp\/v2\/product_tag?post=706769"}],"curies":[{"name":"wp","href":"https:\/\/api.w.org\/{rel}","templated":true}]}}