{"id":706767,"date":"2025-08-27T15:59:22","date_gmt":"2025-08-27T12:59:22","guid":{"rendered":"https:\/\/roveyayinevi.com.tr\/index.php\/urun\/kirmizi-kazak\/"},"modified":"2026-04-16T02:15:36","modified_gmt":"2026-04-15T23:15:36","slug":"kirmizi-kazak","status":"publish","type":"product","link":"https:\/\/roveyayinevi.com.tr\/index.php\/urun\/kirmizi-kazak\/","title":{"rendered":"K\u0131rm\u0131z\u0131 Kazak"},"content":{"rendered":"<p>Kitaplarla i\u00e7 i\u00e7e ge\u00e7mi\u015f denemeleri okumak uzun s\u00fcrer. Y\u0131llar \u00f6nce okudu\u011funuz kitaplar, elinizdeki denemelerle birlikte yeni boyutlar kazan\u0131r, derinle\u015fir, zenginle\u015fir. Okumad\u0131klar\u0131n\u0131z yepyeni ufuklara \u00e7a\u011f\u0131r\u0131r. Bu nedenledir ki, okumad\u0131klar\u0131n\u0131z\u0131 okumak, okuduklar\u0131n\u0131z\u0131 yeniden kar\u0131\u015ft\u0131rmak i\u00e7in sab\u0131rs\u0131zlan\u0131r, elinizdekini b\u0131rak\u0131r, \u201c\u00f6teki metinler\u201dle avarelik edersiniz.Meltem G\u00fcrle\u2019nin denemelerini de okuman\u0131z uzun s\u00fcrecek, ara vereceksiniz, d\u00f6neceksiniz, yeniden durup yeniden ba\u015flayacaks\u0131n\u0131z. Oturacaks\u0131n\u0131z, kalkacaks\u0131n\u0131z, araya ba\u015fka kitaplar girecek. Elinizdeki kitab\u0131n kopyas\u0131 eskiyecek ama okuduklar\u0131n\u0131z de\u011fil. Bu denemeler kendileri eskimeyecekleri gibi eskiden okuduklar\u0131n\u0131z\u0131 da tazeleyip yenileyecek. <\/p>\n","protected":false},"excerpt":{"rendered":"<p>Kitaplarla i\u00e7 i\u00e7e ge\u00e7mi\u015f denemeleri okumak uzun s\u00fcrer. Y\u0131llar \u00f6nce okudu\u011funuz kitaplar, elinizdeki denemelerle birlikte yeni boyutlar kazan\u0131r, derinle\u015fir, zenginle\u015fir. Okumad\u0131klar\u0131n\u0131z yepyeni ufuklara \u00e7a\u011f\u0131r\u0131r. Bu nedenledir<span class=\"excerpt-hellip\"> [\u2026]<\/span><\/p>\n","protected":false},"featured_media":0,"template":"","meta":{"_monsterinsights_skip_tracking":false,"_monsterinsights_sitenote_active":false,"_monsterinsights_sitenote_note":"","_monsterinsights_sitenote_category":0},"product_brand":[],"product_cat":[12777,12291],"product_tag":[],"class_list":{"0":"post-706767","1":"product","2":"type-product","3":"status-publish","5":"product_cat-deneme","6":"product_cat-edebiyat","7":"pa_cilt-ciltsiz","8":"pa_tur-kitap","9":"pa_yayinevi-can-yayinlari","10":"pa_yazar-meltem-gurle","12":"first","13":"instock","14":"sale","15":"shipping-taxable","16":"purchasable","17":"product-type-simple"},"_links":{"self":[{"href":"https:\/\/roveyayinevi.com.tr\/index.php\/wp-json\/wp\/v2\/product\/706767","targetHints":{"allow":["GET"]}}],"collection":[{"href":"https:\/\/roveyayinevi.com.tr\/index.php\/wp-json\/wp\/v2\/product"}],"about":[{"href":"https:\/\/roveyayinevi.com.tr\/index.php\/wp-json\/wp\/v2\/types\/product"}],"wp:attachment":[{"href":"https:\/\/roveyayinevi.com.tr\/index.php\/wp-json\/wp\/v2\/media?parent=706767"}],"wp:term":[{"taxonomy":"product_brand","embeddable":true,"href":"https:\/\/roveyayinevi.com.tr\/index.php\/wp-json\/wp\/v2\/product_brand?post=706767"},{"taxonomy":"product_cat","embeddable":true,"href":"https:\/\/roveyayinevi.com.tr\/index.php\/wp-json\/wp\/v2\/product_cat?post=706767"},{"taxonomy":"product_tag","embeddable":true,"href":"https:\/\/roveyayinevi.com.tr\/index.php\/wp-json\/wp\/v2\/product_tag?post=706767"}],"curies":[{"name":"wp","href":"https:\/\/api.w.org\/{rel}","templated":true}]}}