{"id":706766,"date":"2025-08-27T15:59:21","date_gmt":"2025-08-27T12:59:21","guid":{"rendered":"https:\/\/roveyayinevi.com.tr\/index.php\/urun\/ingiliz-hayalet\/"},"modified":"2026-04-16T02:15:36","modified_gmt":"2026-04-15T23:15:36","slug":"ingiliz-hayalet","status":"publish","type":"product","link":"https:\/\/roveyayinevi.com.tr\/index.php\/urun\/ingiliz-hayalet\/","title":{"rendered":"\u0130ngiliz Hayalet"},"content":{"rendered":"<p>Peter Ackroyd, bu kitapta \u0130ngilizlerin di\u011fer halklardan daha \u00e7ok hayalet g\u00f6rd\u00fcklerini belirtiyor. Cornwall\u2019daki Kelt hayaletlerinden kuzeydeki gulyabanilere ve cinlere kadar her b\u00f6lgenin kendine \u00f6zg\u00fc hayaletleri, hortlaklar\u0131 var. Kitab\u0131n ad\u0131ndan da anla\u015f\u0131laca\u011f\u0131 gibi bu anlat\u0131lar Anglosaksonlar d\u00f6neminden g\u00fcn\u00fcm\u00fcz\u00fcn otostop\u00e7u hayaletlerine uzanan bir kronoloji izliyor.Hayaletlere inansak da inanmasak da, Ackroyd\u2019un \u00e7al\u0131\u015fmas\u0131 zengin bir kaynak olu\u015fturuyor. Dahas\u0131, anlatt\u0131klar\u0131n\u0131 edebiyat kurgusu yapmadan ve g\u00fcndelik olaylar havas\u0131nda aktarmas\u0131 da zevkli bir okuma f\u0131rsat\u0131 sunuyor. Kitapta tan\u0131\u015faca\u011f\u0131n\u0131z hayaletlerin hemen hepsi haks\u0131zl\u0131\u011fa kar\u015f\u0131 \u00e7\u0131k\u0131yor, huzur ar\u0131yor, kimileri de cinler gibi sadece e\u011flence pe\u015finde ko\u015fuyor. <\/p>\n","protected":false},"excerpt":{"rendered":"<p>Peter Ackroyd, bu kitapta \u0130ngilizlerin di\u011fer halklardan daha \u00e7ok hayalet g\u00f6rd\u00fcklerini belirtiyor. Cornwall\u2019daki Kelt hayaletlerinden kuzeydeki gulyabanilere ve cinlere kadar her b\u00f6lgenin kendine \u00f6zg\u00fc hayaletleri, hortlaklar\u0131<span class=\"excerpt-hellip\"> [\u2026]<\/span><\/p>\n","protected":false},"featured_media":0,"template":"","meta":{"_monsterinsights_skip_tracking":false,"_monsterinsights_sitenote_active":false,"_monsterinsights_sitenote_note":"","_monsterinsights_sitenote_category":0},"product_brand":[],"product_cat":[18545,12291],"product_tag":[],"class_list":{"0":"post-706766","1":"product","2":"type-product","3":"status-publish","5":"product_cat-anlati","6":"product_cat-edebiyat","7":"pa_cilt-ciltsiz","8":"pa_tur-kitap","9":"pa_yayinevi-can-yayinlari","10":"pa_yazar-peter-ackroyd","12":"first","13":"instock","14":"sale","15":"shipping-taxable","16":"purchasable","17":"product-type-simple"},"_links":{"self":[{"href":"https:\/\/roveyayinevi.com.tr\/index.php\/wp-json\/wp\/v2\/product\/706766","targetHints":{"allow":["GET"]}}],"collection":[{"href":"https:\/\/roveyayinevi.com.tr\/index.php\/wp-json\/wp\/v2\/product"}],"about":[{"href":"https:\/\/roveyayinevi.com.tr\/index.php\/wp-json\/wp\/v2\/types\/product"}],"wp:attachment":[{"href":"https:\/\/roveyayinevi.com.tr\/index.php\/wp-json\/wp\/v2\/media?parent=706766"}],"wp:term":[{"taxonomy":"product_brand","embeddable":true,"href":"https:\/\/roveyayinevi.com.tr\/index.php\/wp-json\/wp\/v2\/product_brand?post=706766"},{"taxonomy":"product_cat","embeddable":true,"href":"https:\/\/roveyayinevi.com.tr\/index.php\/wp-json\/wp\/v2\/product_cat?post=706766"},{"taxonomy":"product_tag","embeddable":true,"href":"https:\/\/roveyayinevi.com.tr\/index.php\/wp-json\/wp\/v2\/product_tag?post=706766"}],"curies":[{"name":"wp","href":"https:\/\/api.w.org\/{rel}","templated":true}]}}