{"id":706757,"date":"2025-08-27T15:59:17","date_gmt":"2025-08-27T12:59:17","guid":{"rendered":"https:\/\/roveyayinevi.com.tr\/index.php\/urun\/dusunuyorum-da-muthis-bir-sey\/"},"modified":"2026-04-16T02:15:36","modified_gmt":"2026-04-15T23:15:36","slug":"dusunuyorum-da-muthis-bir-sey","status":"publish","type":"product","link":"https:\/\/roveyayinevi.com.tr\/index.php\/urun\/dusunuyorum-da-muthis-bir-sey\/","title":{"rendered":"D\u00fc\u015f\u00fcn\u00fcyorum Da, M\u00fcthi\u015f Bir \u015eey!"},"content":{"rendered":"<p>Ben, kendi yazd\u0131klar\u0131m\u0131n ilk okuruyum. Yazd\u0131\u011f\u0131m her c\u00fcmle, her paragraf, okur olarak kendimi d\u00fc\u015f\u00fcn\u00fcp yazd\u0131\u011f\u0131m, okur olarak benim be\u011fenimden s\u00fcz\u00fcl\u00fcp ge\u00e7ecek c\u00fcmleler, paragraflard\u0131r. Benim kafamdaki okurum \u201cben\u201dim, kendimim. Ba\u015fkalar\u0131 beni ilgilendirmez. \u00d6yleyse, benim okurum, benim yazd\u0131klar\u0131mdan ho\u015flanabilmek i\u00e7in, benim yap\u0131mda, benim d\u00fczeyimde, benim be\u011feni d\u00fczeyimde biri olmak zorundad\u0131r. <\/p>\n","protected":false},"excerpt":{"rendered":"<p>Ben, kendi yazd\u0131klar\u0131m\u0131n ilk okuruyum. Yazd\u0131\u011f\u0131m her c\u00fcmle, her paragraf, okur olarak kendimi d\u00fc\u015f\u00fcn\u00fcp yazd\u0131\u011f\u0131m, okur olarak benim be\u011fenimden s\u00fcz\u00fcl\u00fcp ge\u00e7ecek c\u00fcmleler, paragraflard\u0131r. Benim kafamdaki okurum<span class=\"excerpt-hellip\"> [\u2026]<\/span><\/p>\n","protected":false},"featured_media":0,"template":"","meta":{"_monsterinsights_skip_tracking":false,"_monsterinsights_sitenote_active":false,"_monsterinsights_sitenote_note":"","_monsterinsights_sitenote_category":0},"product_brand":[],"product_cat":[12777,12291],"product_tag":[],"class_list":{"0":"post-706757","1":"product","2":"type-product","3":"status-publish","5":"product_cat-deneme","6":"product_cat-edebiyat","7":"pa_cilt-ciltsiz","8":"pa_tur-kitap","9":"pa_yayinevi-can-yayinlari","10":"pa_yazar-erdal-oz","12":"first","13":"instock","14":"sale","15":"shipping-taxable","16":"purchasable","17":"product-type-simple"},"_links":{"self":[{"href":"https:\/\/roveyayinevi.com.tr\/index.php\/wp-json\/wp\/v2\/product\/706757","targetHints":{"allow":["GET"]}}],"collection":[{"href":"https:\/\/roveyayinevi.com.tr\/index.php\/wp-json\/wp\/v2\/product"}],"about":[{"href":"https:\/\/roveyayinevi.com.tr\/index.php\/wp-json\/wp\/v2\/types\/product"}],"wp:attachment":[{"href":"https:\/\/roveyayinevi.com.tr\/index.php\/wp-json\/wp\/v2\/media?parent=706757"}],"wp:term":[{"taxonomy":"product_brand","embeddable":true,"href":"https:\/\/roveyayinevi.com.tr\/index.php\/wp-json\/wp\/v2\/product_brand?post=706757"},{"taxonomy":"product_cat","embeddable":true,"href":"https:\/\/roveyayinevi.com.tr\/index.php\/wp-json\/wp\/v2\/product_cat?post=706757"},{"taxonomy":"product_tag","embeddable":true,"href":"https:\/\/roveyayinevi.com.tr\/index.php\/wp-json\/wp\/v2\/product_tag?post=706757"}],"curies":[{"name":"wp","href":"https:\/\/api.w.org\/{rel}","templated":true}]}}