{"id":706752,"date":"2025-08-27T15:59:14","date_gmt":"2025-08-27T12:59:14","guid":{"rendered":"https:\/\/roveyayinevi.com.tr\/index.php\/urun\/organik-bozukluk\/"},"modified":"2026-04-16T02:15:36","modified_gmt":"2026-04-15T23:15:36","slug":"organik-bozukluk","status":"publish","type":"product","link":"https:\/\/roveyayinevi.com.tr\/index.php\/urun\/organik-bozukluk\/","title":{"rendered":"Organik Bozukluk"},"content":{"rendered":"<p>Hayat her g\u00fcn, her f\u0131rsatta asl\u0131nda i\u015fsiz oldu\u011funuzu hat\u0131rlat\u0131r size. Bazen sevgili, bazen anne, bazen bir pantolon ve en ac\u0131kl\u0131s\u0131 da bir meyhane olarak \u00e7\u0131kar kar\u015f\u0131n\u0131za. Siz tembelli\u011fe tutunduk\u00e7a, hayat i\u015fsizlikle sald\u0131r\u0131r.Her g\u00fcn ayn\u0131 noktadan, \u00e7al\u0131\u015fman\u0131n kutsall\u0131\u011f\u0131ndan vurmaya \u00e7al\u0131\u015f\u0131r sizi.Vura vura a\u015f\u0131nd\u0131r\u0131r o noktay\u0131 ve bir g\u00fcn gelir, alt\u0131 g\u00fcn \u00e7al\u0131\u015f\u0131p bir g\u00fcnl\u00fck saadet i\u00e7in tembelli\u011fin saltanat\u0131n\u0131 b\u0131rakman\u0131z gerekti\u011fini d\u00fc\u015f\u00fcnmeye ba\u015flars\u0131n\u0131z.\u0130\u015fsiz kalmak, t\u00fcketim zincirinin d\u0131\u015f\u0131na \u00e7\u0131kmak ve hatta at\u0131lmak olarak anla\u015f\u0131lm\u0131yor mu?Oysa tembellik hakk\u0131n\u0131 kullanmak i\u00e7in belki en uygun f\u0131rsat tam da i\u015fsizlik d\u00f6nemidir.\u00c7al\u0131\u015f\u0131rken f\u0131rsat bulamad\u0131\u011f\u0131m\u0131z ne varsa yapabilmek i\u00e7in epey \u201cbo\u015f zaman\u201d a\u00e7\u0131\u011fa \u00e7\u0131kmaz m\u0131? \u015eenay Aydemir, Organik Bozukluk\u2019ta bir yandan bu \u201cbo\u015f zaman\u0131\u201d nas\u0131l kullanmak gerekti\u011fini bir yandan da tembelli\u011fin ciddiyet ve sorumluluk gerektiren bir faaliyet oldu\u011funu anlat\u0131yor. <\/p>\n","protected":false},"excerpt":{"rendered":"<p>Hayat her g\u00fcn, her f\u0131rsatta asl\u0131nda i\u015fsiz oldu\u011funuzu hat\u0131rlat\u0131r size. Bazen sevgili, bazen anne, bazen bir pantolon ve en ac\u0131kl\u0131s\u0131 da bir meyhane olarak \u00e7\u0131kar kar\u015f\u0131n\u0131za.<span class=\"excerpt-hellip\"> [\u2026]<\/span><\/p>\n","protected":false},"featured_media":0,"template":"","meta":{"_monsterinsights_skip_tracking":false,"_monsterinsights_sitenote_active":false,"_monsterinsights_sitenote_note":"","_monsterinsights_sitenote_category":0},"product_brand":[],"product_cat":[12777,12291],"product_tag":[],"class_list":{"0":"post-706752","1":"product","2":"type-product","3":"status-publish","5":"product_cat-deneme","6":"product_cat-edebiyat","7":"pa_cilt-ciltsiz","8":"pa_tur-kitap","9":"pa_yayinevi-can-yayinlari","10":"pa_yazar-senay-aydemir","12":"first","13":"instock","14":"sale","15":"shipping-taxable","16":"purchasable","17":"product-type-simple"},"_links":{"self":[{"href":"https:\/\/roveyayinevi.com.tr\/index.php\/wp-json\/wp\/v2\/product\/706752","targetHints":{"allow":["GET"]}}],"collection":[{"href":"https:\/\/roveyayinevi.com.tr\/index.php\/wp-json\/wp\/v2\/product"}],"about":[{"href":"https:\/\/roveyayinevi.com.tr\/index.php\/wp-json\/wp\/v2\/types\/product"}],"wp:attachment":[{"href":"https:\/\/roveyayinevi.com.tr\/index.php\/wp-json\/wp\/v2\/media?parent=706752"}],"wp:term":[{"taxonomy":"product_brand","embeddable":true,"href":"https:\/\/roveyayinevi.com.tr\/index.php\/wp-json\/wp\/v2\/product_brand?post=706752"},{"taxonomy":"product_cat","embeddable":true,"href":"https:\/\/roveyayinevi.com.tr\/index.php\/wp-json\/wp\/v2\/product_cat?post=706752"},{"taxonomy":"product_tag","embeddable":true,"href":"https:\/\/roveyayinevi.com.tr\/index.php\/wp-json\/wp\/v2\/product_tag?post=706752"}],"curies":[{"name":"wp","href":"https:\/\/api.w.org\/{rel}","templated":true}]}}