{"id":706750,"date":"2025-08-27T15:59:13","date_gmt":"2025-08-27T12:59:13","guid":{"rendered":"https:\/\/roveyayinevi.com.tr\/index.php\/urun\/wigan-iskelesi-yolu\/"},"modified":"2026-04-16T02:15:36","modified_gmt":"2026-04-15T23:15:36","slug":"wigan-iskelesi-yolu","status":"publish","type":"product","link":"https:\/\/roveyayinevi.com.tr\/index.php\/urun\/wigan-iskelesi-yolu\/","title":{"rendered":"Wigan \u0130skelesi Yolu"},"content":{"rendered":"<p>Wigan \u0130skelesi Yolu, George Orwell\u2019in \u0130ngiltere\u2019nin sanayi b\u00f6lgelerinde bug\u00fcn de fazla de\u011fi\u015fim g\u00f6stermeyen ve zaman i\u00e7inde siyasal etkisinden hi\u00e7bir \u015fey yitirmemi\u015f olan i\u015f\u00e7i s\u0131n\u0131f\u0131 ya\u015fam\u0131yla ilgili deneyimlerini aktaran \u00f6nemli bir inceleme. Sosyal adaletsizlik, korkun\u00e7 konutlar, madenlerdeki \u00e7al\u0131\u015fma ko\u015fullar\u0131, sefalet, a\u00e7l\u0131k ve yayg\u0131n i\u015fsizlik sorunlar\u0131n\u0131n m\u00fcthi\u015f bir \u00f6fke, insanc\u0131ll\u0131k ve d\u00fcr\u00fcstl\u00fckle aktar\u0131ld\u0131\u011f\u0131 bu kitab\u0131 Peter Ackroyd, \u201cGer\u00e7ek deha \u00f6rne\u011fi\u2026 Orwell\u2019in b\u00fct\u00fcn \u00f6fkesi, hayal k\u0131r\u0131kl\u0131\u011f\u0131, umutsuzlu\u011fu ve ac\u0131s\u0131 Wigan \u0130skelesi Yolu\u2019nda en anlaml\u0131 ifadesini buluyor,\u201d diye tan\u0131ml\u0131yor.\u201cParan\u0131n feodalizme kar\u015f\u0131 sava\u015f\u0131 olan \u0130\u00e7sava\u015f\u2019ta, Kuzey ve Bat\u0131 kraldan yanayken, G\u00fcney ve Do\u011fu parlamentodan yanayd\u0131. Fakat k\u00f6m\u00fcr kullan\u0131m\u0131ndaki art\u0131\u015fla birlikte, sanayi Kuzey&#8217;e kayd\u0131 ve orada yeni bir insan tipi, ba\u015far\u0131s\u0131n\u0131 kendisine bor\u00e7lu olan Kuzeyli i\u015fadam\u0131 ortaya \u00e7\u0131kt\u0131. Nefret dolu \u2018ya ba\u015far\u0131l\u0131 olursun ya defolursun\u2019 felsefesiyle Kuzeyli i\u015fadam\u0131, yar\u0131m kron ile yola \u00e7\u0131kan ve sonunda elli bin sterlini olan ve her \u015feyden \u00e7ok, para kazand\u0131ktan sonra eskisine oranla daha da nobran olmas\u0131yla \u00f6v\u00fcnen tiptir. \u0130ncelendi\u011finde, yeg\u00e2ne meziyetinin para kazanma yetene\u011fi oldu\u011fu g\u00f6r\u00fcl\u00fcr. Bizden ona hayranl\u0131k duymam\u0131z beklenir; \u00e7\u00fcnk\u00fc dar kafal\u0131, \u00e7\u0131karc\u0131, cahil, a\u00e7g\u00f6zl\u00fc ve g\u00f6rg\u00fcs\u00fcz o <\/p>\n","protected":false},"excerpt":{"rendered":"<p>Wigan \u0130skelesi Yolu, George Orwell\u2019in \u0130ngiltere\u2019nin sanayi b\u00f6lgelerinde bug\u00fcn de fazla de\u011fi\u015fim g\u00f6stermeyen ve zaman i\u00e7inde siyasal etkisinden hi\u00e7bir \u015fey yitirmemi\u015f olan i\u015f\u00e7i s\u0131n\u0131f\u0131 ya\u015fam\u0131yla ilgili<span class=\"excerpt-hellip\"> [\u2026]<\/span><\/p>\n","protected":false},"featured_media":0,"template":"","meta":{"_monsterinsights_skip_tracking":false,"_monsterinsights_sitenote_active":false,"_monsterinsights_sitenote_note":"","_monsterinsights_sitenote_category":0},"product_brand":[],"product_cat":[12291,12866],"product_tag":[],"class_list":{"0":"post-706750","1":"product","2":"type-product","3":"status-publish","5":"product_cat-edebiyat","6":"product_cat-ingiliz-edebiyati","7":"pa_cilt-ciltsiz","8":"pa_tur-kitap","9":"pa_yayinevi-can-yayinlari","10":"pa_yazar-george-orwell","12":"first","13":"instock","14":"sale","15":"shipping-taxable","16":"purchasable","17":"product-type-simple"},"_links":{"self":[{"href":"https:\/\/roveyayinevi.com.tr\/index.php\/wp-json\/wp\/v2\/product\/706750","targetHints":{"allow":["GET"]}}],"collection":[{"href":"https:\/\/roveyayinevi.com.tr\/index.php\/wp-json\/wp\/v2\/product"}],"about":[{"href":"https:\/\/roveyayinevi.com.tr\/index.php\/wp-json\/wp\/v2\/types\/product"}],"wp:attachment":[{"href":"https:\/\/roveyayinevi.com.tr\/index.php\/wp-json\/wp\/v2\/media?parent=706750"}],"wp:term":[{"taxonomy":"product_brand","embeddable":true,"href":"https:\/\/roveyayinevi.com.tr\/index.php\/wp-json\/wp\/v2\/product_brand?post=706750"},{"taxonomy":"product_cat","embeddable":true,"href":"https:\/\/roveyayinevi.com.tr\/index.php\/wp-json\/wp\/v2\/product_cat?post=706750"},{"taxonomy":"product_tag","embeddable":true,"href":"https:\/\/roveyayinevi.com.tr\/index.php\/wp-json\/wp\/v2\/product_tag?post=706750"}],"curies":[{"name":"wp","href":"https:\/\/api.w.org\/{rel}","templated":true}]}}