{"id":706747,"date":"2025-08-27T15:59:11","date_gmt":"2025-08-27T12:59:11","guid":{"rendered":"https:\/\/roveyayinevi.com.tr\/index.php\/urun\/ferdi-ve-surekasi-aciklamali-orijinal-metin\/"},"modified":"2026-04-16T02:15:35","modified_gmt":"2026-04-15T23:15:35","slug":"ferdi-ve-surekasi-aciklamali-orijinal-metin","status":"publish","type":"product","link":"https:\/\/roveyayinevi.com.tr\/index.php\/urun\/ferdi-ve-surekasi-aciklamali-orijinal-metin\/","title":{"rendered":"Ferdi ve \u015e\u00fcrekas\u0131 (A\u00e7\u0131klamal\u0131 Orijinal Metin)"},"content":{"rendered":"<p>Halid Ziya\u2019ya kadar, romanc\u0131 muhayyilesiyle do\u011fmu\u015f tek muharririmiz yoktur. Hepsi roman veya hikaye yazmaya hevesli insanlard\u0131r.Ahmet Hamdi Tanp\u0131narHalid Ziya\u2019n\u0131n \u201c\u0130zmir\u2019de yaz\u0131lm\u0131\u015f b\u00fcy\u00fck romanlar\u0131m\u0131n sonuncusu\u201d olarak tarihledi\u011fi ve \u201cger\u00e7ek hayata pek yak\u0131n sayfalarla, hele dedemin ve babam\u0131n ticarethanesinden, banka \u00e2leminden kalm\u0131\u015f izlerle dolu\u201d diye niteledi\u011fi Ferdi ve \u015e\u00fcrek\u00e2s\u0131, edebiyat\u0131m\u0131zda \u00e7ok fazla \u00f6rne\u011fi olmayan kurum temal\u0131 romanlardan biridir. Kitap olarak 1895\u2019te bas\u0131lan eser, 19. as\u0131r sonu \u0130stanbul\u2019una, ticaret hayat\u0131na ve toplumsal s\u0131n\u0131flara dair geni\u015f ayr\u0131nt\u0131larla bezeli. \u00c7arp\u0131c\u0131 bir a\u015fk ili\u015fkisinin merkeze al\u0131nd\u0131\u011f\u0131 Ferdi ve \u015e\u00fcrek\u00e2s\u0131\u2019nda Halid Ziya, edeb\u00ee dehas\u0131n\u0131 bir kez daha g\u00f6stererek romantik zengin-fakir e\u015fle\u015fmesine bamba\u015fka bir a\u00e7\u0131dan bak\u0131yor.Yazar\u0131n 1945\u2019te elden ge\u00e7irdi\u011fi roman, ilk bask\u0131lar\u0131yla kar\u015f\u0131la\u015ft\u0131r\u0131larak yay\u0131na haz\u0131rland\u0131. <\/p>\n","protected":false},"excerpt":{"rendered":"<p>Halid Ziya\u2019ya kadar, romanc\u0131 muhayyilesiyle do\u011fmu\u015f tek muharririmiz yoktur. Hepsi roman veya hikaye yazmaya hevesli insanlard\u0131r.Ahmet Hamdi Tanp\u0131narHalid Ziya\u2019n\u0131n \u201c\u0130zmir\u2019de yaz\u0131lm\u0131\u015f b\u00fcy\u00fck romanlar\u0131m\u0131n sonuncusu\u201d olarak tarihledi\u011fi<span class=\"excerpt-hellip\"> [\u2026]<\/span><\/p>\n","protected":false},"featured_media":0,"template":"","meta":{"_monsterinsights_skip_tracking":false,"_monsterinsights_sitenote_active":false,"_monsterinsights_sitenote_note":"","_monsterinsights_sitenote_category":0},"product_brand":[],"product_cat":[12291,12711],"product_tag":[],"class_list":{"0":"post-706747","1":"product","2":"type-product","3":"status-publish","5":"product_cat-edebiyat","6":"product_cat-roman-oyku","7":"pa_cilt-ciltsiz","8":"pa_tur-kitap","9":"pa_yayinevi-can-yayinlari","10":"pa_yazar-halid-ziya-usakligil","12":"first","13":"instock","14":"sale","15":"shipping-taxable","16":"purchasable","17":"product-type-simple"},"_links":{"self":[{"href":"https:\/\/roveyayinevi.com.tr\/index.php\/wp-json\/wp\/v2\/product\/706747","targetHints":{"allow":["GET"]}}],"collection":[{"href":"https:\/\/roveyayinevi.com.tr\/index.php\/wp-json\/wp\/v2\/product"}],"about":[{"href":"https:\/\/roveyayinevi.com.tr\/index.php\/wp-json\/wp\/v2\/types\/product"}],"wp:attachment":[{"href":"https:\/\/roveyayinevi.com.tr\/index.php\/wp-json\/wp\/v2\/media?parent=706747"}],"wp:term":[{"taxonomy":"product_brand","embeddable":true,"href":"https:\/\/roveyayinevi.com.tr\/index.php\/wp-json\/wp\/v2\/product_brand?post=706747"},{"taxonomy":"product_cat","embeddable":true,"href":"https:\/\/roveyayinevi.com.tr\/index.php\/wp-json\/wp\/v2\/product_cat?post=706747"},{"taxonomy":"product_tag","embeddable":true,"href":"https:\/\/roveyayinevi.com.tr\/index.php\/wp-json\/wp\/v2\/product_tag?post=706747"}],"curies":[{"name":"wp","href":"https:\/\/api.w.org\/{rel}","templated":true}]}}