{"id":706746,"date":"2025-08-27T15:59:11","date_gmt":"2025-08-27T12:59:11","guid":{"rendered":"https:\/\/roveyayinevi.com.tr\/index.php\/urun\/alvin-amca-ve-sams\/"},"modified":"2026-04-16T02:15:35","modified_gmt":"2026-04-15T23:15:35","slug":"alvin-amca-ve-sams","status":"publish","type":"product","link":"https:\/\/roveyayinevi.com.tr\/index.php\/urun\/alvin-amca-ve-sams\/","title":{"rendered":"Alvin Amca ve Sams"},"content":{"rendered":"<p>Mavi dilek noktalar\u0131yla ilgili alt\u0131nc\u0131 Sams maceras\u0131na haz\u0131r m\u0131s\u0131n\u0131z?Martin Taschenbier\u2019in keyfi yerinde, \u00e7\u00fcnk\u00fc Sams nihayet eve d\u00f6nd\u00fc! Kim bilir, belki Sams, Avustralya\u2019dan \u00e7\u0131kagelip eve yerle\u015fen esrarengiz akraba Alvin Amca\u2019dan kurtulmak i\u00e7in Taschenbier ailesine yard\u0131m edebilir. Alvin Amca evi birbirine kat\u0131p herkesi \u00e7\u0131lg\u0131na \u00e7eviriyor! Martin, Sams\u2019\u0131n mavi noktalar\u0131yla, Alvin Amca\u2019n\u0131n gitmesini dilese b\u00fct\u00fcn sorun \u00e7\u00f6z\u00fcl\u00fcrd\u00fc! Fakat maalesef, dilek noktalar\u0131 h\u00e2l\u00e2 eski beden e\u011fitimi \u00f6\u011fretmeni Bay Daume\u2019nin y\u00fcz\u00fcnde. Bay Daume\u2019nin nereye kayboldu\u011funu ise bilen yok.Ke\u015fke bu, Martin ve arkada\u015flar\u0131n\u0131n u\u011fra\u015fmak zorunda oldu\u011fu tek dert olsayd\u0131! \u015eu ba\u015f belas\u0131 Alvin Amca\u2019n\u0131n herkesi \u015fa\u015fk\u0131na \u00e7evirecek k\u00f6t\u00fc bir s\u00fcrprizi var. <\/p>\n","protected":false},"excerpt":{"rendered":"<p>Mavi dilek noktalar\u0131yla ilgili alt\u0131nc\u0131 Sams maceras\u0131na haz\u0131r m\u0131s\u0131n\u0131z?Martin Taschenbier\u2019in keyfi yerinde, \u00e7\u00fcnk\u00fc Sams nihayet eve d\u00f6nd\u00fc! Kim bilir, belki Sams, Avustralya\u2019dan \u00e7\u0131kagelip eve yerle\u015fen esrarengiz<span class=\"excerpt-hellip\"> [\u2026]<\/span><\/p>\n","protected":false},"featured_media":0,"template":"","meta":{"_monsterinsights_skip_tracking":false,"_monsterinsights_sitenote_active":false,"_monsterinsights_sitenote_note":"","_monsterinsights_sitenote_category":0},"product_brand":[],"product_cat":[12274,12284],"product_tag":[],"class_list":{"0":"post-706746","1":"product","2":"type-product","3":"status-publish","5":"product_cat-cocuk-ve-genclik-kitaplari","6":"product_cat-hikayeler","7":"pa_cilt-ciltsiz","8":"pa_tur-kitap","9":"pa_yayinevi-can-cocuk-yayinlari","10":"pa_yazar-paul-maar","12":"first","13":"instock","14":"sale","15":"shipping-taxable","16":"purchasable","17":"product-type-simple"},"_links":{"self":[{"href":"https:\/\/roveyayinevi.com.tr\/index.php\/wp-json\/wp\/v2\/product\/706746","targetHints":{"allow":["GET"]}}],"collection":[{"href":"https:\/\/roveyayinevi.com.tr\/index.php\/wp-json\/wp\/v2\/product"}],"about":[{"href":"https:\/\/roveyayinevi.com.tr\/index.php\/wp-json\/wp\/v2\/types\/product"}],"wp:attachment":[{"href":"https:\/\/roveyayinevi.com.tr\/index.php\/wp-json\/wp\/v2\/media?parent=706746"}],"wp:term":[{"taxonomy":"product_brand","embeddable":true,"href":"https:\/\/roveyayinevi.com.tr\/index.php\/wp-json\/wp\/v2\/product_brand?post=706746"},{"taxonomy":"product_cat","embeddable":true,"href":"https:\/\/roveyayinevi.com.tr\/index.php\/wp-json\/wp\/v2\/product_cat?post=706746"},{"taxonomy":"product_tag","embeddable":true,"href":"https:\/\/roveyayinevi.com.tr\/index.php\/wp-json\/wp\/v2\/product_tag?post=706746"}],"curies":[{"name":"wp","href":"https:\/\/api.w.org\/{rel}","templated":true}]}}