{"id":706745,"date":"2025-08-27T15:59:10","date_gmt":"2025-08-27T12:59:10","guid":{"rendered":"https:\/\/roveyayinevi.com.tr\/index.php\/urun\/meksikali\/"},"modified":"2026-04-16T02:15:35","modified_gmt":"2026-04-15T23:15:35","slug":"meksikali","status":"publish","type":"product","link":"https:\/\/roveyayinevi.com.tr\/index.php\/urun\/meksikali\/","title":{"rendered":"Meksikal\u0131"},"content":{"rendered":"<p>Jack London her ne kadar daha \u00e7ok romanlar\u0131yla tan\u0131nsa da onun as\u0131l ustal\u0131\u011f\u0131n\u0131 sergiledi\u011fi edeb\u00ee t\u00fcr hik\u00e2yedir. Ya\u015fam\u0131 boyunca iki y\u00fcze yak\u0131n hik\u00e2ye kaleme alan London, ya\u015fad\u0131\u011f\u0131 d\u00f6nemin toplumsal karma\u015falar\u0131na duyars\u0131z kalmam\u0131\u015f ve t\u0131pk\u0131 romanlar\u0131 gibi hik\u00e2yelerinde de bu meselelere e\u011filmi\u015ftir. Kapitalist sistemin ac\u0131mas\u0131zca palazland\u0131\u011f\u0131 20. y\u00fczy\u0131l ba\u015flar\u0131nda, benimsedi\u011fi sosyalist g\u00f6r\u00fc\u015f do\u011frultusunda, bireyin s\u0131n\u0131fsal kavgas\u0131n\u0131, toplumsal olaylar\u0131 ve insan-sistem \u00e7eli\u015fkisini anlatt\u0131\u011f\u0131 hik\u00e2yelerinde trajik ama bir yandan da destans\u0131 bir ton tutturmu\u015ftur. 12 hik\u00e2yesinin yer ald\u0131\u011f\u0131 Meksikal\u0131\u2019da bu tarz hik\u00e2yeleri \u00f6ne \u00e7\u0131kmaktad\u0131r.Se\u00e7kide yer alan hik\u00e2yelerin bir k\u0131sm\u0131 da insan-do\u011fa \u00e7eki\u015fmesini ve Jack London\u2019\u0131n bir\u00e7ok ba\u015fka eserinde izini s\u00fcrd\u00fc\u011f\u00fcm\u00fcz deniz tutkusunu \u00e7\u0131kar\u0131yor kar\u015f\u0131m\u0131za. Her biri \u00f6yk\u00fc sanat\u0131n\u0131n se\u00e7kin \u00f6rneklerinden kabul edilen ve \u015eemsa Ye\u011fin\u2019in yetkin T\u00fcrk\u00e7esiyle okurla bulu\u015fan \u00f6yk\u00fclerin \u00fc\u00e7\u00fc dilimize ilk kez \u00e7evrildi.<\/p>\n","protected":false},"excerpt":{"rendered":"<p>Jack London her ne kadar daha \u00e7ok romanlar\u0131yla tan\u0131nsa da onun as\u0131l ustal\u0131\u011f\u0131n\u0131 sergiledi\u011fi edeb\u00ee t\u00fcr hik\u00e2yedir. Ya\u015fam\u0131 boyunca iki y\u00fcze yak\u0131n hik\u00e2ye kaleme alan London,<span class=\"excerpt-hellip\"> [\u2026]<\/span><\/p>\n","protected":false},"featured_media":0,"template":"","meta":{"_monsterinsights_skip_tracking":false,"_monsterinsights_sitenote_active":false,"_monsterinsights_sitenote_note":"","_monsterinsights_sitenote_category":0},"product_brand":[],"product_cat":[12291,12711],"product_tag":[],"class_list":{"0":"post-706745","1":"product","2":"type-product","3":"status-publish","5":"product_cat-edebiyat","6":"product_cat-roman-oyku","7":"pa_cilt-ciltsiz","8":"pa_tur-kitap","9":"pa_yayinevi-can-yayinlari","10":"pa_yazar-jack-london","12":"first","13":"instock","14":"sale","15":"shipping-taxable","16":"purchasable","17":"product-type-simple"},"_links":{"self":[{"href":"https:\/\/roveyayinevi.com.tr\/index.php\/wp-json\/wp\/v2\/product\/706745","targetHints":{"allow":["GET"]}}],"collection":[{"href":"https:\/\/roveyayinevi.com.tr\/index.php\/wp-json\/wp\/v2\/product"}],"about":[{"href":"https:\/\/roveyayinevi.com.tr\/index.php\/wp-json\/wp\/v2\/types\/product"}],"wp:attachment":[{"href":"https:\/\/roveyayinevi.com.tr\/index.php\/wp-json\/wp\/v2\/media?parent=706745"}],"wp:term":[{"taxonomy":"product_brand","embeddable":true,"href":"https:\/\/roveyayinevi.com.tr\/index.php\/wp-json\/wp\/v2\/product_brand?post=706745"},{"taxonomy":"product_cat","embeddable":true,"href":"https:\/\/roveyayinevi.com.tr\/index.php\/wp-json\/wp\/v2\/product_cat?post=706745"},{"taxonomy":"product_tag","embeddable":true,"href":"https:\/\/roveyayinevi.com.tr\/index.php\/wp-json\/wp\/v2\/product_tag?post=706745"}],"curies":[{"name":"wp","href":"https:\/\/api.w.org\/{rel}","templated":true}]}}