{"id":706743,"date":"2025-08-27T15:59:09","date_gmt":"2025-08-27T12:59:09","guid":{"rendered":"https:\/\/roveyayinevi.com.tr\/index.php\/urun\/goz-ve-soz\/"},"modified":"2026-04-16T02:15:35","modified_gmt":"2026-04-15T23:15:35","slug":"goz-ve-soz","status":"publish","type":"product","link":"https:\/\/roveyayinevi.com.tr\/index.php\/urun\/goz-ve-soz\/","title":{"rendered":"G\u00f6z ve S\u00f6z"},"content":{"rendered":"<p>Anlad\u0131k \u00fc\u00e7 harflinin niyetini! Bizi meyhaneye g\u00f6nderecek, kendi bizim eve yerle\u015fecek. Yersiz yurtsuz bir cinmi\u015f demek ki\u2026 Evet, evet, on g\u00fcn a\u00e7 ac\u0131na bo\u015funa beklemedi selvinin tepesinde. Evimizi istiyor! Bulacak bir dam, yatacak alt\u0131nda, sonra suret de\u011fi\u015ftirecek. Bir bakars\u0131n adam, belki kad\u0131n, belki de kara kedi\u2026 \ufffcTan\u0131t\u0131m Metni<\/p>\n","protected":false},"excerpt":{"rendered":"<p>Anlad\u0131k \u00fc\u00e7 harflinin niyetini! Bizi meyhaneye g\u00f6nderecek, kendi bizim eve yerle\u015fecek. Yersiz yurtsuz bir cinmi\u015f demek ki\u2026 Evet, evet, on g\u00fcn a\u00e7 ac\u0131na bo\u015funa beklemedi selvinin<span class=\"excerpt-hellip\"> [\u2026]<\/span><\/p>\n","protected":false},"featured_media":0,"template":"","meta":{"_monsterinsights_skip_tracking":false,"_monsterinsights_sitenote_active":false,"_monsterinsights_sitenote_note":"","_monsterinsights_sitenote_category":0},"product_brand":[],"product_cat":[12291,12711],"product_tag":[],"class_list":{"0":"post-706743","1":"product","2":"type-product","3":"status-publish","5":"product_cat-edebiyat","6":"product_cat-roman-oyku","7":"pa_cilt-ciltsiz","8":"pa_tur-kitap","9":"pa_yayinevi-can-yayinlari","10":"pa_yazar-can-goknil","12":"first","13":"instock","14":"sale","15":"shipping-taxable","16":"purchasable","17":"product-type-simple"},"_links":{"self":[{"href":"https:\/\/roveyayinevi.com.tr\/index.php\/wp-json\/wp\/v2\/product\/706743","targetHints":{"allow":["GET"]}}],"collection":[{"href":"https:\/\/roveyayinevi.com.tr\/index.php\/wp-json\/wp\/v2\/product"}],"about":[{"href":"https:\/\/roveyayinevi.com.tr\/index.php\/wp-json\/wp\/v2\/types\/product"}],"wp:attachment":[{"href":"https:\/\/roveyayinevi.com.tr\/index.php\/wp-json\/wp\/v2\/media?parent=706743"}],"wp:term":[{"taxonomy":"product_brand","embeddable":true,"href":"https:\/\/roveyayinevi.com.tr\/index.php\/wp-json\/wp\/v2\/product_brand?post=706743"},{"taxonomy":"product_cat","embeddable":true,"href":"https:\/\/roveyayinevi.com.tr\/index.php\/wp-json\/wp\/v2\/product_cat?post=706743"},{"taxonomy":"product_tag","embeddable":true,"href":"https:\/\/roveyayinevi.com.tr\/index.php\/wp-json\/wp\/v2\/product_tag?post=706743"}],"curies":[{"name":"wp","href":"https:\/\/api.w.org\/{rel}","templated":true}]}}