{"id":706742,"date":"2025-08-27T15:59:09","date_gmt":"2025-08-27T12:59:09","guid":{"rendered":"https:\/\/roveyayinevi.com.tr\/index.php\/urun\/dusunen-bir-yurek\/"},"modified":"2026-04-13T02:19:15","modified_gmt":"2026-04-12T23:19:15","slug":"dusunen-bir-yurek","status":"publish","type":"product","link":"https:\/\/roveyayinevi.com.tr\/index.php\/urun\/dusunen-bir-yurek\/","title":{"rendered":"D\u00fc\u015f\u00fcnen Bir Y\u00fcrek"},"content":{"rendered":"<p>\u201cKaranl\u0131\u011f\u0131 lo\u015flu\u011fa d\u00f6n\u00fc\u015ft\u00fcr\u00fcrsek bir \u015feylerin \u0131\u015f\u0131ldad\u0131\u011f\u0131n\u0131 g\u00f6r\u00fcr\u00fcz.\u201dSusanna Tamaro \u00e7ocukluk ve gen\u00e7lik y\u0131llar\u0131na dair kesitler sunarak \u00f6tekilerden farkl\u0131 olan, yaln\u0131zl\u0131\u011f\u0131 seven k\u00fc\u00e7\u00fck bir \u00e7ocu\u011fun d\u00fcnyay\u0131 anlamland\u0131rma s\u00fcre\u00e7lerini payla\u015f\u0131r okurlar\u0131yla. \u00c7ocu\u011fun hayata, varolu\u015fa, ya\u015fama, \u00f6l\u00fcme, inanca, dine dair sorgulamalar\u0131n\u0131n bug\u00fcnk\u00fc Tamaro\u2019nun d\u00fc\u015f\u00fcnceleriyle harmanland\u0131\u011f\u0131 kitap, ayn\u0131 zamanda i\u00e7inde ya\u015fad\u0131\u011f\u0131m\u0131z \u00e7a\u011fla ve toplumla samimi bir hesapla\u015fma bar\u0131nd\u0131r\u0131r: B\u00f6ylesi ac\u0131 y\u00fckl\u00fc, yabanc\u0131la\u015fm\u0131\u015f bir toplumda kendi yolumuzu nas\u0131l \u00e7izebiliriz? G\u00f6z\u00fcm\u00fcz\u00fc d\u00fcnyaya a\u00e7t\u0131\u011f\u0131m\u0131z anda kim oldu\u011fumuzu bizim yerimize toplum bize s\u00f6ylerken y\u00fcre\u011fimize, kendi \u00f6z\u00fcm\u00fcze, bilincimize nas\u0131l ula\u015fabiliriz?Susanna Tamaro D\u00fc\u015f\u00fcnen Bir Y\u00fcrek\u2019le okur <\/p>\n","protected":false},"excerpt":{"rendered":"<p>\u201cKaranl\u0131\u011f\u0131 lo\u015flu\u011fa d\u00f6n\u00fc\u015ft\u00fcr\u00fcrsek bir \u015feylerin \u0131\u015f\u0131ldad\u0131\u011f\u0131n\u0131 g\u00f6r\u00fcr\u00fcz.\u201dSusanna Tamaro \u00e7ocukluk ve gen\u00e7lik y\u0131llar\u0131na dair kesitler sunarak \u00f6tekilerden farkl\u0131 olan, yaln\u0131zl\u0131\u011f\u0131 seven k\u00fc\u00e7\u00fck bir \u00e7ocu\u011fun d\u00fcnyay\u0131 anlamland\u0131rma s\u00fcre\u00e7lerini<span class=\"excerpt-hellip\"> [\u2026]<\/span><\/p>\n","protected":false},"featured_media":0,"template":"","meta":{"_monsterinsights_skip_tracking":false,"_monsterinsights_sitenote_active":false,"_monsterinsights_sitenote_note":"","_monsterinsights_sitenote_category":0},"product_brand":[],"product_cat":[12291,12711],"product_tag":[],"class_list":{"0":"post-706742","1":"product","2":"type-product","3":"status-publish","5":"product_cat-edebiyat","6":"product_cat-roman-oyku","7":"pa_cilt-ciltsiz","8":"pa_tur-kitap","9":"pa_yayinevi-can-yayinlari","10":"pa_yazar-susanna-tamaro","12":"first","13":"instock","14":"sale","15":"shipping-taxable","16":"purchasable","17":"product-type-simple"},"_links":{"self":[{"href":"https:\/\/roveyayinevi.com.tr\/index.php\/wp-json\/wp\/v2\/product\/706742","targetHints":{"allow":["GET"]}}],"collection":[{"href":"https:\/\/roveyayinevi.com.tr\/index.php\/wp-json\/wp\/v2\/product"}],"about":[{"href":"https:\/\/roveyayinevi.com.tr\/index.php\/wp-json\/wp\/v2\/types\/product"}],"wp:attachment":[{"href":"https:\/\/roveyayinevi.com.tr\/index.php\/wp-json\/wp\/v2\/media?parent=706742"}],"wp:term":[{"taxonomy":"product_brand","embeddable":true,"href":"https:\/\/roveyayinevi.com.tr\/index.php\/wp-json\/wp\/v2\/product_brand?post=706742"},{"taxonomy":"product_cat","embeddable":true,"href":"https:\/\/roveyayinevi.com.tr\/index.php\/wp-json\/wp\/v2\/product_cat?post=706742"},{"taxonomy":"product_tag","embeddable":true,"href":"https:\/\/roveyayinevi.com.tr\/index.php\/wp-json\/wp\/v2\/product_tag?post=706742"}],"curies":[{"name":"wp","href":"https:\/\/api.w.org\/{rel}","templated":true}]}}