{"id":706741,"date":"2025-08-27T15:59:08","date_gmt":"2025-08-27T12:59:08","guid":{"rendered":"https:\/\/roveyayinevi.com.tr\/index.php\/urun\/bay-bellonun-yeni-maceralari-2\/"},"modified":"2026-04-16T02:15:35","modified_gmt":"2026-04-15T23:15:35","slug":"bay-bellonun-yeni-maceralari-2","status":"publish","type":"product","link":"https:\/\/roveyayinevi.com.tr\/index.php\/urun\/bay-bellonun-yeni-maceralari-2\/","title":{"rendered":"Bay Bello\u2019nun Yeni Maceralar\u0131 2"},"content":{"rendered":"<p>Bello, insana d\u00f6n\u00fc\u015ft\u00fc d\u00f6n\u00fc\u015feli Max\u2019\u0131n en iyi arkada\u015f\u0131 oldu!\u0130ki kafadar, bu durumun de\u011fi\u015fmesini hi\u00e7 mi hi\u00e7 istemiyor.Tabii Bay Bello\u2019nun insan olarak kalabilmesi i\u00e7in mavi s\u0131v\u0131dan d\u00fczenli aral\u0131klarla i\u00e7mesi \u015fart. \u00c7\u00fcnk\u00fc mavi s\u0131v\u0131, onun yeniden k\u00f6pe\u011fe d\u00f6n\u00fc\u015fmesine engel oluyor. Sorun \u015fu ki, ellerinde yaln\u0131zca bir \u015fi\u015fe mavi s\u0131v\u0131 kald\u0131! S\u0131v\u0131y\u0131 uzun y\u0131llar \u00f6nce icat eden Max\u2019\u0131n b\u00fcy\u00fck b\u00fcy\u00fckbabas\u0131n\u0131n notlar\u0131 bir yerlerde olmal\u0131&#8230; Bu notlar\u0131n pe\u015fine d\u00fc\u015fen Max ve Bay Bello, tarifi bulduklar\u0131nda kar\u0131\u015f\u0131m\u0131 kendileri haz\u0131rlayabilecekler, b\u00f6ylece Bay Bello insan olarak kalacak. Peki, bu o kadar kolay olacak m\u0131 dersiniz?Tarifin pe\u015finde heyecanl\u0131 bir maceraya at\u0131lan Max ve Bello ile birlikte bizleri de b\u00fcy\u00fck bir s\u00fcrpriz bekliyor! <\/p>\n","protected":false},"excerpt":{"rendered":"<p>Bello, insana d\u00f6n\u00fc\u015ft\u00fc d\u00f6n\u00fc\u015feli Max\u2019\u0131n en iyi arkada\u015f\u0131 oldu!\u0130ki kafadar, bu durumun de\u011fi\u015fmesini hi\u00e7 mi hi\u00e7 istemiyor.Tabii Bay Bello\u2019nun insan olarak kalabilmesi i\u00e7in mavi s\u0131v\u0131dan d\u00fczenli<span class=\"excerpt-hellip\"> [\u2026]<\/span><\/p>\n","protected":false},"featured_media":0,"template":"","meta":{"_monsterinsights_skip_tracking":false,"_monsterinsights_sitenote_active":false,"_monsterinsights_sitenote_note":"","_monsterinsights_sitenote_category":0},"product_brand":[],"product_cat":[12274,12284],"product_tag":[],"class_list":{"0":"post-706741","1":"product","2":"type-product","3":"status-publish","5":"product_cat-cocuk-ve-genclik-kitaplari","6":"product_cat-hikayeler","7":"pa_cilt-ciltsiz","8":"pa_tur-kitap","9":"pa_yayinevi-can-cocuk-yayinlari","10":"pa_yazar-paul-maar","12":"first","13":"instock","14":"sale","15":"shipping-taxable","16":"purchasable","17":"product-type-simple"},"_links":{"self":[{"href":"https:\/\/roveyayinevi.com.tr\/index.php\/wp-json\/wp\/v2\/product\/706741","targetHints":{"allow":["GET"]}}],"collection":[{"href":"https:\/\/roveyayinevi.com.tr\/index.php\/wp-json\/wp\/v2\/product"}],"about":[{"href":"https:\/\/roveyayinevi.com.tr\/index.php\/wp-json\/wp\/v2\/types\/product"}],"wp:attachment":[{"href":"https:\/\/roveyayinevi.com.tr\/index.php\/wp-json\/wp\/v2\/media?parent=706741"}],"wp:term":[{"taxonomy":"product_brand","embeddable":true,"href":"https:\/\/roveyayinevi.com.tr\/index.php\/wp-json\/wp\/v2\/product_brand?post=706741"},{"taxonomy":"product_cat","embeddable":true,"href":"https:\/\/roveyayinevi.com.tr\/index.php\/wp-json\/wp\/v2\/product_cat?post=706741"},{"taxonomy":"product_tag","embeddable":true,"href":"https:\/\/roveyayinevi.com.tr\/index.php\/wp-json\/wp\/v2\/product_tag?post=706741"}],"curies":[{"name":"wp","href":"https:\/\/api.w.org\/{rel}","templated":true}]}}