{"id":706739,"date":"2025-08-27T15:59:07","date_gmt":"2025-08-27T12:59:07","guid":{"rendered":"https:\/\/roveyayinevi.com.tr\/index.php\/urun\/galapagos\/"},"modified":"2026-04-16T02:15:35","modified_gmt":"2026-04-15T23:15:35","slug":"galapagos","status":"publish","type":"product","link":"https:\/\/roveyayinevi.com.tr\/index.php\/urun\/galapagos\/","title":{"rendered":"Galapagos"},"content":{"rendered":"<p>\u201c\u0130nsanlar er ge\u00e7 bir g\u00fcn \u00f6leceklerini hala biliyorlar m\u0131? Hay\u0131r, bilmiyorlar. Na\u00e7izane fikrimi soracak olursan\u0131z, bunu unutmu\u015f olduklar\u0131 i\u00e7in \u00e7ok \u015fansl\u0131lar.\u201dGalapagos Adalar\u0131\u2019na ho\u015f geldiniz. Her \u015fey bir milyon y\u0131l \u00f6nce, MS 1986\u2019da koca beyinli atalar\u0131m\u0131z\u0131n burada mahsur kalmas\u0131yla ba\u015flad\u0131. D\u00fcnya bir felaketin pen\u00e7esinde cebelle\u015firken Gal\u00e1pagos ahalisi sadece insan soyunu s\u00fcrd\u00fcrmekle kalmayacak, yepyeni bir \u0131rk\u0131n, k\u00fc\u00e7\u00fck beyinlilerin ortaya \u00e7\u0131kmas\u0131na da \u00f6nc\u00fcl\u00fck edecekti. Peki bu \u201cgeri evrim\u201de bir milyon y\u0131l boyunca tan\u0131kl\u0131k eden anlat\u0131c\u0131m\u0131z kim dersiniz? Elbette Kurt Vonnegut evreninin vazge\u00e7ilmezi, \u00fcnl\u00fc bilimkurgu yazar\u0131 Kilgore Trout\u2019un o\u011flunun hayaleti!Vonnegut, Gal\u00e1pagos\u2019ta o e\u015fsiz mizah anlay\u0131\u015f\u0131yla y\u00f6r\u00fcngesini \u015fa\u015fm\u0131\u015f d\u00fcnyay\u0131 masaya yat\u0131r\u0131yor&#8230; ve bizlere felaket \u00e2n\u0131nda ilk kurtar\u0131lacaklar\u0131n neler oldu\u011funu hat\u0131rlat\u0131yor.Kara mizah\u0131, hicivli dili ve e\u015fsiz hayal g\u00fcc\u00fcyle 20. y\u00fczy\u0131l\u0131n en \u00f6nemli yazarlar\u0131 aras\u0131nda yer alan Vonnegut, Time\u2019\u0131n deyimiyle, \u201cGeorge Orwell, Dr. Caligari ve Flash Gordon\u2019\u0131 tek v\u00fccutta birle\u015ftiren bir yazar&#8230; ahlakl\u0131 bir soytar\u0131, deli bir biliminsan\u0131.\u201d <\/p>\n","protected":false},"excerpt":{"rendered":"<p>\u201c\u0130nsanlar er ge\u00e7 bir g\u00fcn \u00f6leceklerini hala biliyorlar m\u0131? Hay\u0131r, bilmiyorlar. Na\u00e7izane fikrimi soracak olursan\u0131z, bunu unutmu\u015f olduklar\u0131 i\u00e7in \u00e7ok \u015fansl\u0131lar.\u201dGalapagos Adalar\u0131\u2019na ho\u015f geldiniz. Her \u015fey<span class=\"excerpt-hellip\"> [\u2026]<\/span><\/p>\n","protected":false},"featured_media":0,"template":"","meta":{"_monsterinsights_skip_tracking":false,"_monsterinsights_sitenote_active":false,"_monsterinsights_sitenote_note":"","_monsterinsights_sitenote_category":0},"product_brand":[],"product_cat":[12291,12711],"product_tag":[],"class_list":{"0":"post-706739","1":"product","2":"type-product","3":"status-publish","5":"product_cat-edebiyat","6":"product_cat-roman-oyku","7":"pa_cilt-ciltsiz","8":"pa_tur-kitap","9":"pa_yayinevi-can-yayinlari","10":"pa_yazar-kurt-vonnegut","12":"first","13":"instock","14":"sale","15":"shipping-taxable","16":"purchasable","17":"product-type-simple"},"_links":{"self":[{"href":"https:\/\/roveyayinevi.com.tr\/index.php\/wp-json\/wp\/v2\/product\/706739","targetHints":{"allow":["GET"]}}],"collection":[{"href":"https:\/\/roveyayinevi.com.tr\/index.php\/wp-json\/wp\/v2\/product"}],"about":[{"href":"https:\/\/roveyayinevi.com.tr\/index.php\/wp-json\/wp\/v2\/types\/product"}],"wp:attachment":[{"href":"https:\/\/roveyayinevi.com.tr\/index.php\/wp-json\/wp\/v2\/media?parent=706739"}],"wp:term":[{"taxonomy":"product_brand","embeddable":true,"href":"https:\/\/roveyayinevi.com.tr\/index.php\/wp-json\/wp\/v2\/product_brand?post=706739"},{"taxonomy":"product_cat","embeddable":true,"href":"https:\/\/roveyayinevi.com.tr\/index.php\/wp-json\/wp\/v2\/product_cat?post=706739"},{"taxonomy":"product_tag","embeddable":true,"href":"https:\/\/roveyayinevi.com.tr\/index.php\/wp-json\/wp\/v2\/product_tag?post=706739"}],"curies":[{"name":"wp","href":"https:\/\/api.w.org\/{rel}","templated":true}]}}