{"id":706736,"date":"2025-08-27T15:59:06","date_gmt":"2025-08-27T12:59:06","guid":{"rendered":"https:\/\/roveyayinevi.com.tr\/index.php\/urun\/dun-gece-cok-genctim\/"},"modified":"2026-04-16T02:15:35","modified_gmt":"2026-04-15T23:15:35","slug":"dun-gece-cok-genctim","status":"publish","type":"product","link":"https:\/\/roveyayinevi.com.tr\/index.php\/urun\/dun-gece-cok-genctim\/","title":{"rendered":"D\u00fcn Gece \u00c7ok Gen\u00e7tim"},"content":{"rendered":"<p>G\u00f6\u011f\u00fc getirdi biri; toplam\u0131\u015f \u00fc\u015fenmemi\u015f. Neleri varsa serdiler kayalara. Hepsinin gen\u00e7li\u011fi bir deniz, ucunda ayaklar\u0131n\u0131n. Ne g\u00fczel g\u00fcld\u00fcler; uzun, insan dolu g\u00fcld\u00fcler. Her biri yar\u0131nd\u0131; hep \u00f6yle bakt\u0131lar birbirlerine. \u015earap s\u0131zd\u0131 dudaklar\u0131ndan; g\u00f6\u011f\u00fcslerine, ge\u00e7mi\u015flerine. Hi\u00e7bir \u015fey bulanmad\u0131; ya\u015famak, arkada\u015f olmak, g\u00fcvenmek seslere, sessizli\u011fe.Gittik\u00e7e canlanan \u00f6yk\u00fcc\u00fcl\u00fc\u011f\u00fcm\u00fcz\u00fcn yeni ve dikkat \u00e7ekici isimlerinden biri de Onur Aky\u0131l. D\u00fcn Gece \u00c7ok Gen\u00e7tim\u2019i okuyunca g\u00f6receksiniz; onun kahramanlar\u0131, ya\u015fad\u0131\u011f\u0131m\u0131z kentlerin ara sokaklar\u0131nda her g\u00fcn g\u00f6rd\u00fc\u011f\u00fcm\u00fcz gen\u00e7, d\u00fcnya kadar sorunla bo\u011fu\u015fan insanlar. \u0130\u00e7 d\u00fcnyalar\u0131 da, ya\u015fad\u0131klar\u0131 g\u00fc\u00e7l\u00fckler de alabildi\u011fine tan\u0131d\u0131k. Ama yine de ya\u015fama sevinciyle, \u015fiirle dolular. Onur Aky\u0131l g\u00fc\u00e7l\u00fc, lirik bir anlat\u0131m yakalam\u0131\u015f. G\u00fcncel politik sorunlara de\u011finmekten, sivri dilini kullanmaktan da \u00e7ekinmemi\u015f. <\/p>\n","protected":false},"excerpt":{"rendered":"<p>G\u00f6\u011f\u00fc getirdi biri; toplam\u0131\u015f \u00fc\u015fenmemi\u015f. Neleri varsa serdiler kayalara. Hepsinin gen\u00e7li\u011fi bir deniz, ucunda ayaklar\u0131n\u0131n. Ne g\u00fczel g\u00fcld\u00fcler; uzun, insan dolu g\u00fcld\u00fcler. Her biri yar\u0131nd\u0131; hep<span class=\"excerpt-hellip\"> [\u2026]<\/span><\/p>\n","protected":false},"featured_media":0,"template":"","meta":{"_monsterinsights_skip_tracking":false,"_monsterinsights_sitenote_active":false,"_monsterinsights_sitenote_note":"","_monsterinsights_sitenote_category":0},"product_brand":[],"product_cat":[12291,12292],"product_tag":[],"class_list":{"0":"post-706736","1":"product","2":"type-product","3":"status-publish","5":"product_cat-edebiyat","6":"product_cat-turk-edebiyati","7":"pa_cilt-ciltsiz","8":"pa_tur-kitap","9":"pa_yayinevi-can-yayinlari","10":"pa_yazar-onur-akyil","12":"first","13":"instock","14":"sale","15":"shipping-taxable","16":"purchasable","17":"product-type-simple"},"_links":{"self":[{"href":"https:\/\/roveyayinevi.com.tr\/index.php\/wp-json\/wp\/v2\/product\/706736","targetHints":{"allow":["GET"]}}],"collection":[{"href":"https:\/\/roveyayinevi.com.tr\/index.php\/wp-json\/wp\/v2\/product"}],"about":[{"href":"https:\/\/roveyayinevi.com.tr\/index.php\/wp-json\/wp\/v2\/types\/product"}],"wp:attachment":[{"href":"https:\/\/roveyayinevi.com.tr\/index.php\/wp-json\/wp\/v2\/media?parent=706736"}],"wp:term":[{"taxonomy":"product_brand","embeddable":true,"href":"https:\/\/roveyayinevi.com.tr\/index.php\/wp-json\/wp\/v2\/product_brand?post=706736"},{"taxonomy":"product_cat","embeddable":true,"href":"https:\/\/roveyayinevi.com.tr\/index.php\/wp-json\/wp\/v2\/product_cat?post=706736"},{"taxonomy":"product_tag","embeddable":true,"href":"https:\/\/roveyayinevi.com.tr\/index.php\/wp-json\/wp\/v2\/product_tag?post=706736"}],"curies":[{"name":"wp","href":"https:\/\/api.w.org\/{rel}","templated":true}]}}