{"id":706735,"date":"2025-08-27T15:59:05","date_gmt":"2025-08-27T12:59:05","guid":{"rendered":"https:\/\/roveyayinevi.com.tr\/index.php\/urun\/dunyayi-donduren-kiz\/"},"modified":"2026-04-16T02:15:35","modified_gmt":"2026-04-15T23:15:35","slug":"dunyayi-donduren-kiz","status":"publish","type":"product","link":"https:\/\/roveyayinevi.com.tr\/index.php\/urun\/dunyayi-donduren-kiz\/","title":{"rendered":"D\u00fcnyay\u0131 D\u00f6nd\u00fcren K\u0131z"},"content":{"rendered":"<p>Orman\u0131n kalbine bilinmezlerle dolu bir yolculuk&#8230;Her kasaba kadar i\u015finde g\u00fcc\u00fcnde iki kasabayd\u0131 Herdem taze ve K\u00fcpe\u00e7i\u00e7e\u011fi. Huzurlu bir d\u00fczen, adil bir i\u015f b\u00f6l\u00fcm\u00fc ve \u00e7evreyle uyum i\u00e7inde ya\u015fard\u0131 insanlar\u0131. \u00d6yle san\u0131rlard\u0131, en az\u0131ndan. Derken, bir gece vakti, siyah bir ak\u0131nt\u0131 s\u0131zd\u0131 topra\u011fa. Onu ilk Ay g\u00f6rd\u00fc. Ard\u0131ndan, o dayan\u0131lmaz koku geldi. Onu da ilk Ay koklad\u0131. Ertesi sabah, hi\u00e7bir insan mutlu uyanmad\u0131. Hi\u00e7bir hayvan da bir daha o topraklarda uyanmayacakt\u0131. \u00c7\u00fcnk\u00fc orman\u0131n kalbi hastayd\u0131&#8230;Kimsenin fark etmedi\u011fi karanl\u0131\u011f\u0131 ayd\u0131nlatacak iki \u0131\u015f\u0131\u011f\u0131n, \u0130pek\u2019le Burak\u2019\u0131n yolculu\u011fu da, i\u015fte b\u00f6yle ba\u015flad\u0131&#8230;Roman\u0131nda hem do\u011fadan hem de birbirinden kopmu\u015f insanlara seslenen Asl\u0131 Tohumcu, bir g\u00fcn bir \u015feylerin de\u011fi\u015fip d\u00fczelmesinde \u00e7ocuklar\u0131n rol\u00fcn\u00fcn \u00f6nemini hat\u0131rlat\u0131yor. <\/p>\n","protected":false},"excerpt":{"rendered":"<p>Orman\u0131n kalbine bilinmezlerle dolu bir yolculuk&#8230;Her kasaba kadar i\u015finde g\u00fcc\u00fcnde iki kasabayd\u0131 Herdem taze ve K\u00fcpe\u00e7i\u00e7e\u011fi. Huzurlu bir d\u00fczen, adil bir i\u015f b\u00f6l\u00fcm\u00fc ve \u00e7evreyle uyum<span class=\"excerpt-hellip\"> [\u2026]<\/span><\/p>\n","protected":false},"featured_media":0,"template":"","meta":{"_monsterinsights_skip_tracking":false,"_monsterinsights_sitenote_active":false,"_monsterinsights_sitenote_note":"","_monsterinsights_sitenote_category":0},"product_brand":[],"product_cat":[12275,12274],"product_tag":[],"class_list":{"0":"post-706735","1":"product","2":"type-product","3":"status-publish","5":"product_cat-6-12-yas-kitaplari","6":"product_cat-cocuk-ve-genclik-kitaplari","7":"pa_cilt-ciltsiz","8":"pa_tur-kitap","9":"pa_yayinevi-can-cocuk-yayinlari","10":"pa_yazar-asli-tohumcu","12":"first","13":"instock","14":"sale","15":"shipping-taxable","16":"purchasable","17":"product-type-simple"},"_links":{"self":[{"href":"https:\/\/roveyayinevi.com.tr\/index.php\/wp-json\/wp\/v2\/product\/706735","targetHints":{"allow":["GET"]}}],"collection":[{"href":"https:\/\/roveyayinevi.com.tr\/index.php\/wp-json\/wp\/v2\/product"}],"about":[{"href":"https:\/\/roveyayinevi.com.tr\/index.php\/wp-json\/wp\/v2\/types\/product"}],"wp:attachment":[{"href":"https:\/\/roveyayinevi.com.tr\/index.php\/wp-json\/wp\/v2\/media?parent=706735"}],"wp:term":[{"taxonomy":"product_brand","embeddable":true,"href":"https:\/\/roveyayinevi.com.tr\/index.php\/wp-json\/wp\/v2\/product_brand?post=706735"},{"taxonomy":"product_cat","embeddable":true,"href":"https:\/\/roveyayinevi.com.tr\/index.php\/wp-json\/wp\/v2\/product_cat?post=706735"},{"taxonomy":"product_tag","embeddable":true,"href":"https:\/\/roveyayinevi.com.tr\/index.php\/wp-json\/wp\/v2\/product_tag?post=706735"}],"curies":[{"name":"wp","href":"https:\/\/api.w.org\/{rel}","templated":true}]}}