{"id":706734,"date":"2025-08-27T15:59:05","date_gmt":"2025-08-27T12:59:05","guid":{"rendered":"https:\/\/roveyayinevi.com.tr\/index.php\/urun\/bir-cift-ayak\/"},"modified":"2026-04-16T02:15:35","modified_gmt":"2026-04-15T23:15:35","slug":"bir-cift-ayak","status":"publish","type":"product","link":"https:\/\/roveyayinevi.com.tr\/index.php\/urun\/bir-cift-ayak\/","title":{"rendered":"Bir \u00c7ift Ayak"},"content":{"rendered":"<p>Bir \u00c7ift Ayak, edebiyat okurlar\u0131n\u0131n Yaln\u0131zl\u0131\u011f\u0131n 17 T\u00fcr\u00fc, R\u00fcya Ar\u0131zalar\u0131, D\u00fcnyay\u0131 Seyretmek \u0130\u00e7in Bir Yer ve Ormanda Kaybolmak kitaplar\u0131yla tan\u0131d\u0131\u011f\u0131 Ertu\u011f U\u00e7ar\u2019\u0131n ilk uzun anlat\u0131s\u0131. Ertu\u011f U\u00e7ar deniz fenerlerini mek\u00e2n olarak kulland\u0131\u011f\u0131 nitelikli \u00f6yk\u00fcleriyle dikkat \u00e7ekmi\u015f, \u00f6yk\u00fc d\u00fcnyas\u0131 i\u00e7inde kendine \u00f6zel bir alan a\u00e7m\u0131\u015ft\u0131.Bir \u00c7ift Ayak\u2019ta d\u00fcnyaya bir dairenin penceresinden bak\u0131yoruz. Anlat\u0131c\u0131, y\u00fcksek yap\u0131 bloklar\u0131n\u0131n \u015fehrin karakterini belirledi\u011fi g\u00fcnlerde, yak\u0131n gelecekte, belki de bug\u00fcn \u0130stanbul\u2019da ya\u015famaktad\u0131r. Otuz alt\u0131nc\u0131 kattaki dairesinin penceresinden s\u0131n\u0131rlar\u0131 silikle\u015fmi\u015f \u015fehri, uzak bir bilimkurgu imaj gibi seyreder. Bir g\u00fcn salonunun duvar\u0131nda s\u0131radan g\u00f6r\u00fcnen bir \u00e7atla\u011fa rastlar. Ke\u015ffedeceklerinin hayat\u0131n\u0131 de\u011fi\u015ftirme g\u00fcc\u00fc olaca\u011f\u0131n\u0131 bilmeyen anlat\u0131c\u0131 kahraman\u0131m\u0131z \u0131srarla bu \u00e7atla\u011f\u0131 takip edecektir. Bir \u00c7ift Ayak, estetik g\u00fcc\u00fc y\u00fcksek, d\u00fc\u015f\u00fcnsel arka plan\u0131 yo\u011fun bir anlat\u0131. <\/p>\n","protected":false},"excerpt":{"rendered":"<p>Bir \u00c7ift Ayak, edebiyat okurlar\u0131n\u0131n Yaln\u0131zl\u0131\u011f\u0131n 17 T\u00fcr\u00fc, R\u00fcya Ar\u0131zalar\u0131, D\u00fcnyay\u0131 Seyretmek \u0130\u00e7in Bir Yer ve Ormanda Kaybolmak kitaplar\u0131yla tan\u0131d\u0131\u011f\u0131 Ertu\u011f U\u00e7ar\u2019\u0131n ilk uzun anlat\u0131s\u0131. Ertu\u011f<span class=\"excerpt-hellip\"> [\u2026]<\/span><\/p>\n","protected":false},"featured_media":0,"template":"","meta":{"_monsterinsights_skip_tracking":false,"_monsterinsights_sitenote_active":false,"_monsterinsights_sitenote_note":"","_monsterinsights_sitenote_category":0},"product_brand":[],"product_cat":[12291,12292],"product_tag":[],"class_list":{"0":"post-706734","1":"product","2":"type-product","3":"status-publish","5":"product_cat-edebiyat","6":"product_cat-turk-edebiyati","7":"pa_cilt-ciltsiz","8":"pa_tur-kitap","9":"pa_yayinevi-can-yayinlari","10":"pa_yazar-ertug-ucar","12":"first","13":"instock","14":"sale","15":"shipping-taxable","16":"purchasable","17":"product-type-simple"},"_links":{"self":[{"href":"https:\/\/roveyayinevi.com.tr\/index.php\/wp-json\/wp\/v2\/product\/706734","targetHints":{"allow":["GET"]}}],"collection":[{"href":"https:\/\/roveyayinevi.com.tr\/index.php\/wp-json\/wp\/v2\/product"}],"about":[{"href":"https:\/\/roveyayinevi.com.tr\/index.php\/wp-json\/wp\/v2\/types\/product"}],"wp:attachment":[{"href":"https:\/\/roveyayinevi.com.tr\/index.php\/wp-json\/wp\/v2\/media?parent=706734"}],"wp:term":[{"taxonomy":"product_brand","embeddable":true,"href":"https:\/\/roveyayinevi.com.tr\/index.php\/wp-json\/wp\/v2\/product_brand?post=706734"},{"taxonomy":"product_cat","embeddable":true,"href":"https:\/\/roveyayinevi.com.tr\/index.php\/wp-json\/wp\/v2\/product_cat?post=706734"},{"taxonomy":"product_tag","embeddable":true,"href":"https:\/\/roveyayinevi.com.tr\/index.php\/wp-json\/wp\/v2\/product_tag?post=706734"}],"curies":[{"name":"wp","href":"https:\/\/api.w.org\/{rel}","templated":true}]}}