{"id":706732,"date":"2025-08-27T15:59:04","date_gmt":"2025-08-27T12:59:04","guid":{"rendered":"https:\/\/roveyayinevi.com.tr\/index.php\/urun\/suronu-diyaloglari\/"},"modified":"2026-04-16T02:15:35","modified_gmt":"2026-04-15T23:15:35","slug":"suronu-diyaloglari","status":"publish","type":"product","link":"https:\/\/roveyayinevi.com.tr\/index.php\/urun\/suronu-diyaloglari\/","title":{"rendered":"Sur\u00f6n\u00fc Diyaloglar\u0131"},"content":{"rendered":"<p>Ya\u015famakta oldu\u011fumuz ac\u0131l\u0131 g\u00fcnlerde, Diyarbak\u0131r Sur\u00f6n\u00fc\u2019nde bir tan\u0131kl\u0131k, y\u00fczle\u015fme ve kendimizle hesapla\u015fma denemesi&#8230; Bat\u0131\u2019dan gelen T\u00fcrk\u2019\u00fcn bak\u0131\u015f\u0131 ile yak\u0131l\u0131p y\u0131k\u0131lm\u0131\u015f b\u00f6lge insan\u0131n\u0131n i\u00e7eriden bak\u0131\u015f\u0131n\u0131n dramatik kar\u015f\u0131la\u015fmas\u0131. \u201cHendek\u00e7i \u00e7ocuklar\u0131 hendeklerin arkas\u0131ndan \u00e7\u0131kar\u0131p \u00f6n\u00fcne ge\u00e7irmek i\u00e7in ne yapt\u0131k? Onlara e\u015fit ve \u00f6zg\u00fcr ya\u015fayacaklar\u0131 bir \u00fclke verebildik mi?\u201d sorusuna cesur ve i\u00e7ten bir cevap aray\u0131\u015f\u0131.Her \u00f6l\u00fcm\u00fcn bizi birbirimizden biraz daha uzakla\u015ft\u0131rd\u0131\u011f\u0131 bu sava\u015f g\u00fcnlerinde, Oya Baydar bar\u0131\u015f\u0131 neden bir kez daha \u0131skalad\u0131\u011f\u0131m\u0131z\u0131 iki tarafa da soruyor.Siyaseti a\u015fan, y\u00fcrekten gelen, duygularla \u00f6r\u00fclm\u00fc\u015f bir bar\u0131\u015f \u00e7\u0131\u011fl\u0131\u011f\u0131&#8230; <\/p>\n","protected":false},"excerpt":{"rendered":"<p>Ya\u015famakta oldu\u011fumuz ac\u0131l\u0131 g\u00fcnlerde, Diyarbak\u0131r Sur\u00f6n\u00fc\u2019nde bir tan\u0131kl\u0131k, y\u00fczle\u015fme ve kendimizle hesapla\u015fma denemesi&#8230; Bat\u0131\u2019dan gelen T\u00fcrk\u2019\u00fcn bak\u0131\u015f\u0131 ile yak\u0131l\u0131p y\u0131k\u0131lm\u0131\u015f b\u00f6lge insan\u0131n\u0131n i\u00e7eriden bak\u0131\u015f\u0131n\u0131n dramatik kar\u015f\u0131la\u015fmas\u0131.<span class=\"excerpt-hellip\"> [\u2026]<\/span><\/p>\n","protected":false},"featured_media":0,"template":"","meta":{"_monsterinsights_skip_tracking":false,"_monsterinsights_sitenote_active":false,"_monsterinsights_sitenote_note":"","_monsterinsights_sitenote_category":0},"product_brand":[],"product_cat":[12777,12291],"product_tag":[],"class_list":{"0":"post-706732","1":"product","2":"type-product","3":"status-publish","5":"product_cat-deneme","6":"product_cat-edebiyat","7":"pa_cilt-ciltsiz","8":"pa_tur-kitap","9":"pa_yayinevi-can-yayinlari","10":"pa_yazar-oya-baydar","12":"first","13":"instock","14":"sale","15":"shipping-taxable","16":"purchasable","17":"product-type-simple"},"_links":{"self":[{"href":"https:\/\/roveyayinevi.com.tr\/index.php\/wp-json\/wp\/v2\/product\/706732","targetHints":{"allow":["GET"]}}],"collection":[{"href":"https:\/\/roveyayinevi.com.tr\/index.php\/wp-json\/wp\/v2\/product"}],"about":[{"href":"https:\/\/roveyayinevi.com.tr\/index.php\/wp-json\/wp\/v2\/types\/product"}],"wp:attachment":[{"href":"https:\/\/roveyayinevi.com.tr\/index.php\/wp-json\/wp\/v2\/media?parent=706732"}],"wp:term":[{"taxonomy":"product_brand","embeddable":true,"href":"https:\/\/roveyayinevi.com.tr\/index.php\/wp-json\/wp\/v2\/product_brand?post=706732"},{"taxonomy":"product_cat","embeddable":true,"href":"https:\/\/roveyayinevi.com.tr\/index.php\/wp-json\/wp\/v2\/product_cat?post=706732"},{"taxonomy":"product_tag","embeddable":true,"href":"https:\/\/roveyayinevi.com.tr\/index.php\/wp-json\/wp\/v2\/product_tag?post=706732"}],"curies":[{"name":"wp","href":"https:\/\/api.w.org\/{rel}","templated":true}]}}