{"id":706731,"date":"2025-08-27T15:59:03","date_gmt":"2025-08-27T12:59:03","guid":{"rendered":"https:\/\/roveyayinevi.com.tr\/index.php\/urun\/kir-evinde-ikamet\/"},"modified":"2026-04-16T02:15:35","modified_gmt":"2026-04-15T23:15:35","slug":"kir-evinde-ikamet","status":"publish","type":"product","link":"https:\/\/roveyayinevi.com.tr\/index.php\/urun\/kir-evinde-ikamet\/","title":{"rendered":"K\u0131r Evinde \u0130kamet"},"content":{"rendered":"<p>Be\u015f yazar ve bir ressama ili\u015fkin sanat\u00e7\u0131 portrelerinin yer ald\u0131\u011f\u0131 K\u0131r Evinde \u0130kamet, W.G. Sebald\u2019in edebiyat bilimci kimli\u011fini yak\u0131ndan tan\u0131mam\u0131za olanak sunar. Johann Peter Hebel, Gottfried Keller, Robert Walser, Jean-Jacques Rousseau, Eduard M\u00f6rike\u2019nin ve Sebald\u2019in yak\u0131n dostu ressam Jan Peter Tripp\u2019in incelendi\u011fi metinlerde; bir yandan sanat\u00e7\u0131lar\u0131n, i\u00e7inde bulunduklar\u0131 k\u00fclt\u00fcrel iklimin \u0131\u015f\u0131\u011f\u0131nda biyografik izleri s\u00fcr\u00fcl\u00fcrken di\u011fer yandan da yazma eylemiyle, sanatla kurduklar\u0131 ili\u015fki sorunsalla\u015ft\u0131r\u0131l\u0131r. Sebald, merce\u011fini y\u00f6neltti\u011fi sanat\u00e7\u0131larda yaln\u0131zl\u0131\u011f\u0131 g\u00f6r\u00fcr: Her biri bir \u015fekilde toplumun d\u0131\u015f\u0131nda konumlanm\u0131\u015ft\u0131r; yaln\u0131zl\u0131\u011f\u0131 se\u00e7mi\u015f veya se\u00e7mek zorunda b\u0131rak\u0131lm\u0131\u015flar ve \u2013kimi zaman bir illete d\u00f6n\u00fc\u015fen\u2013 yaz\u0131ya s\u0131\u011f\u0131nm\u0131\u015flard\u0131r. Metinlerinde bu yazma ba\u011f\u0131ml\u0131l\u0131\u011f\u0131n\u0131 oda\u011f\u0131na alan Sebald, biyografi, edebiyat incelemesi ve denemeyi harmanlayarak bir \u00e7e\u015fit ruh karde\u015fli\u011fi kurdu\u011fu yazarlar\u0131 yeniden okur. <\/p>\n","protected":false},"excerpt":{"rendered":"<p>Be\u015f yazar ve bir ressama ili\u015fkin sanat\u00e7\u0131 portrelerinin yer ald\u0131\u011f\u0131 K\u0131r Evinde \u0130kamet, W.G. Sebald\u2019in edebiyat bilimci kimli\u011fini yak\u0131ndan tan\u0131mam\u0131za olanak sunar. Johann Peter Hebel, Gottfried<span class=\"excerpt-hellip\"> [\u2026]<\/span><\/p>\n","protected":false},"featured_media":0,"template":"","meta":{"_monsterinsights_skip_tracking":false,"_monsterinsights_sitenote_active":false,"_monsterinsights_sitenote_note":"","_monsterinsights_sitenote_category":0},"product_brand":[],"product_cat":[12777,12291],"product_tag":[],"class_list":{"0":"post-706731","1":"product","2":"type-product","3":"status-publish","5":"product_cat-deneme","6":"product_cat-edebiyat","7":"pa_cilt-ciltsiz","8":"pa_tur-kitap","9":"pa_yayinevi-can-yayinlari","10":"pa_yazar-w-g-sebald","12":"first","13":"instock","14":"sale","15":"shipping-taxable","16":"purchasable","17":"product-type-simple"},"_links":{"self":[{"href":"https:\/\/roveyayinevi.com.tr\/index.php\/wp-json\/wp\/v2\/product\/706731","targetHints":{"allow":["GET"]}}],"collection":[{"href":"https:\/\/roveyayinevi.com.tr\/index.php\/wp-json\/wp\/v2\/product"}],"about":[{"href":"https:\/\/roveyayinevi.com.tr\/index.php\/wp-json\/wp\/v2\/types\/product"}],"wp:attachment":[{"href":"https:\/\/roveyayinevi.com.tr\/index.php\/wp-json\/wp\/v2\/media?parent=706731"}],"wp:term":[{"taxonomy":"product_brand","embeddable":true,"href":"https:\/\/roveyayinevi.com.tr\/index.php\/wp-json\/wp\/v2\/product_brand?post=706731"},{"taxonomy":"product_cat","embeddable":true,"href":"https:\/\/roveyayinevi.com.tr\/index.php\/wp-json\/wp\/v2\/product_cat?post=706731"},{"taxonomy":"product_tag","embeddable":true,"href":"https:\/\/roveyayinevi.com.tr\/index.php\/wp-json\/wp\/v2\/product_tag?post=706731"}],"curies":[{"name":"wp","href":"https:\/\/api.w.org\/{rel}","templated":true}]}}