{"id":706729,"date":"2025-08-27T15:59:02","date_gmt":"2025-08-27T12:59:02","guid":{"rendered":"https:\/\/roveyayinevi.com.tr\/index.php\/urun\/gercek-hesap-bu\/"},"modified":"2026-04-16T02:15:35","modified_gmt":"2026-04-15T23:15:35","slug":"gercek-hesap-bu","status":"publish","type":"product","link":"https:\/\/roveyayinevi.com.tr\/index.php\/urun\/gercek-hesap-bu\/","title":{"rendered":"Ger\u00e7ek Hesap Bu!"},"content":{"rendered":"<p>Ger\u00e7ek hesap bu\u2026S\u00f6ze gerek var m\u0131?\u201cKendi hik\u00e2yelerimizi anlatal\u0131m, ger\u00e7ekleri bizim gibi ya\u015fayanlar\u0131 da anlatmak laz\u0131m.\u201d\u201cGer\u00e7ekten istedi\u011fim \u015feyleri yapmak, ger\u00e7ekten istedi\u011fim yerde, ger\u00e7ekten istediklerimle zaman\u0131m\u0131 de\u011ferlendirmek. Tek iste\u011fim ve halihaz\u0131rda yapt\u0131\u011f\u0131m \u015fey bu.\u201dS\u00f6ze gerek var.Ger\u00e7ek hesap bu! <\/p>\n","protected":false},"excerpt":{"rendered":"<p>Ger\u00e7ek hesap bu\u2026S\u00f6ze gerek var m\u0131?\u201cKendi hik\u00e2yelerimizi anlatal\u0131m, ger\u00e7ekleri bizim gibi ya\u015fayanlar\u0131 da anlatmak laz\u0131m.\u201d\u201cGer\u00e7ekten istedi\u011fim \u015feyleri yapmak, ger\u00e7ekten istedi\u011fim yerde, ger\u00e7ekten istediklerimle zaman\u0131m\u0131 de\u011ferlendirmek. Tek<span class=\"excerpt-hellip\"> [\u2026]<\/span><\/p>\n","protected":false},"featured_media":0,"template":"","meta":{"_monsterinsights_skip_tracking":false,"_monsterinsights_sitenote_active":false,"_monsterinsights_sitenote_note":"","_monsterinsights_sitenote_category":0},"product_brand":[],"product_cat":[18545,12291],"product_tag":[],"class_list":{"0":"post-706729","1":"product","2":"type-product","3":"status-publish","5":"product_cat-anlati","6":"product_cat-edebiyat","7":"pa_cilt-ciltsiz","8":"pa_tur-kitap","9":"pa_yayinevi-can-yayinlari","10":"pa_yazar-nejat-isler","12":"first","13":"instock","14":"sale","15":"shipping-taxable","16":"purchasable","17":"product-type-simple"},"_links":{"self":[{"href":"https:\/\/roveyayinevi.com.tr\/index.php\/wp-json\/wp\/v2\/product\/706729","targetHints":{"allow":["GET"]}}],"collection":[{"href":"https:\/\/roveyayinevi.com.tr\/index.php\/wp-json\/wp\/v2\/product"}],"about":[{"href":"https:\/\/roveyayinevi.com.tr\/index.php\/wp-json\/wp\/v2\/types\/product"}],"wp:attachment":[{"href":"https:\/\/roveyayinevi.com.tr\/index.php\/wp-json\/wp\/v2\/media?parent=706729"}],"wp:term":[{"taxonomy":"product_brand","embeddable":true,"href":"https:\/\/roveyayinevi.com.tr\/index.php\/wp-json\/wp\/v2\/product_brand?post=706729"},{"taxonomy":"product_cat","embeddable":true,"href":"https:\/\/roveyayinevi.com.tr\/index.php\/wp-json\/wp\/v2\/product_cat?post=706729"},{"taxonomy":"product_tag","embeddable":true,"href":"https:\/\/roveyayinevi.com.tr\/index.php\/wp-json\/wp\/v2\/product_tag?post=706729"}],"curies":[{"name":"wp","href":"https:\/\/api.w.org\/{rel}","templated":true}]}}