{"id":706725,"date":"2025-08-27T15:59:00","date_gmt":"2025-08-27T12:59:00","guid":{"rendered":"https:\/\/roveyayinevi.com.tr\/index.php\/urun\/ogle-yemekleri\/"},"modified":"2026-04-16T02:15:35","modified_gmt":"2026-04-15T23:15:35","slug":"ogle-yemekleri","status":"publish","type":"product","link":"https:\/\/roveyayinevi.com.tr\/index.php\/urun\/ogle-yemekleri\/","title":{"rendered":"\u00d6\u011fle Yemekleri"},"content":{"rendered":"<p>\u201cBunak erkek ve kad\u0131nlardan bahsediyorum,\u201d dedi rahip yard\u0131mc\u0131s\u0131 \u00e7abucak. \u201cYersiz yurtsuz, yorgun insanlardan. G\u00fcn boyu Bogot\u00e1\u2019n\u0131n d\u00f6rt bir yan\u0131nda ama\u00e7s\u0131zca dolanan tiplerden. Dehlizlerde uyuyanlardan. Peder Almida\u2019n\u0131n mesajlar\u0131n\u0131 dinlemek istemiyorlar. Yine de ara s\u0131ra onlara b\u00fct\u00fcn bu mesajlar\u0131 okuyorum. Sadece \u00f6\u011fle yeme\u011fi yemek istiyorlar, hepsi bu. Ve uyumak. Hi\u00e7bir \u015feyle ilgilenmiyorlar. Yaln\u0131zca tabaklar\u0131n\u0131n pe\u015findeler.\u201dMuhta\u00e7lara her g\u00fcn \u00f6\u011fle yeme\u011fi haz\u0131rlay\u0131p da\u011f\u0131tan bir kilise. Kilisenin \u00f6n\u00fcnde biriken kuyruklar. Herkes i\u00e7eri dolu\u015fuyor. Kilisenin kamburu Tancredo kan ter i\u00e7inde masadan masaya ko\u015fuyor. Birka\u00e7 g\u00fcn sonra ya\u015fanacaklardan habersiz. Pederin acilen kiliseden ayr\u0131lmas\u0131 gerekince pazar ayinini ilk kez ba\u015fka bir peder yapacak ve kilise birer birer f\u0131s\u0131ldayacak s\u0131rlar\u0131n\u0131.Kolombiyal\u0131 yazar Evelio Rosero, \u00d6\u011fle Yemekleri\u2019nde sadece kutsal\u0131 kutsalla\u015ft\u0131ran\u0131 de\u011fil, kutsal\u0131n kendisini de g\u00fcnah \u00e7\u0131karmaya davet ediyor. <\/p>\n","protected":false},"excerpt":{"rendered":"<p>\u201cBunak erkek ve kad\u0131nlardan bahsediyorum,\u201d dedi rahip yard\u0131mc\u0131s\u0131 \u00e7abucak. \u201cYersiz yurtsuz, yorgun insanlardan. G\u00fcn boyu Bogot\u00e1\u2019n\u0131n d\u00f6rt bir yan\u0131nda ama\u00e7s\u0131zca dolanan tiplerden. Dehlizlerde uyuyanlardan. Peder Almida\u2019n\u0131n<span class=\"excerpt-hellip\"> [\u2026]<\/span><\/p>\n","protected":false},"featured_media":0,"template":"","meta":{"_monsterinsights_skip_tracking":false,"_monsterinsights_sitenote_active":false,"_monsterinsights_sitenote_note":"","_monsterinsights_sitenote_category":0},"product_brand":[],"product_cat":[12291,13113],"product_tag":[],"class_list":{"0":"post-706725","1":"product","2":"type-product","3":"status-publish","5":"product_cat-edebiyat","6":"product_cat-ispanyol-edebiyati","7":"pa_cilt-ciltsiz","8":"pa_tur-kitap","9":"pa_yayinevi-can-yayinlari","10":"pa_yazar-evelio-rosero","12":"first","13":"instock","14":"sale","15":"shipping-taxable","16":"purchasable","17":"product-type-simple"},"_links":{"self":[{"href":"https:\/\/roveyayinevi.com.tr\/index.php\/wp-json\/wp\/v2\/product\/706725","targetHints":{"allow":["GET"]}}],"collection":[{"href":"https:\/\/roveyayinevi.com.tr\/index.php\/wp-json\/wp\/v2\/product"}],"about":[{"href":"https:\/\/roveyayinevi.com.tr\/index.php\/wp-json\/wp\/v2\/types\/product"}],"wp:attachment":[{"href":"https:\/\/roveyayinevi.com.tr\/index.php\/wp-json\/wp\/v2\/media?parent=706725"}],"wp:term":[{"taxonomy":"product_brand","embeddable":true,"href":"https:\/\/roveyayinevi.com.tr\/index.php\/wp-json\/wp\/v2\/product_brand?post=706725"},{"taxonomy":"product_cat","embeddable":true,"href":"https:\/\/roveyayinevi.com.tr\/index.php\/wp-json\/wp\/v2\/product_cat?post=706725"},{"taxonomy":"product_tag","embeddable":true,"href":"https:\/\/roveyayinevi.com.tr\/index.php\/wp-json\/wp\/v2\/product_tag?post=706725"}],"curies":[{"name":"wp","href":"https:\/\/api.w.org\/{rel}","templated":true}]}}