{"id":706724,"date":"2025-08-27T15:58:59","date_gmt":"2025-08-27T12:58:59","guid":{"rendered":"https:\/\/roveyayinevi.com.tr\/index.php\/urun\/mor-cepken\/"},"modified":"2026-04-16T02:15:35","modified_gmt":"2026-04-15T23:15:35","slug":"mor-cepken","status":"publish","type":"product","link":"https:\/\/roveyayinevi.com.tr\/index.php\/urun\/mor-cepken\/","title":{"rendered":"Mor Cepken"},"content":{"rendered":"<p>\u00d6yk\u00fcc\u00fcl\u00fc\u011f\u00fcm\u00fcz\u00fcn usta kalemi Osman \u015eahin, Anadolu\u2019nun sesini, ac\u0131s\u0131n\u0131, sevincini ta\u015f\u0131yan yeni \u00f6yk\u00fcleriyle okurumuzun kar\u015f\u0131s\u0131nda. Mor Cepken\u2019i \u201co g\u00fczel insanlar\u201d\u0131n yitip gitmekte olan d\u00fcnyas\u0131na bir a\u011f\u0131t olarak okuyabilirsiniz.Osman, sen bug\u00fcne kadar \u00e7ok g\u00fczel hik\u00e2yeler yazd\u0131n. Toros Da\u011flar\u0131\u2019n\u0131n sesini, r\u00fczg\u00e2r\u0131n\u0131 yazd\u0131n. Bekir Y\u0131ld\u0131z\u2019dan farkl\u0131 olarak F\u0131rat\u2019\u0131 yazd\u0131n. O F\u0131rat ki, insanlar\u0131 gibi \u00f6fkeli, delidolu akan bir sudur. Onu yazmak her yi\u011fidin kar\u0131 de\u011fildir. Kollar\u0131 Ba\u011fl\u0131 Do\u011fan\u2019da bu \u00fclkenin insanlar\u0131na, sana yap\u0131lan i\u015fkenceleri, bu d\u00fczenin \u201ci\u015fkence h\u00fccreleri\u201dni yazd\u0131n. (\u2026) Osman, hik\u00e2yenin namusu, onuru her \u015feyden fazlad\u0131r. \u00c7\u00fcnk\u00fc kal\u0131c\u0131 olan budur. Yazar\u0131n paras\u0131 pulu yoktur ama kaleminin namusu, \u015ferefi, haysiyeti vard\u0131r. Sen ne yapt\u0131n? \u0130ki sayfa roman ele\u015ftiri yaz\u0131n y\u00fcz\u00fcnden aylarca hapis yatt\u0131n. Burjuvalar baz\u0131 yazarlar\u0131m\u0131zdan daha iyi biliyorlar iki sayfal\u0131k yaz\u0131n\u0131n namusunu\u2026 Bundan b\u00f6yle yazacaklar\u0131na dikkat et; kaleminin ucunu, bu topraklar\u0131n ileriye d\u00f6n\u00fck ger\u00e7e\u011finden sak\u0131n ay\u0131rma!Yi\u011fit karde\u015fim, halk\u0131m\u0131n yi\u011fit o\u011flu Osman \u015eahin, g\u00f6zlerinden \u00f6perim.Ahmed Arif<\/p>\n","protected":false},"excerpt":{"rendered":"<p>\u00d6yk\u00fcc\u00fcl\u00fc\u011f\u00fcm\u00fcz\u00fcn usta kalemi Osman \u015eahin, Anadolu\u2019nun sesini, ac\u0131s\u0131n\u0131, sevincini ta\u015f\u0131yan yeni \u00f6yk\u00fcleriyle okurumuzun kar\u015f\u0131s\u0131nda. Mor Cepken\u2019i \u201co g\u00fczel insanlar\u201d\u0131n yitip gitmekte olan d\u00fcnyas\u0131na bir a\u011f\u0131t olarak<span class=\"excerpt-hellip\"> [\u2026]<\/span><\/p>\n","protected":false},"featured_media":0,"template":"","meta":{"_monsterinsights_skip_tracking":false,"_monsterinsights_sitenote_active":false,"_monsterinsights_sitenote_note":"","_monsterinsights_sitenote_category":0},"product_brand":[],"product_cat":[12291,12711],"product_tag":[],"class_list":{"0":"post-706724","1":"product","2":"type-product","3":"status-publish","5":"product_cat-edebiyat","6":"product_cat-roman-oyku","7":"pa_cilt-ciltsiz","8":"pa_tur-kitap","9":"pa_yayinevi-can-yayinlari","10":"pa_yazar-osman-sahin","12":"first","13":"instock","14":"sale","15":"shipping-taxable","16":"purchasable","17":"product-type-simple"},"_links":{"self":[{"href":"https:\/\/roveyayinevi.com.tr\/index.php\/wp-json\/wp\/v2\/product\/706724","targetHints":{"allow":["GET"]}}],"collection":[{"href":"https:\/\/roveyayinevi.com.tr\/index.php\/wp-json\/wp\/v2\/product"}],"about":[{"href":"https:\/\/roveyayinevi.com.tr\/index.php\/wp-json\/wp\/v2\/types\/product"}],"wp:attachment":[{"href":"https:\/\/roveyayinevi.com.tr\/index.php\/wp-json\/wp\/v2\/media?parent=706724"}],"wp:term":[{"taxonomy":"product_brand","embeddable":true,"href":"https:\/\/roveyayinevi.com.tr\/index.php\/wp-json\/wp\/v2\/product_brand?post=706724"},{"taxonomy":"product_cat","embeddable":true,"href":"https:\/\/roveyayinevi.com.tr\/index.php\/wp-json\/wp\/v2\/product_cat?post=706724"},{"taxonomy":"product_tag","embeddable":true,"href":"https:\/\/roveyayinevi.com.tr\/index.php\/wp-json\/wp\/v2\/product_tag?post=706724"}],"curies":[{"name":"wp","href":"https:\/\/api.w.org\/{rel}","templated":true}]}}